{"id":10547,"date":"2016-04-26T21:14:12","date_gmt":"2016-04-26T18:14:12","guid":{"rendered":"http:\/\/www.rukajarvensuunnanhistoriayhdistys.fi\/historiayhdistys\/?page_id=10547"},"modified":"2016-04-27T15:35:32","modified_gmt":"2016-04-27T12:35:32","slug":"epookki-fi","status":"publish","type":"page","link":"http:\/\/www.rukajarvensuunnanhistoriayhdistys.fi\/historiayhdistys\/epookki-fi\/","title":{"rendered":"Epookki.fi"},"content":{"rendered":"<div class=\"fcbkbttn_buttons_block\" id=\"fcbkbttn_left\"><div class=\"fcbkbttn_like \"><fb:like href=\"http:\/\/www.rukajarvensuunnanhistoriayhdistys.fi\/historiayhdistys\/epookki-fi\/\" action=\"like\" colorscheme=\"light\" layout=\"button_count\"  size=\"small\"><\/fb:like><\/div><\/div><p>Epookki.fi on Rukaj\u00e4rven suunnan historiayhdistyksen j\u00e4senill\u00e4 k\u00e4yt\u00f6ss\u00e4\u00e4n oleva s\u00e4hk\u00f6inen palvelu, jossa heid\u00e4n k\u00e4ytt\u00f6\u00f6ns\u00e4 jaetaan ker\u00e4tty\u00e4 perinneaineistoa, kuten kuvia, muistelmia, taistelukertomuksia jne. Palvelun k\u00e4ytt\u00f6 edellytt\u00e4\u00e4 yhdistyksen j\u00e4senyytt\u00e4. J\u00e4senet voivat hakea siihen k\u00e4ytt\u00f6oikeuksia, jolloin he p\u00e4\u00e4sev\u00e4t tallentamaan ker\u00e4\u00e4m\u00e4\u00e4ns\u00e4 aineistoa ja katselemaan muiden tallentamia tietoja.<\/p>\n<p>Lis\u00e4ksi jokainen <a href=\"http:\/\/www.epookki.fi\/\">epookki.fi<\/a> -sivustolle rekister\u00f6itynyt voi tallentaa tietoa sivuston pit\u00e4j\u00e4n julkiseen osaan. Rukaj\u00e4rven suunnan historiayhdistys -nimell\u00e4 olevaan perinnearkistoon voivat tallentaa vain j\u00e4senhakemuksen ja oheisen k\u00e4ytt\u00e4j\u00e4tunnuksen saaneet henkil\u00f6t. Perinnearkiston k\u00e4ytt\u00e4j\u00e4tunnukset my\u00f6nt\u00e4\u00e4 hakemuksesta (liite) RSHY ry:n hallitus. Lis\u00e4ksi tietoa voi tallentaa k\u00e4ytt\u00f6rajoituksen alaiseen arkistoon, joka ei ole julkinen. Tiedon luovuttaja m\u00e4\u00e4r\u00e4\u00e4 k\u00e4ytt\u00f6rajoituksesta. K\u00e4ytt\u00f6rajoituksen alaisen tiedon j\u00e4rjestelm\u00e4\u00e4n tallentaa vain RSHY ry:n hallituksen valtuuttama henkil\u00f6.<\/p>\n<p>T\u00e4h\u00e4n sivustoon tallennettua tietoa on Rukaj\u00e4rven suunnan historiayhdistyksell\u00e4 sen j\u00e4senill\u00e4 ja k\u00e4ytt\u00e4j\u00e4tunnuksen saaneilla henkil\u00f6ill\u00e4, oikeus k\u00e4ytt\u00e4\u00e4 vapaasti yhdistyksen ja j\u00e4senten julkaisemissa teoksissa, kirjoissa ja \u00e4\u00e4nitteiss\u00e4. Vain k\u00e4ytt\u00f6rajoituksen alainen tieto tekee em. p\u00e4\u00e4s\u00e4\u00e4nn\u00f6st\u00e4 poikkeuksen.<\/p>\n<p><a href=\"http:\/\/www.epookki.fi\/\">RSHYry:n Epookki.fi<\/a> -sivuston k\u00e4ytt\u00f6oikeus my\u00f6nnet\u00e4\u00e4n vain yhdistyksen j\u00e4senmaksun suorittaneille j\u00e4senille. T\u00e4st\u00e4 syyst\u00e4 Epookki.fi -tietoj\u00e4rjestelm\u00e4n k\u00e4ytt\u00f6oikeushakemus on kaksivaiheinen.<\/p>\n<p>1) Liity ensin j\u00e4seneksi,<br \/>\nLinkki: <a href=\"http:\/\/www.rukajarvensuunnanhistoriayhdistys.fi\/historiayhdistys\/liity-jaseneksi\/\"><strong>http:\/\/www.rukajarvensuunnanhistoriayhdistys.fi\/historiayhdistys\/liity-jaseneksi\/<\/strong><\/a><\/p>\n<p>2) J\u00e4senmaksun suorittanut j\u00e4sen voi hakea <a href=\"http:\/\/www.epookki.fi\/\">Epookki.fi<\/a> -tietoj\u00e4rjestelm\u00e4n k\u00e4ytt\u00f6oikeutta (Lomake oheisena). T\u00e4m\u00e4n hakemuksen voi tehd\u00e4 heti j\u00e4senhakemuksen l\u00e4hett\u00e4misen j\u00e4lkeen.<\/p>\n<p>Hakemukset v\u00e4litet\u00e4\u00e4n t\u00e4m\u00e4n j\u00e4rjestelm\u00e4n kautta suoraan yhdistyksen toimihenkil\u00f6ille, joka my\u00f6nt\u00e4\u00e4 <a href=\"http:\/\/www.epookki.fi\/\">Epookki.fi<\/a> -sivuston k\u00e4ytt\u00e4j\u00e4tunnuksen. Tieto k\u00e4ytt\u00e4j\u00e4tunnuksesta v\u00e4litet\u00e4\u00e4n hakemuksen tehneelle henkil\u00f6lle h\u00e4nen ilmoittamaansa s\u00e4hk\u00f6postiosoitteeseen.<\/p>\n<p>Henkil\u00f6tietolain mukaisesta rekisterist\u00e4 vastaa <a href=\"http:\/\/www.oppi.fi\">Oppifi Oy<\/a>, joka hallinnoi epookki.fi -sivustoa.<\/p>\n<p style=\"margin-bottom: 5.95pt;\"><strong><span style=\"font-size: 13.5pt; color: black;\">Epookki.fi-sivuston: <\/span><\/strong><\/p>\n<p style=\"margin-bottom: 5.95pt;\"><span style=\"font-size: 13.5pt; color: black;\">Rekisteriseloste: <a href=\"http:\/\/www.epookki.fi\/terms\/privacy_policy.jsp\">http:\/\/www.epookki.fi\/terms\/privacy_policy.jsp<\/a><\/span><\/p>\n<p style=\"margin-bottom: 5.95pt;\"><span style=\"font-size: 13.5pt; color: black;\">K\u00e4ytt\u00f6ehdot: <a href=\"http:\/\/www.epookki.fi\/terms\/termsOfUsage.jsp\">http:\/\/www.epookki.fi\/terms\/termsOfUsage.jsp<\/a><\/span><\/p>\n<p style=\"margin-bottom: 5.95pt;\"><span style=\"font-size: 13.5pt; color: black;\">Ilmoitusmenettely:<\/span> <a href=\"http:\/\/www.epookki.fi\/terms\/complaint_policy.jsp\"><span style=\"font-size: 13.5pt; color: black;\">http:\/\/www.epookki.fi\/terms\/complaint_policy.jsp<\/span><\/a><\/p>\n","protected":false},"excerpt":{"rendered":"<p>Epookki.fi on Rukaj\u00e4rven suunnan historiayhdistyksen j\u00e4senill\u00e4 k\u00e4yt\u00f6ss\u00e4\u00e4n oleva s\u00e4hk\u00f6inen palvelu, jossa heid\u00e4n k\u00e4ytt\u00f6\u00f6ns\u00e4 jaetaan ker\u00e4tty\u00e4 perinneaineistoa, kuten kuvia, muistelmia, taistelukertomuksia jne. Palvelun k\u00e4ytt\u00f6 edellytt\u00e4\u00e4 yhdistyksen j\u00e4senyytt\u00e4. J\u00e4senet voivat hakea siihen <a class=\"more-link\" href=\"http:\/\/www.rukajarvensuunnanhistoriayhdistys.fi\/historiayhdistys\/epookki-fi\/\">Teksti jatkuu&#8230;<span class=\"screen-reader-text\">Epookki.fi<\/span><span class=\"meta-nav\">\u2192<\/span><\/a><\/p>\n","protected":false},"author":2,"featured_media":0,"parent":0,"menu_order":0,"comment_status":"closed","ping_status":"closed","template":"","meta":{"footnotes":""},"class_list":["post-10547","page","type-page","status-publish","hentry"],"yoast_head":"<!-- This site is optimized with the Yoast SEO plugin v27.4 - https:\/\/yoast.com\/product\/yoast-seo-wordpress\/ -->\n<title>Epookki.fi - Rukaj\u00e4rven suunnan historiayhdistys<\/title>\n<meta name=\"robots\" content=\"index, follow, max-snippet:-1, max-image-preview:large, max-video-preview:-1\" \/>\n<link rel=\"canonical\" href=\"http:\/\/www.rukajarvensuunnanhistoriayhdistys.fi\/historiayhdistys\/epookki-fi\/\" \/>\n<meta property=\"og:locale\" content=\"fi_FI\" \/>\n<meta property=\"og:type\" content=\"article\" \/>\n<meta property=\"og:title\" content=\"Epookki.fi - Rukaj\u00e4rven suunnan historiayhdistys\" \/>\n<meta property=\"og:description\" content=\"Epookki.fi on Rukaj\u00e4rven suunnan historiayhdistyksen j\u00e4senill\u00e4 k\u00e4yt\u00f6ss\u00e4\u00e4n oleva s\u00e4hk\u00f6inen palvelu, jossa heid\u00e4n k\u00e4ytt\u00f6\u00f6ns\u00e4 jaetaan ker\u00e4tty\u00e4 perinneaineistoa, kuten kuvia, muistelmia, taistelukertomuksia jne. Palvelun k\u00e4ytt\u00f6 edellytt\u00e4\u00e4 yhdistyksen j\u00e4senyytt\u00e4. J\u00e4senet voivat hakea siihen Teksti jatkuu...Epookki.fi\u2192\" \/>\n<meta property=\"og:url\" content=\"http:\/\/www.rukajarvensuunnanhistoriayhdistys.fi\/historiayhdistys\/epookki-fi\/\" \/>\n<meta property=\"og:site_name\" content=\"Rukaj\u00e4rven suunnan historiayhdistys\" \/>\n<meta property=\"article:modified_time\" content=\"2016-04-27T12:35:32+00:00\" \/>\n<meta name=\"twitter:label1\" content=\"Arvioitu lukuaika\" \/>\n\t<meta name=\"twitter:data1\" content=\"2 minuuttia\" \/>\n<script type=\"application\/ld+json\" class=\"yoast-schema-graph\">{\"@context\":\"https:\\\/\\\/schema.org\",\"@graph\":[{\"@type\":\"WebPage\",\"@id\":\"http:\\\/\\\/www.rukajarvensuunnanhistoriayhdistys.fi\\\/historiayhdistys\\\/epookki-fi\\\/\",\"url\":\"http:\\\/\\\/www.rukajarvensuunnanhistoriayhdistys.fi\\\/historiayhdistys\\\/epookki-fi\\\/\",\"name\":\"Epookki.fi - Rukaj\u00e4rven suunnan historiayhdistys\",\"isPartOf\":{\"@id\":\"https:\\\/\\\/www.rukajarvensuunnanhistoriayhdistys.fi\\\/historiayhdistys\\\/#website\"},\"datePublished\":\"2016-04-26T18:14:12+00:00\",\"dateModified\":\"2016-04-27T12:35:32+00:00\",\"breadcrumb\":{\"@id\":\"http:\\\/\\\/www.rukajarvensuunnanhistoriayhdistys.fi\\\/historiayhdistys\\\/epookki-fi\\\/#breadcrumb\"},\"inLanguage\":\"fi\",\"potentialAction\":[{\"@type\":\"ReadAction\",\"target\":[\"http:\\\/\\\/www.rukajarvensuunnanhistoriayhdistys.fi\\\/historiayhdistys\\\/epookki-fi\\\/\"]}]},{\"@type\":\"BreadcrumbList\",\"@id\":\"http:\\\/\\\/www.rukajarvensuunnanhistoriayhdistys.fi\\\/historiayhdistys\\\/epookki-fi\\\/#breadcrumb\",\"itemListElement\":[{\"@type\":\"ListItem\",\"position\":1,\"name\":\"Etusivu\",\"item\":\"https:\\\/\\\/www.rukajarvensuunnanhistoriayhdistys.fi\\\/historiayhdistys\\\/\"},{\"@type\":\"ListItem\",\"position\":2,\"name\":\"Epookki.fi\"}]},{\"@type\":\"WebSite\",\"@id\":\"https:\\\/\\\/www.rukajarvensuunnanhistoriayhdistys.fi\\\/historiayhdistys\\\/#website\",\"url\":\"https:\\\/\\\/www.rukajarvensuunnanhistoriayhdistys.fi\\\/historiayhdistys\\\/\",\"name\":\"Rukaj\u00e4rven suunnan historiayhdistys\",\"description\":\"Rukaj\u00e4rven suunnan historiayhdistyksen verkkosivut.\",\"publisher\":{\"@id\":\"https:\\\/\\\/www.rukajarvensuunnanhistoriayhdistys.fi\\\/historiayhdistys\\\/#organization\"},\"potentialAction\":[{\"@type\":\"SearchAction\",\"target\":{\"@type\":\"EntryPoint\",\"urlTemplate\":\"https:\\\/\\\/www.rukajarvensuunnanhistoriayhdistys.fi\\\/historiayhdistys\\\/?s={search_term_string}\"},\"query-input\":{\"@type\":\"PropertyValueSpecification\",\"valueRequired\":true,\"valueName\":\"search_term_string\"}}],\"inLanguage\":\"fi\"},{\"@type\":\"Organization\",\"@id\":\"https:\\\/\\\/www.rukajarvensuunnanhistoriayhdistys.fi\\\/historiayhdistys\\\/#organization\",\"name\":\"Rukaj\u00e4rven suunnan historiayhdistys\",\"url\":\"https:\\\/\\\/www.rukajarvensuunnanhistoriayhdistys.fi\\\/historiayhdistys\\\/\",\"logo\":{\"@type\":\"ImageObject\",\"inLanguage\":\"fi\",\"@id\":\"https:\\\/\\\/www.rukajarvensuunnanhistoriayhdistys.fi\\\/historiayhdistys\\\/#\\\/schema\\\/logo\\\/image\\\/\",\"url\":\"http:\\\/\\\/www.rukajarvensuunnanhistoriayhdistys.fi\\\/historiayhdistys\\\/wp-content\\\/uploads\\\/2013\\\/12\\\/Otsake_3.jpg\",\"contentUrl\":\"http:\\\/\\\/www.rukajarvensuunnanhistoriayhdistys.fi\\\/historiayhdistys\\\/wp-content\\\/uploads\\\/2013\\\/12\\\/Otsake_3.jpg\",\"width\":1000,\"height\":442,\"caption\":\"Rukaj\u00e4rven suunnan historiayhdistys\"},\"image\":{\"@id\":\"https:\\\/\\\/www.rukajarvensuunnanhistoriayhdistys.fi\\\/historiayhdistys\\\/#\\\/schema\\\/logo\\\/image\\\/\"}}]}<\/script>\n<!-- \/ Yoast SEO plugin. -->","yoast_head_json":{"title":"Epookki.fi - Rukaj\u00e4rven suunnan historiayhdistys","robots":{"index":"index","follow":"follow","max-snippet":"max-snippet:-1","max-image-preview":"max-image-preview:large","max-video-preview":"max-video-preview:-1"},"canonical":"http:\/\/www.rukajarvensuunnanhistoriayhdistys.fi\/historiayhdistys\/epookki-fi\/","og_locale":"fi_FI","og_type":"article","og_title":"Epookki.fi - Rukaj\u00e4rven suunnan historiayhdistys","og_description":"Epookki.fi on Rukaj\u00e4rven suunnan historiayhdistyksen j\u00e4senill\u00e4 k\u00e4yt\u00f6ss\u00e4\u00e4n oleva s\u00e4hk\u00f6inen palvelu, jossa heid\u00e4n k\u00e4ytt\u00f6\u00f6ns\u00e4 jaetaan ker\u00e4tty\u00e4 perinneaineistoa, kuten kuvia, muistelmia, taistelukertomuksia jne. Palvelun k\u00e4ytt\u00f6 edellytt\u00e4\u00e4 yhdistyksen j\u00e4senyytt\u00e4. J\u00e4senet voivat hakea siihen Teksti jatkuu...Epookki.fi\u2192","og_url":"http:\/\/www.rukajarvensuunnanhistoriayhdistys.fi\/historiayhdistys\/epookki-fi\/","og_site_name":"Rukaj\u00e4rven suunnan historiayhdistys","article_modified_time":"2016-04-27T12:35:32+00:00","twitter_misc":{"Arvioitu lukuaika":"2 minuuttia"},"schema":{"@context":"https:\/\/schema.org","@graph":[{"@type":"WebPage","@id":"http:\/\/www.rukajarvensuunnanhistoriayhdistys.fi\/historiayhdistys\/epookki-fi\/","url":"http:\/\/www.rukajarvensuunnanhistoriayhdistys.fi\/historiayhdistys\/epookki-fi\/","name":"Epookki.fi - Rukaj\u00e4rven suunnan historiayhdistys","isPartOf":{"@id":"https:\/\/www.rukajarvensuunnanhistoriayhdistys.fi\/historiayhdistys\/#website"},"datePublished":"2016-04-26T18:14:12+00:00","dateModified":"2016-04-27T12:35:32+00:00","breadcrumb":{"@id":"http:\/\/www.rukajarvensuunnanhistoriayhdistys.fi\/historiayhdistys\/epookki-fi\/#breadcrumb"},"inLanguage":"fi","potentialAction":[{"@type":"ReadAction","target":["http:\/\/www.rukajarvensuunnanhistoriayhdistys.fi\/historiayhdistys\/epookki-fi\/"]}]},{"@type":"BreadcrumbList","@id":"http:\/\/www.rukajarvensuunnanhistoriayhdistys.fi\/historiayhdistys\/epookki-fi\/#breadcrumb","itemListElement":[{"@type":"ListItem","position":1,"name":"Etusivu","item":"https:\/\/www.rukajarvensuunnanhistoriayhdistys.fi\/historiayhdistys\/"},{"@type":"ListItem","position":2,"name":"Epookki.fi"}]},{"@type":"WebSite","@id":"https:\/\/www.rukajarvensuunnanhistoriayhdistys.fi\/historiayhdistys\/#website","url":"https:\/\/www.rukajarvensuunnanhistoriayhdistys.fi\/historiayhdistys\/","name":"Rukaj\u00e4rven suunnan historiayhdistys","description":"Rukaj\u00e4rven suunnan historiayhdistyksen verkkosivut.","publisher":{"@id":"https:\/\/www.rukajarvensuunnanhistoriayhdistys.fi\/historiayhdistys\/#organization"},"potentialAction":[{"@type":"SearchAction","target":{"@type":"EntryPoint","urlTemplate":"https:\/\/www.rukajarvensuunnanhistoriayhdistys.fi\/historiayhdistys\/?s={search_term_string}"},"query-input":{"@type":"PropertyValueSpecification","valueRequired":true,"valueName":"search_term_string"}}],"inLanguage":"fi"},{"@type":"Organization","@id":"https:\/\/www.rukajarvensuunnanhistoriayhdistys.fi\/historiayhdistys\/#organization","name":"Rukaj\u00e4rven suunnan historiayhdistys","url":"https:\/\/www.rukajarvensuunnanhistoriayhdistys.fi\/historiayhdistys\/","logo":{"@type":"ImageObject","inLanguage":"fi","@id":"https:\/\/www.rukajarvensuunnanhistoriayhdistys.fi\/historiayhdistys\/#\/schema\/logo\/image\/","url":"http:\/\/www.rukajarvensuunnanhistoriayhdistys.fi\/historiayhdistys\/wp-content\/uploads\/2013\/12\/Otsake_3.jpg","contentUrl":"http:\/\/www.rukajarvensuunnanhistoriayhdistys.fi\/historiayhdistys\/wp-content\/uploads\/2013\/12\/Otsake_3.jpg","width":1000,"height":442,"caption":"Rukaj\u00e4rven suunnan historiayhdistys"},"image":{"@id":"https:\/\/www.rukajarvensuunnanhistoriayhdistys.fi\/historiayhdistys\/#\/schema\/logo\/image\/"}}]}},"_links":{"self":[{"href":"http:\/\/www.rukajarvensuunnanhistoriayhdistys.fi\/historiayhdistys\/wp-json\/wp\/v2\/pages\/10547","targetHints":{"allow":["GET"]}}],"collection":[{"href":"http:\/\/www.rukajarvensuunnanhistoriayhdistys.fi\/historiayhdistys\/wp-json\/wp\/v2\/pages"}],"about":[{"href":"http:\/\/www.rukajarvensuunnanhistoriayhdistys.fi\/historiayhdistys\/wp-json\/wp\/v2\/types\/page"}],"author":[{"embeddable":true,"href":"http:\/\/www.rukajarvensuunnanhistoriayhdistys.fi\/historiayhdistys\/wp-json\/wp\/v2\/users\/2"}],"replies":[{"embeddable":true,"href":"http:\/\/www.rukajarvensuunnanhistoriayhdistys.fi\/historiayhdistys\/wp-json\/wp\/v2\/comments?post=10547"}],"version-history":[{"count":4,"href":"http:\/\/www.rukajarvensuunnanhistoriayhdistys.fi\/historiayhdistys\/wp-json\/wp\/v2\/pages\/10547\/revisions"}],"predecessor-version":[{"id":10564,"href":"http:\/\/www.rukajarvensuunnanhistoriayhdistys.fi\/historiayhdistys\/wp-json\/wp\/v2\/pages\/10547\/revisions\/10564"}],"wp:attachment":[{"href":"http:\/\/www.rukajarvensuunnanhistoriayhdistys.fi\/historiayhdistys\/wp-json\/wp\/v2\/media?parent=10547"}],"curies":[{"name":"wp","href":"https:\/\/api.w.org\/{rel}","templated":true}]}}