{"id":107,"date":"2013-06-09T19:40:56","date_gmt":"2013-06-09T16:40:56","guid":{"rendered":"http:\/\/www.rukajarvensuunnanhistoriayhdistys.fi\/rukajarvikeskus\/?page_id=107"},"modified":"2013-09-26T11:25:43","modified_gmt":"2013-09-26T08:25:43","slug":"yhdistys","status":"publish","type":"page","link":"http:\/\/www.rukajarvensuunnanhistoriayhdistys.fi\/rukajarvikeskus\/yhdistys\/","title":{"rendered":"Yhdistys"},"content":{"rendered":"<div class=\"fcbkbttn_buttons_block\" id=\"fcbkbttn_left\"><div class=\"fcbkbttn_like \"><fb:like href=\"http:\/\/www.rukajarvensuunnanhistoriayhdistys.fi\/rukajarvikeskus\/yhdistys\/\" action=\"like\" colorscheme=\"light\" layout=\"button_count\"  size=\"small\"><\/fb:like><\/div><\/div><p><a href=\"http:\/\/www.rukajarvensuunnanhistoriayhdistys.fi\/\"><strong>Rukaj\u00e4rven suunnan historiayhdistyksen<\/strong><\/a> tarkoituksena\u00a0on vaalia Talvi- ja Jatkosodan ajan Rukaj\u00e4rven suunnan ja rintamajoukkojen sotahistoriallisia perinteit\u00e4. Yhdistys kokoaa veteraanien ja lottien yhteisi\u00e4 muistoja. Yhdistys pyrkii lujittamaan maanpuolustustahtoa yhdess\u00e4 muiden j\u00e4rjest\u00f6jen kanssa.<\/p>\n<p>Yhdistys jatkaa ja t\u00e4ydent\u00e4\u00e4 Rukaj\u00e4rven suunnan joukoissa taistelleiden veteraanien Nurmeksen asevelikokouksessaan 15.6.1986 perustaman Rukaj\u00e4rven suunnan historiikkitoimikunnaksi nimetyn toimielimen ty\u00f6t\u00e4.<\/p>\n<p>Rukaj\u00e4rven suunnalla, rintamalla, joukoilla ja veteraaneilla tarkoitetaan kaikkia sotien aikaisia kyseisen rintamavastuualueen sotatoimiyhtymi\u00e4, joukko-osastoja ja muita yksik\u00f6it\u00e4. N\u00e4ihin kuuluvat varsinaisen Rukaj\u00e4rven suunnaksi kutsutun vastuualueen joukkojen ohella n\u00e4iden sodanaikaiselle komentajalle kenraalimajuri E.J. Raappanalle alistetuissa joukko-osastoissa alueen ulkopuolellakin taisteluihin osallistuneet sotilaat.<\/p>\n<p>Rukaj\u00e4rven suunnan muistoristin s\u00e4\u00e4nt\u00f6jen mukaisesti veteraaneihin rinnastetaan linnoitusjoukoissa palvelleet, Lotta Sv\u00e4rd -j\u00e4rjest\u00f6n lotat, sotilaskotisisaret ja l\u00e4\u00e4kint\u00e4henkil\u00f6st\u00f6 sek\u00e4 suunnan taisteluissa kaatuneiden l\u00e4himm\u00e4t omaiset, jotka kaikki siten ovat saavuttaneet oikeuden kantaa muistoristi\u00e4.<\/p>\n<h2><strong>Yhdistyksen perustajat<\/strong><\/h2>\n<p>Yhdistys perustettiin 19.9.2009 Lopella Marskin Majalla. Pentti Perttuli kutsui perustavan kokouksen koolle ja siihen osallistui kaikkiaan 20 henkil\u00f6\u00e4. Perustamisasiakirjan allekirjoittivat Rukaj\u00e4rven veteraanit Kyllikki Villa, Ermei Kanninen, Maunu Kankaanp\u00e4\u00e4, Paavo Salmensuu ja Jalmari Manu. Lis\u00e4ksi perustamiskirjan allekirjoittivat kirjailija Antti Tuuri, Veli-Matti R\u00e4s\u00e4nen, Kirsti Natunen, Martti Soikkeli, Matti J. Yrj\u00e4n\u00e4, Timo Tolvanen, Pentti K\u00e4rkk\u00e4inen, Timo Laukkanen, Riitta Oksanen, Leevi Kuokkanen, V\u00e4in\u00f6 V\u00e4\u00e4n\u00e4nen, Tenho Tikkanen, Antero Huttunen ja Raimo Jokisalmi.<\/p>\n<h2><strong>Veteraanihaastattelut<\/strong><\/h2>\n<p>Yhdistyksen ehk\u00e4 t\u00e4rkeimp\u00e4n\u00e4 ty\u00f6n\u00e4 on tehd\u00e4 niin paljon veteraanien haastatteluja kuin mahdollista. Haastateltavat v\u00e4henev\u00e4t koko ajan, joten asialla on kiire. Yhdistys on muuntanut vuosina 1987\u20131993 ker\u00e4tyn aineiston tallenteet s\u00e4hk\u00f6iseen muotoon. Yhteens\u00e4 haastatteluaineistoja on koossa yli 15 000 sivua.<\/p>\n<h2>Videohaastattelut ja valokuva- ja puhdety\u00f6n\u00e4yttelyt<\/h2>\n<p>Yhdistys on tallentanut yli 50 veteraanin haastattelut videolle. Yhdistys on tallentanut my\u00f6s\u00a0my\u00f6s suuren m\u00e4\u00e4r\u00e4n veteraanien Rukaj\u00e4rven suunnalla ottamia valokuvia ja koonneet niist\u00e4 kolme valokuvan\u00e4yttely kokoelmaa. Rukaj\u00e4rven suunnan taidetta valokuvan\u00e4yttely on ollut esill\u00e4 Iisalmen lis\u00e4ksi Kiuruvedell\u00e4, Pielavedell\u00e4, Lieksassa, Ilomantsissa ja Raahessa. Muurmannin radan vuoden 1942 partioretken valokuvan\u00e4yttely ja Pentti Perttulin 95-vuotisjuhlan\u00e4yttely oli esill\u00e4 Lieksassa.<\/p>\n<h2>Erilaiset kokoelmat<\/h2>\n<p>Yhdistys kokosi Muurmannin 10.-23.1.1942 tehdyn majuri Majewskin johtamasta partioretkest\u00e4 n. 2.500 sivun aineiston, josta Ari Komulainen kokosi n. 200-sivuisen julkaisun. Yhdistys on koonnut haastattelujen ja valokuvien lis\u00e4ksi tietoja merkitt\u00e4vimmist\u00e4 taisteluista, partioretkist\u00e4 ja kaatuneista. Yhdistyksell\u00e4 on yksityiskohtaiset tiedot Rukaj\u00e4rven suunnan kaatuneista, rintaman tukikohdista ja kentt\u00e4vartioista.<\/p>\n","protected":false},"excerpt":{"rendered":"<p>Rukaj\u00e4rven suunnan historiayhdistyksen tarkoituksena\u00a0on vaalia Talvi- ja Jatkosodan ajan Rukaj\u00e4rven suunnan ja rintamajoukkojen sotahistoriallisia perinteit\u00e4. Yhdistys kokoaa veteraanien ja lottien yhteisi\u00e4 muistoja. Yhdistys pyrkii lujittamaan maanpuolustustahtoa yhdess\u00e4 muiden j\u00e4rjest\u00f6jen kanssa. <a class=\"more-link\" href=\"http:\/\/www.rukajarvensuunnanhistoriayhdistys.fi\/rukajarvikeskus\/yhdistys\/\">Lue lis\u00e4\u00e4&#8230;<span class=\"screen-reader-text\">Yhdistys<\/span><span class=\"meta-nav\">\u2192<\/span><\/a><\/p>\n","protected":false},"author":1,"featured_media":0,"parent":0,"menu_order":6,"comment_status":"closed","ping_status":"open","template":"","meta":{"ngg_post_thumbnail":0,"footnotes":""},"class_list":["post-107","page","type-page","status-publish","hentry"],"jetpack_sharing_enabled":true,"jetpack_shortlink":"https:\/\/wp.me\/P72N2f-1J","_links":{"self":[{"href":"http:\/\/www.rukajarvensuunnanhistoriayhdistys.fi\/rukajarvikeskus\/wp-json\/wp\/v2\/pages\/107","targetHints":{"allow":["GET"]}}],"collection":[{"href":"http:\/\/www.rukajarvensuunnanhistoriayhdistys.fi\/rukajarvikeskus\/wp-json\/wp\/v2\/pages"}],"about":[{"href":"http:\/\/www.rukajarvensuunnanhistoriayhdistys.fi\/rukajarvikeskus\/wp-json\/wp\/v2\/types\/page"}],"author":[{"embeddable":true,"href":"http:\/\/www.rukajarvensuunnanhistoriayhdistys.fi\/rukajarvikeskus\/wp-json\/wp\/v2\/users\/1"}],"replies":[{"embeddable":true,"href":"http:\/\/www.rukajarvensuunnanhistoriayhdistys.fi\/rukajarvikeskus\/wp-json\/wp\/v2\/comments?post=107"}],"version-history":[{"count":8,"href":"http:\/\/www.rukajarvensuunnanhistoriayhdistys.fi\/rukajarvikeskus\/wp-json\/wp\/v2\/pages\/107\/revisions"}],"predecessor-version":[{"id":1726,"href":"http:\/\/www.rukajarvensuunnanhistoriayhdistys.fi\/rukajarvikeskus\/wp-json\/wp\/v2\/pages\/107\/revisions\/1726"}],"wp:attachment":[{"href":"http:\/\/www.rukajarvensuunnanhistoriayhdistys.fi\/rukajarvikeskus\/wp-json\/wp\/v2\/media?parent=107"}],"curies":[{"name":"wp","href":"https:\/\/api.w.org\/{rel}","templated":true}]}}