{"id":10871,"date":"2021-03-21T18:15:15","date_gmt":"2021-03-21T15:15:15","guid":{"rendered":"http:\/\/www.rukajarvensuunnanhistoriayhdistys.fi\/rukajarvikeskus\/?page_id=10871"},"modified":"2024-03-18T22:44:50","modified_gmt":"2024-03-18T19:44:50","slug":"tietosuojaseloste","status":"publish","type":"page","link":"http:\/\/www.rukajarvensuunnanhistoriayhdistys.fi\/rukajarvikeskus\/tietosuojaseloste\/","title":{"rendered":"Tietosuojaseloste"},"content":{"rendered":"<div class=\"fcbkbttn_buttons_block\" id=\"fcbkbttn_left\"><div class=\"fcbkbttn_like \"><fb:like href=\"http:\/\/www.rukajarvensuunnanhistoriayhdistys.fi\/rukajarvikeskus\/tietosuojaseloste\/\" action=\"like\" colorscheme=\"light\" layout=\"button_count\"  size=\"small\"><\/fb:like><\/div><\/div>\n<h2 class=\"wp-block-heading\">Rekisterinpit\u00e4j\u00e4<\/h2>\n\n\n\n<p>Rukaj\u00e4rven suunnan historiayhdistys ry<br>Piispantie 1 as 5<br>74700 Kiuruvesi<br>Tarvittaessa voi kysy\u00e4 lis\u00e4tietoja asiasta s\u00e4hk\u00f6postitse <a href=\"mailto:tietosuoja@rukajarvensuunnanhistoriyhdistys.fi\">tietosuoja@rukajarvensuunnanhistoriayhdistys.fi<\/a><\/p>\n\n\n\n<h2 class=\"wp-block-heading\">Mit\u00e4 tietoa historiayhdistys ker\u00e4\u00e4 ja s\u00e4ilytt\u00e4\u00e4<\/h2>\n\n\n\n<p>K\u00e4ytt\u00e4j\u00e4n itsens\u00e4 antamat tiedot<\/p>\n\n\n\n<ul class=\"wp-block-list\">\n<li>Tunnistautumistiedot, kuten nimi ja k\u00e4ytt\u00e4j\u00e4n itse tekem\u00e4 k\u00e4ytt\u00e4j\u00e4tunnus<\/li>\n\n\n\n<li>Yhteystiedot, kuten postiosoite ja s\u00e4hk\u00f6postiosoite<\/li>\n\n\n\n<li>Tilauksen toimitusosoite (tarvittaessa)<\/li>\n<\/ul>\n\n\n\n<h2 class=\"wp-block-heading\">Mihin tietoja k\u00e4ytet\u00e4\u00e4n?<\/h2>\n\n\n\n<p>Tilaajan antamia tietoja k\u00e4ytet\u00e4\u00e4n tilausten postittamiseen ja laskutukseen.<\/p>\n\n\n\n<h2 class=\"wp-block-heading\">Ev\u00e4steet<\/h2>\n\n\n\n<p>Mik\u00e4li sinulla on tili ja kirjaudut sivustolle, asetamme v\u00e4liaikaisen ev\u00e4steen, joka p\u00e4\u00e4ttelee tukeeko selaimesi ev\u00e4steit\u00e4 vai ei. T\u00e4m\u00e4 ev\u00e4ste ei sis\u00e4ll\u00e4 henkil\u00f6tietoa ja se poistetaan kun selainikkuna suljetaan.<\/p>\n\n\n\n<p>Kun kirjaudut sis\u00e4\u00e4n asetamme useita ev\u00e4steit\u00e4, jotka tallentavat kirjautumis- sek\u00e4 n\u00e4ytt\u00f6asetuksesi. Kirjautumisev\u00e4steet poistetaan kahden vuorokauden kuluessa, n\u00e4ytt\u00f6asetuksiin liittyv\u00e4t ev\u00e4steet poistuvat vuoden p\u00e4\u00e4st\u00e4. Mik\u00e4li valitset \u201cMuista minut\u201d kirjautumisen yhteydess\u00e4, kirjautumistietojasi s\u00e4ilytet\u00e4\u00e4n kahden viikon ajan. Mik\u00e4li kirjaudut ulos, kirjautumiseen liittyv\u00e4t ev\u00e4steet poistetaan samassa yhteydess\u00e4.<\/p>\n\n\n\n<p>Tilauksen yhteydess\u00e4 voidaan tallentaa tilap\u00e4isesti tilaajan tietokoneelle h\u00e4nen ostoskorin sis\u00e4lt\u00f6\u00e4 koskevaa ev\u00e4steit\u00e4, jotka s\u00e4ilyv\u00e4t tietokoneellasi noin kuukauden ajan. Niiden poistaminen onnistuu selaimesi asetuksista..<\/p>\n\n\n\n<h2 class=\"wp-block-heading\">Kuka voi k\u00e4sitell\u00e4 tietojani?<\/h2>\n\n\n\n<p>Tilaustietoja voi k\u00e4sitell\u00e4 ainoastaan tilauksen pakkaaja ja toimittaja, sek\u00e4 verkkosivujen yll\u00e4pit\u00e4j\u00e4 voi n\u00e4hd\u00e4 tiedot. Rukaj\u00e4rven suunnan historiayhdistys ei luovuta tietoja kolmannelle osapuolelle, eik\u00e4 niit\u00e4 k\u00e4ytet\u00e4 markkinoinnissa.<\/p>\n\n\n\n<h2 class=\"wp-block-heading\">Miten kauan tietoja s\u00e4ilytet\u00e4\u00e4n?<\/h2>\n\n\n\n<p>Tilauksen yhteydess\u00e4 annettuja tietoja s\u00e4ilytet\u00e4\u00e4n viisi vuotta tilauksen toimittamisesta. Tiedot voidaan poistaa tarvittaessa my\u00f6s ennen sit\u00e4, jos tilaaja ei ole tehnyt uutta tilausta.<\/p>\n\n\n\n<h2 class=\"wp-block-heading\">Mit\u00e4 oikeuksia sinulla on omaan tietoosi?<\/h2>\n\n\n\n<p>Mik\u00e4li sinulla on k\u00e4ytt\u00e4j\u00e4tili t\u00e4lle sivustolle tai olet tehnyt tilauksia, voit pyyt\u00e4\u00e4 koostetiedostoa omista henkil\u00f6tiedoistasi, sis\u00e4lt\u00e4en kaiken henkil\u00f6tiedon, jonka olet meille antanut. Voit my\u00f6s pyyt\u00e4\u00e4 henkil\u00f6tietojesi poistoa. Voit tarkistaa tietosi kohdasta <strong>Kauppa -&gt; <a href=\"http:\/\/www.rukajarvensuunnanhistoriayhdistys.fi\/rukajarvikeskus\/kauppa\/oma-tili\/\">Oma tili <\/a><\/strong>kirjautumalla k\u00e4ytt\u00e4j\u00e4tunnuksillasi.<\/p>\n\n\n\n<h2 class=\"wp-block-heading\">Miten voit pyyt\u00e4\u00e4 tietojesi poistamista?<\/h2>\n\n\n\n<p>Voit pyyt\u00e4\u00e4 poistamaan tietosi l\u00e4hett\u00e4m\u00e4ll\u00e4 s\u00e4hk\u00f6postia osoitteeseen <a href=\"mailto:tietosuoja@rukajarvensuunnanhistoriayhdistys.fi\">tietosuoja@rukajarvensuunnanhistoriayhdistys.fi<\/a>. Tiedot poistetaan v\u00e4litt\u00f6m\u00e4sti pyynt\u00f6si vastaanoton j\u00e4lkeen.<\/p>\n","protected":false},"excerpt":{"rendered":"<p>Rekisterinpit\u00e4j\u00e4 Rukaj\u00e4rven suunnan historiayhdistys ryPiispantie 1 as 574700 KiuruvesiTarvittaessa voi kysy\u00e4 lis\u00e4tietoja asiasta s\u00e4hk\u00f6postitse tietosuoja@rukajarvensuunnanhistoriayhdistys.fi Mit\u00e4 tietoa historiayhdistys ker\u00e4\u00e4 ja s\u00e4ilytt\u00e4\u00e4 K\u00e4ytt\u00e4j\u00e4n itsens\u00e4 antamat tiedot Mihin tietoja k\u00e4ytet\u00e4\u00e4n? Tilaajan antamia <a class=\"more-link\" href=\"http:\/\/www.rukajarvensuunnanhistoriayhdistys.fi\/rukajarvikeskus\/tietosuojaseloste\/\">Lue lis\u00e4\u00e4&#8230;<span class=\"screen-reader-text\">Tietosuojaseloste<\/span><span class=\"meta-nav\">\u2192<\/span><\/a><\/p>\n","protected":false},"author":1,"featured_media":0,"parent":0,"menu_order":0,"comment_status":"closed","ping_status":"closed","template":"","meta":{"ngg_post_thumbnail":0,"footnotes":""},"class_list":["post-10871","page","type-page","status-publish","hentry"],"jetpack_sharing_enabled":true,"jetpack_shortlink":"https:\/\/wp.me\/P72N2f-2Pl","_links":{"self":[{"href":"http:\/\/www.rukajarvensuunnanhistoriayhdistys.fi\/rukajarvikeskus\/wp-json\/wp\/v2\/pages\/10871","targetHints":{"allow":["GET"]}}],"collection":[{"href":"http:\/\/www.rukajarvensuunnanhistoriayhdistys.fi\/rukajarvikeskus\/wp-json\/wp\/v2\/pages"}],"about":[{"href":"http:\/\/www.rukajarvensuunnanhistoriayhdistys.fi\/rukajarvikeskus\/wp-json\/wp\/v2\/types\/page"}],"author":[{"embeddable":true,"href":"http:\/\/www.rukajarvensuunnanhistoriayhdistys.fi\/rukajarvikeskus\/wp-json\/wp\/v2\/users\/1"}],"replies":[{"embeddable":true,"href":"http:\/\/www.rukajarvensuunnanhistoriayhdistys.fi\/rukajarvikeskus\/wp-json\/wp\/v2\/comments?post=10871"}],"version-history":[{"count":4,"href":"http:\/\/www.rukajarvensuunnanhistoriayhdistys.fi\/rukajarvikeskus\/wp-json\/wp\/v2\/pages\/10871\/revisions"}],"predecessor-version":[{"id":11534,"href":"http:\/\/www.rukajarvensuunnanhistoriayhdistys.fi\/rukajarvikeskus\/wp-json\/wp\/v2\/pages\/10871\/revisions\/11534"}],"wp:attachment":[{"href":"http:\/\/www.rukajarvensuunnanhistoriayhdistys.fi\/rukajarvikeskus\/wp-json\/wp\/v2\/media?parent=10871"}],"curies":[{"name":"wp","href":"https:\/\/api.w.org\/{rel}","templated":true}]}}