{"id":11571,"date":"2024-05-20T22:14:18","date_gmt":"2024-05-20T19:14:18","guid":{"rendered":"http:\/\/www.rukajarvensuunnanhistoriayhdistys.fi\/rukajarvikeskus\/?page_id=11571"},"modified":"2024-06-30T00:29:56","modified_gmt":"2024-06-29T21:29:56","slug":"lahjoitukset","status":"publish","type":"page","link":"http:\/\/www.rukajarvensuunnanhistoriayhdistys.fi\/rukajarvikeskus\/kauppa\/oma-tili\/lahjoitukset\/","title":{"rendered":"Voi lahjoittaa!"},"content":{"rendered":"<div class=\"fcbkbttn_buttons_block\" id=\"fcbkbttn_left\"><div class=\"fcbkbttn_like \"><fb:like href=\"http:\/\/www.rukajarvensuunnanhistoriayhdistys.fi\/rukajarvikeskus\/kauppa\/oma-tili\/lahjoitukset\/\" action=\"like\" colorscheme=\"light\" layout=\"button_count\"  size=\"small\"><\/fb:like><\/div><\/div>\n<p>Toiminnan tukeminen &#8211; yhdess\u00e4 olemme vahvempia!<\/p>\n\n\n<p><strong>Rukaj\u00e4rven suunnan historiayhdistyksen toiminta perustuu talkooty\u00f6h\u00f6n. Silti yhdistykselle syntyy toiminnasta paljon kustannuksia. Esimerkkin\u00e4 mainittakoon toimitilakustannukset, julkaisujen painattaminen, matkakulut jne. Vaikka j\u00e4senten tuki ja osallistuminen toimintaan on ollut eritt\u00e4in kiitett\u00e4v\u00e4\u00e4, ei niiden avulla kuitenkaan ole pystytty suoriutumaan kaikista velvoitteista.<\/strong><\/p>\n<p><strong style=\"font-style: inherit;\">Yhdistyksell\u00e4 on ollut perustamisensa j\u00e4lkeen mittavia investointeja, joita osaksi on jouduttu rahoittamaan lainavaroin.<\/strong><\/p>\n<p><strong style=\"font-style: inherit;\">\u00a0<\/strong><strong>Poliisihallitus on my\u00f6nt\u00e4nyt yhdistyksellemme jatkuvan valtakunnallisen rahanker\u00e4ysluvan 28.5.2021. Luvassa m\u00e4\u00e4r\u00e4tty rahanker\u00e4ystili on Osuuspankki:<\/strong>\u00a0<strong style=\"font-style: inherit;\">FI02 5723 0220 2696 12,<\/strong>\u00a0 OKOYFIHH. <strong>Luvan numero on RA\/2021\/707.<\/strong><\/p>\n<p>Poliisihallituksen p\u00e4\u00e4t\u00f6ksen mukaan rahanker\u00e4yksen toimeenpanon yhteydess\u00e4 tulee yleis\u00f6lle ilmoittaa seuraavat tiedot:\u00a0<\/p>\n<p><strong>1)<\/strong> rahanker\u00e4yksen j\u00e4rjest\u00e4j\u00e4, <strong>2)<\/strong> j\u00e4rjest\u00e4j\u00e4n yhteystiedot, <strong>3)<\/strong> rahanker\u00e4ysluvassa m\u00e4\u00e4r\u00e4tty rahanker\u00e4ysvarojen k\u00e4ytt\u00f6tarkoitus, <strong>4)<\/strong> mahdollinen toissijainen rahanker\u00e4ysvarojen k\u00e4ytt\u00f6tarkoitus,\u00a0\u00a0<strong>5)<\/strong> lupanumero.<\/p>\n<p>Yll\u00e4 olevat tiedot ilmenev\u00e4t tarkemmin poliisihallituksen rahanker\u00e4ysluvan my\u00f6nt\u00e4mist\u00e4 koskevassa p\u00e4\u00e4t\u00f6ksess\u00e4, mink\u00e4 voi lukea <strong><a href=\"http:\/\/www.rukajarvensuunnanhistoriayhdistys.fi\/historiayhdistys\/wp-content\/uploads\/2021\/06\/Rahankerayslupa-RSHYry-2021-28-5-2021.pdf\">T\u00c4\u00c4LT\u00c4<\/a><\/strong><b> sek\u00e4 p\u00e4\u00e4t\u00f6ksen etusivulta oheisena.<\/b>\u00a0<\/p>\n\n\n<figure class=\"wp-block-image size-large\"><a href=\"http:\/\/www.rukajarvensuunnanhistoriayhdistys.fi\/historiayhdistys\/wp-content\/uploads\/2021\/06\/Rahankerays-etusivu-28-5-2021.png\"><img decoding=\"async\" src=\"http:\/\/www.rukajarvensuunnanhistoriayhdistys.fi\/historiayhdistys\/wp-content\/uploads\/2021\/06\/Rahankerays-etusivu-28-5-2021.png\" alt=\"\" class=\"wp-image-14282\"\/><\/a><\/figure>\n\n\n\n<p><strong>Luettelo yhdistyksen investoinneista:<\/strong><\/p>\n\n\n\n<p>Rukaj\u00e4rven tie ja opasteet, Lieksan ja Kiuruveden Rukaj\u00e4rvi-keskusten perustaminen, Jukolan Motti -pirtin rakentaminen, \u00c4n\u00e4k\u00e4isen Salpa-etuaseman rakentaminen Lieksan Rukaj\u00e4rvi-keskuksen kiinteist\u00f6n hankinta ja peruskorjaus sek\u00e4 n\u00e4yttelyitten uusiminen, tykkikatokset Lieksassa sek\u00e4 tietoj\u00e4rjestelm\u00e4t Epookki.fi ja heijoe.fi. Yhdistys on julkaissuut yli 20 sotahistoriateosta.<\/p>\n\n\n\n<p>Lieksan rautatieaseman kiinteist\u00f6 k\u00e4sitt\u00e4\u00e4 tontin, vuonna 1909 rakennetut asemamakasiinin ja rautatieaseman p\u00e4\u00e4rakennuksen. Tontin pinta-ala on 9.884 m2. n\u00e4yttelytilojen pinta-ala on 788 k-m2. Asemarakennus tullaan korjaamaan voimavarojen puitteissa. Ty\u00f6 tehd\u00e4\u00e4n suurimmalta osin talkooty\u00f6n\u00e4. Nyt, jos koskaan tarvitsemme kaiken tuen.<\/p>\n\n\n\n<figure class=\"wp-block-image size-full is-resized\"><a href=\"http:\/\/www.rukajarvensuunnanhistoriayhdistys.fi\/rukajarvikeskus\/wp-content\/uploads\/2024\/06\/Lieksan-aseman-hankinnat-4.jpg\"><img loading=\"lazy\" decoding=\"async\" width=\"664\" height=\"663\" src=\"http:\/\/www.rukajarvensuunnanhistoriayhdistys.fi\/rukajarvikeskus\/wp-content\/uploads\/2024\/06\/Lieksan-aseman-hankinnat-4.jpg\" alt=\"\" class=\"wp-image-11662\" style=\"width:852px;height:auto\" srcset=\"http:\/\/www.rukajarvensuunnanhistoriayhdistys.fi\/rukajarvikeskus\/wp-content\/uploads\/2024\/06\/Lieksan-aseman-hankinnat-4.jpg 664w, http:\/\/www.rukajarvensuunnanhistoriayhdistys.fi\/rukajarvikeskus\/wp-content\/uploads\/2024\/06\/Lieksan-aseman-hankinnat-4-300x300.jpg 300w, http:\/\/www.rukajarvensuunnanhistoriayhdistys.fi\/rukajarvikeskus\/wp-content\/uploads\/2024\/06\/Lieksan-aseman-hankinnat-4-150x150.jpg 150w, http:\/\/www.rukajarvensuunnanhistoriayhdistys.fi\/rukajarvikeskus\/wp-content\/uploads\/2024\/06\/Lieksan-aseman-hankinnat-4-100x100.jpg 100w\" sizes=\"auto, (max-width: 664px) 100vw, 664px\" \/><\/a><\/figure>\n","protected":false},"excerpt":{"rendered":"<p>Toiminnan tukeminen &#8211; yhdess\u00e4 olemme vahvempia! Rukaj\u00e4rven suunnan historiayhdistyksen toiminta perustuu talkooty\u00f6h\u00f6n. Silti yhdistykselle syntyy toiminnasta paljon kustannuksia. Esimerkkin\u00e4 mainittakoon toimitilakustannukset, julkaisujen painattaminen, matkakulut jne. Vaikka j\u00e4senten tuki ja osallistuminen <a class=\"more-link\" href=\"http:\/\/www.rukajarvensuunnanhistoriayhdistys.fi\/rukajarvikeskus\/kauppa\/oma-tili\/lahjoitukset\/\">Lue lis\u00e4\u00e4&#8230;<span class=\"screen-reader-text\">Voi lahjoittaa!<\/span><span class=\"meta-nav\">\u2192<\/span><\/a><\/p>\n","protected":false},"author":4,"featured_media":0,"parent":9,"menu_order":0,"comment_status":"closed","ping_status":"closed","template":"","meta":{"ngg_post_thumbnail":0,"footnotes":""},"class_list":["post-11571","page","type-page","status-publish","hentry"],"jetpack_sharing_enabled":true,"jetpack_shortlink":"https:\/\/wp.me\/P72N2f-30D","_links":{"self":[{"href":"http:\/\/www.rukajarvensuunnanhistoriayhdistys.fi\/rukajarvikeskus\/wp-json\/wp\/v2\/pages\/11571","targetHints":{"allow":["GET"]}}],"collection":[{"href":"http:\/\/www.rukajarvensuunnanhistoriayhdistys.fi\/rukajarvikeskus\/wp-json\/wp\/v2\/pages"}],"about":[{"href":"http:\/\/www.rukajarvensuunnanhistoriayhdistys.fi\/rukajarvikeskus\/wp-json\/wp\/v2\/types\/page"}],"author":[{"embeddable":true,"href":"http:\/\/www.rukajarvensuunnanhistoriayhdistys.fi\/rukajarvikeskus\/wp-json\/wp\/v2\/users\/4"}],"replies":[{"embeddable":true,"href":"http:\/\/www.rukajarvensuunnanhistoriayhdistys.fi\/rukajarvikeskus\/wp-json\/wp\/v2\/comments?post=11571"}],"version-history":[{"count":3,"href":"http:\/\/www.rukajarvensuunnanhistoriayhdistys.fi\/rukajarvikeskus\/wp-json\/wp\/v2\/pages\/11571\/revisions"}],"predecessor-version":[{"id":11665,"href":"http:\/\/www.rukajarvensuunnanhistoriayhdistys.fi\/rukajarvikeskus\/wp-json\/wp\/v2\/pages\/11571\/revisions\/11665"}],"up":[{"embeddable":true,"href":"http:\/\/www.rukajarvensuunnanhistoriayhdistys.fi\/rukajarvikeskus\/wp-json\/wp\/v2\/pages\/9"}],"wp:attachment":[{"href":"http:\/\/www.rukajarvensuunnanhistoriayhdistys.fi\/rukajarvikeskus\/wp-json\/wp\/v2\/media?parent=11571"}],"curies":[{"name":"wp","href":"https:\/\/api.w.org\/{rel}","templated":true}]}}