{"id":158,"date":"2013-06-11T22:38:24","date_gmt":"2013-06-11T19:38:24","guid":{"rendered":"http:\/\/www.rukajarvensuunnanhistoriayhdistys.fi\/rukajarvikeskus\/?page_id=158"},"modified":"2021-05-03T21:36:19","modified_gmt":"2021-05-03T18:36:19","slug":"rukajarven-suunta","status":"publish","type":"page","link":"http:\/\/www.rukajarvensuunnanhistoriayhdistys.fi\/rukajarvikeskus\/rukajarven-suunta\/","title":{"rendered":"Rukaj\u00e4rven suunta"},"content":{"rendered":"<div class=\"fcbkbttn_buttons_block\" id=\"fcbkbttn_left\"><div class=\"fcbkbttn_like \"><fb:like href=\"http:\/\/www.rukajarvensuunnanhistoriayhdistys.fi\/rukajarvikeskus\/rukajarven-suunta\/\" action=\"like\" colorscheme=\"light\" layout=\"button_count\"  size=\"small\"><\/fb:like><\/div><\/div><p>Rukaj\u00e4rven suunta-k\u00e4sitteen m\u00e4\u00e4ritteli Mannerheim Ristin ritari (3), kenraalimajuri E. J. Raappana, joka toimi 14. divisioonan komentajana Jatkosodassa. T\u00e4m\u00e4 tapahtui lokakuussa 1942, kun h\u00e4n vahvisti Rukaj\u00e4rven rintamatunnuksen nimen. E. J. Raappana toimi my\u00f6s Jatkosodan j\u00e4lkeen johdonmukaisesti Rukaj\u00e4rven suunta -nimiasiassa. Vuonna 1953 perustettu Rukaj\u00e4rven suunnan muistoristi oli ensimm\u00e4inen yhtym\u00e4n muistoristi. Sit\u00e4 esitettiin vuonna 1957 lakiehdotuksessa muutettavaksi 14. divisioonan -nimiseksi. Raappana ei hyv\u00e4ksynyt muutosehdotusta.<\/p>\n<p>Rukaj\u00e4rven suunnaksi kutsutaan It\u00e4-Karjalassa olevaa rintamalohkoa, joka ulottuu Lieksan korkeudelta noin Kuhmon korkeudelle. Rintamalohko oli&nbsp;&nbsp;Jatkosodan alussa&nbsp;210 ja sodan lopussa per\u00e4ti 250 kilometri\u00e4 leve\u00e4 ja &nbsp;etulinja sijaitsi noin 130\u2013160 kilometri\u00e4 Suomen nykyisest\u00e4 rajasta. Kiinteit\u00e4 linjoja ei ollut kuin noin&nbsp;&nbsp;viidentoista kilometrin matkalla p\u00e4\u00e4tien suunnassa. Muualla oli kentt\u00e4vartioiden ketju. Niit\u00e4 oli yhteens\u00e4&nbsp;reilut 70&nbsp;kappaletta. Niiss\u00e4 oli keskim\u00e4\u00e4rin sijoitettuna 30\u201350 miest\u00e4. Miehityksen vahvuus riippui siit\u00e4 miten suureksi kyseiseen kentt\u00e4vartioon kohdistuva vihollisen hy\u00f6kk\u00e4ysuhka arvioitiin.<\/p>\n<div title=\"Page 3\">\n<p>Lis\u00e4ksi alueella toimi yksi suomalainen lentotukikohta, joka oli sijoitettuna Tiiksj\u00e4rven lentokent\u00e4lle.<\/p>\n<figure id=\"attachment_10937\" aria-describedby=\"caption-attachment-10937\" style=\"width: 2331px\" class=\"wp-caption aligncenter\"><a href=\"http:\/\/www.rukajarvensuunnanhistoriayhdistys.fi\/rukajarvikeskus\/wp-content\/uploads\/2021\/05\/5_14.D_Yleiskartta.jpg\"><img loading=\"lazy\" decoding=\"async\" class=\"wp-image-10937 size-full\" src=\"http:\/\/www.rukajarvensuunnanhistoriayhdistys.fi\/rukajarvikeskus\/wp-content\/uploads\/2021\/05\/5_14.D_Yleiskartta.jpg\" alt=\"Rukaj\u00e4rven suunnan yleiskartta, jossa kuvattu hy\u00f6kk\u00e4ysvaiheen sotaliikkeet.\" width=\"2331\" height=\"2363\" srcset=\"http:\/\/www.rukajarvensuunnanhistoriayhdistys.fi\/rukajarvikeskus\/wp-content\/uploads\/2021\/05\/5_14.D_Yleiskartta.jpg 2331w, http:\/\/www.rukajarvensuunnanhistoriayhdistys.fi\/rukajarvikeskus\/wp-content\/uploads\/2021\/05\/5_14.D_Yleiskartta-296x300.jpg 296w, http:\/\/www.rukajarvensuunnanhistoriayhdistys.fi\/rukajarvikeskus\/wp-content\/uploads\/2021\/05\/5_14.D_Yleiskartta-1010x1024.jpg 1010w, http:\/\/www.rukajarvensuunnanhistoriayhdistys.fi\/rukajarvikeskus\/wp-content\/uploads\/2021\/05\/5_14.D_Yleiskartta-768x779.jpg 768w, http:\/\/www.rukajarvensuunnanhistoriayhdistys.fi\/rukajarvikeskus\/wp-content\/uploads\/2021\/05\/5_14.D_Yleiskartta-1515x1536.jpg 1515w, http:\/\/www.rukajarvensuunnanhistoriayhdistys.fi\/rukajarvikeskus\/wp-content\/uploads\/2021\/05\/5_14.D_Yleiskartta-2020x2048.jpg 2020w, http:\/\/www.rukajarvensuunnanhistoriayhdistys.fi\/rukajarvikeskus\/wp-content\/uploads\/2021\/05\/5_14.D_Yleiskartta-300x304.jpg 300w, http:\/\/www.rukajarvensuunnanhistoriayhdistys.fi\/rukajarvikeskus\/wp-content\/uploads\/2021\/05\/5_14.D_Yleiskartta-100x100.jpg 100w\" sizes=\"auto, (max-width: 2331px) 100vw, 2331px\" \/><\/a><figcaption id=\"caption-attachment-10937\" class=\"wp-caption-text\">Kartassa on kuvattu suomalaisten hy\u00f6kk\u00e4ys Rukaj\u00e4rvelle. Hy\u00f6kk\u00e4ys p\u00e4\u00e4ttyi lokakuussa 1941. Etulinja j\u00e4i loppusodan ajaksi siihen kohtaan mihin hy\u00f6kk\u00e4ys p\u00e4\u00e4ttyi. Kartta RSHYry\/Isto Turpeinen<\/figcaption><\/figure>\n<p>Rukaj\u00e4rven suunta tunnetaan my\u00f6s sen taitavasta komentajastaan, er\u00e4maasodan taitajasta, kenraalimajuri E.J. Raappanasta, joka arvosti jokaista yksitt\u00e4ist\u00e4 sotilastaan. H\u00e4n oli korpisotureidensa kunnioittama esimies. Raappanan johtama 14. Divisioona oli ainoa suoraan ylip\u00e4\u00e4llikk\u00f6 Mannerheimin alainen divisioona.<\/p>\n<\/div>\n<p>Rukaj\u00e4rven suunnan taistelujoukot oli muodostettu Yl\u00e4-Savon, Pielisen Karjalan ja Kainuun pit\u00e4jist\u00e4. Osa upseereista ja t\u00e4ydennysjoukkoja oli muualta Suomesta. Sotilaat olivat taitavia taistelijoita, maaviljelij\u00f6it\u00e4 ja mets\u00e4ty\u00f6l\u00e4isi\u00e4, jotka tiesiv\u00e4t miten selviyty\u00e4 kovissa olosuhteissa. He olivat tottuneet liikkumaan luonnossa, y\u00f6pym\u00e4\u00e4n taivasalla tai tekem\u00e4\u00e4n nuotion kylmimm\u00e4ll\u00e4 talvis\u00e4\u00e4ll\u00e4 hetkess\u00e4.<\/p>\n<div title=\"Page 4\">\n<div>\n<div>\n<p>Rintamajoukkojen vahvuus oli alussa noin 21.000 miest\u00e4 ja my\u00f6hemmin noin 15.000. Rukaj\u00e4rven suunnalla ty\u00f6skenteli noin 1.000 naista Lotta Sv\u00e4rd organisaation osana. Heid\u00e4n aseeton palveluksensa rintamalla oli vapaaehtoista.<\/p>\n<p>Sodan loppuun menness\u00e4 kaatui 2750 suomalaista sotilasta ja kokonaistappiot olivat yli 7200 miest\u00e4.<\/p>\n<p>Rukaj\u00e4rven suunnan rintama tunnetaan elokuvasta <a href=\"http:\/\/fi.wikipedia.org\/wiki\/Rukaj\u00e4rven_tie\" target=\"_blank\" rel=\"noopener\">\u201dRukaj\u00e4rven tie\u201d<\/a> ja kirjallisuudesta, joka on kansallisesti hyvin tunnettu. Rukaj\u00e4rven suunta on muodostunut k\u00e4sitteeksi ja se tunnetaan poikeuksellisen laajasta perinnety\u00f6st\u00e4. Se lienee ainoita rintamasuuntia, jossa ker\u00e4ysty\u00f6t\u00e4 on tehty j\u00e4rjestelm\u00e4llisesti ja perinnety\u00f6 jatkuu edelleen.<\/p>\n<\/div>\n<\/div>\n<\/div>\n<div title=\"Page 1\">\n<div title=\"Page 3\">\n<p>Rukaj\u00e4rven suunnan rintama ei pett\u00e4nyt sille ylip\u00e4\u00e4llikk\u00f6ns\u00e4 osoittamaa luottamusta. Sen joukot ylittiv\u00e4t ensimm\u00e4isen\u00e4 p\u00e4\u00e4majan alaisista yhtymist\u00e4 rajan Jatkosodan alussa. Rukaj\u00e4rvell\u00e4 k\u00e4ytiin viimeinen Jatkosodan taisteluista Suomen ja Neuvostoliiton joukkojen v\u00e4lill\u00e4 Tahkokoskella elokuun 16. p\u00e4iv\u00e4n\u00e4 1944. Rukaj\u00e4rven rintama oli ainut rintamalohko J\u00e4\u00e4merelt\u00e4 Mustalle merelle, joka s\u00e4ilytti hy\u00f6kk\u00e4ysvaiheessa saavuttamansa asemat sodan loppuun asti. Talvisodassa Rukaj\u00e4rven tien ja Pielisj\u00e4rven suunnalla vihollisen hy\u00f6kk\u00e4ykset torjuttiin ja vihollinen vet\u00e4ytyi sodan aikana omalle puolelleen.<\/p>\n<\/div>\n<\/div>\n","protected":false},"excerpt":{"rendered":"<p>Rukaj\u00e4rven suunta-k\u00e4sitteen m\u00e4\u00e4ritteli Mannerheim Ristin ritari (3), kenraalimajuri E. J. Raappana, joka toimi 14. divisioonan komentajana Jatkosodassa. T\u00e4m\u00e4 tapahtui lokakuussa 1942, kun h\u00e4n vahvisti Rukaj\u00e4rven rintamatunnuksen nimen. E. J. Raappana <a class=\"more-link\" href=\"http:\/\/www.rukajarvensuunnanhistoriayhdistys.fi\/rukajarvikeskus\/rukajarven-suunta\/\">Lue lis\u00e4\u00e4&#8230;<span class=\"screen-reader-text\">Rukaj\u00e4rven suunta<\/span><span class=\"meta-nav\">\u2192<\/span><\/a><\/p>\n","protected":false},"author":2,"featured_media":0,"parent":0,"menu_order":4,"comment_status":"closed","ping_status":"open","template":"","meta":{"ngg_post_thumbnail":0,"footnotes":""},"class_list":["post-158","page","type-page","status-publish","hentry"],"jetpack_sharing_enabled":true,"jetpack_shortlink":"https:\/\/wp.me\/P72N2f-2y","_links":{"self":[{"href":"http:\/\/www.rukajarvensuunnanhistoriayhdistys.fi\/rukajarvikeskus\/wp-json\/wp\/v2\/pages\/158","targetHints":{"allow":["GET"]}}],"collection":[{"href":"http:\/\/www.rukajarvensuunnanhistoriayhdistys.fi\/rukajarvikeskus\/wp-json\/wp\/v2\/pages"}],"about":[{"href":"http:\/\/www.rukajarvensuunnanhistoriayhdistys.fi\/rukajarvikeskus\/wp-json\/wp\/v2\/types\/page"}],"author":[{"embeddable":true,"href":"http:\/\/www.rukajarvensuunnanhistoriayhdistys.fi\/rukajarvikeskus\/wp-json\/wp\/v2\/users\/2"}],"replies":[{"embeddable":true,"href":"http:\/\/www.rukajarvensuunnanhistoriayhdistys.fi\/rukajarvikeskus\/wp-json\/wp\/v2\/comments?post=158"}],"version-history":[{"count":22,"href":"http:\/\/www.rukajarvensuunnanhistoriayhdistys.fi\/rukajarvikeskus\/wp-json\/wp\/v2\/pages\/158\/revisions"}],"predecessor-version":[{"id":10940,"href":"http:\/\/www.rukajarvensuunnanhistoriayhdistys.fi\/rukajarvikeskus\/wp-json\/wp\/v2\/pages\/158\/revisions\/10940"}],"wp:attachment":[{"href":"http:\/\/www.rukajarvensuunnanhistoriayhdistys.fi\/rukajarvikeskus\/wp-json\/wp\/v2\/media?parent=158"}],"curies":[{"name":"wp","href":"https:\/\/api.w.org\/{rel}","templated":true}]}}