{"id":226,"date":"2013-06-16T21:32:45","date_gmt":"2013-06-16T18:32:45","guid":{"rendered":"http:\/\/www.rukajarvensuunnanhistoriayhdistys.fi\/rukajarvikeskus\/?page_id=226"},"modified":"2018-03-12T18:49:11","modified_gmt":"2018-03-12T15:49:11","slug":"226-2","status":"publish","type":"page","link":"http:\/\/www.rukajarvensuunnanhistoriayhdistys.fi\/rukajarvikeskus\/226-2\/","title":{"rendered":"Opastaulut"},"content":{"rendered":"<div class=\"fcbkbttn_buttons_block\" id=\"fcbkbttn_left\"><div class=\"fcbkbttn_like \"><fb:like href=\"http:\/\/www.rukajarvensuunnanhistoriayhdistys.fi\/rukajarvikeskus\/226-2\/\" action=\"like\" colorscheme=\"light\" layout=\"button_count\"  size=\"small\"><\/fb:like><\/div><\/div><p>Rukaj\u00e4rven suunnan historiayhdistys on pystytt\u00e4nyt suurikokoisia opastauluja paikkoihin, jotka ovat merkityksellisi\u00e4 Rukaj\u00e4rven suunnan sotahistorian kannalta. Tauluja on paikoissa, joista suomalaiset joukot ylittiv\u00e4t valtakunnanrajan l\u00e4htiess\u00e4\u00e4n hy\u00f6kk\u00e4\u00e4m\u00e4\u00e4n kohti Rukaj\u00e4rve\u00e4. Oma taulunsa on my\u00f6s pystytetty Nurmij\u00e4rven kyl\u00e4n ja Kivivaaran v\u00e4lill\u00e4 olleen koulutuskeskuksen Rukaj\u00e4rven motin alueelle.<\/p>\n<p>Halutessasi voit katsoa taulujen paikat kartalla avaamalla <a href=\"http:\/\/www.retkikartta.fi\">Mets\u00e4hallituksen Retkikartta -palvelun<\/a> ja sy\u00f6tt\u00e4m\u00e4ll\u00e4 siihen kuvateksteiss\u00e4 n\u00e4kyv\u00e4t koordinaatit. Koordinaatit ovat WGS84 -muodossa.<\/p>\n<figure id=\"attachment_146\" aria-describedby=\"caption-attachment-146\" style=\"width: 572px\" class=\"wp-caption alignnone\"><a href=\"http:\/\/www.rukajarvensuunnanhistoriayhdistys.fi\/rukajarvikeskus\/wp-content\/uploads\/2013\/06\/Opaseet_kartta.png\"><img loading=\"lazy\" decoding=\"async\" class=\"size-full wp-image-146\" src=\"http:\/\/www.rukajarvensuunnanhistoriayhdistys.fi\/rukajarvikeskus\/wp-content\/uploads\/2013\/06\/Opaseet_kartta.png\" alt=\"Rukaj\u00e4rven suunnan historiayhdistys on pystytt\u00e4nyt talkooty\u00f6n\u00e4 lukuisia opastauluja Kuhmon ja Lieksan alueille.\" width=\"572\" height=\"697\" srcset=\"http:\/\/www.rukajarvensuunnanhistoriayhdistys.fi\/rukajarvikeskus\/wp-content\/uploads\/2013\/06\/Opaseet_kartta.png 572w, http:\/\/www.rukajarvensuunnanhistoriayhdistys.fi\/rukajarvikeskus\/wp-content\/uploads\/2013\/06\/Opaseet_kartta-246x300.png 246w\" sizes=\"auto, (max-width: 572px) 100vw, 572px\" \/><\/a><figcaption id=\"caption-attachment-146\" class=\"wp-caption-text\">Rukaj\u00e4rven suunnan historiayhdistys on pystytt\u00e4nyt talkooty\u00f6n\u00e4 lukuisia opastauluja Kuhmon ja Lieksan alueille.<\/figcaption><\/figure>\n<figure id=\"attachment_227\" aria-describedby=\"caption-attachment-227\" style=\"width: 1747px\" class=\"wp-caption alignnone\"><a href=\"http:\/\/www.rukajarvensuunnanhistoriayhdistys.fi\/rukajarvikeskus\/wp-content\/uploads\/2013\/06\/Opastaulu_Kalliojarvi.jpg\"><img loading=\"lazy\" decoding=\"async\" class=\"size-full wp-image-227\" src=\"http:\/\/www.rukajarvensuunnanhistoriayhdistys.fi\/rukajarvikeskus\/wp-content\/uploads\/2013\/06\/Opastaulu_Kalliojarvi.jpg\" alt=\"Kuvassa on esimerkinomaisesti yksi maastoon sijoitetuista opastauluista. Tauluissa on yleiskuvaus karttoineen Rukaj\u00e4rven suunnan taisteluista ja lis\u00e4ksi kyseisen taulun sijoituspaikkaan liittyv\u00e4 tarkennettu kuvaus. \" width=\"1747\" height=\"1391\" srcset=\"http:\/\/www.rukajarvensuunnanhistoriayhdistys.fi\/rukajarvikeskus\/wp-content\/uploads\/2013\/06\/Opastaulu_Kalliojarvi.jpg 1747w, http:\/\/www.rukajarvensuunnanhistoriayhdistys.fi\/rukajarvikeskus\/wp-content\/uploads\/2013\/06\/Opastaulu_Kalliojarvi-300x238.jpg 300w, http:\/\/www.rukajarvensuunnanhistoriayhdistys.fi\/rukajarvikeskus\/wp-content\/uploads\/2013\/06\/Opastaulu_Kalliojarvi-1024x815.jpg 1024w\" sizes=\"auto, (max-width: 1747px) 100vw, 1747px\" \/><\/a><figcaption id=\"caption-attachment-227\" class=\"wp-caption-text\">Kuvassa on esimerkinomaisesti yksi maastoon sijoitetuista opastauluista. Tauluissa on yleiskuvaus karttoineen Rukaj\u00e4rven suunnan taisteluista ja lis\u00e4ksi kyseisen taulun sijoituspaikkaan liittyv\u00e4 tarkennettu kuvaus.\/RSHYry.<\/figcaption><\/figure>\n<figure id=\"attachment_229\" aria-describedby=\"caption-attachment-229\" style=\"width: 1024px\" class=\"wp-caption alignnone\"><a href=\"http:\/\/www.rukajarvensuunnanhistoriayhdistys.fi\/rukajarvikeskus\/wp-content\/uploads\/2013\/06\/Jukolan_motti_kyltti.jpg\"><img loading=\"lazy\" decoding=\"async\" class=\"size-full wp-image-229\" src=\"http:\/\/www.rukajarvensuunnanhistoriayhdistys.fi\/rukajarvikeskus\/wp-content\/uploads\/2013\/06\/Jukolan_motti_kyltti.jpg\" alt=\"Jukolan motiksi kutsutun koulutuskeskuksen paikalle pystytetty opaskyltti. Kuvassa n\u00e4kyy my\u00f6s kyltti, jollaisilla Rukaj\u00e4rven tie on merkitty Suomen puolella.\" width=\"1024\" height=\"544\" srcset=\"http:\/\/www.rukajarvensuunnanhistoriayhdistys.fi\/rukajarvikeskus\/wp-content\/uploads\/2013\/06\/Jukolan_motti_kyltti.jpg 1024w, http:\/\/www.rukajarvensuunnanhistoriayhdistys.fi\/rukajarvikeskus\/wp-content\/uploads\/2013\/06\/Jukolan_motti_kyltti-300x159.jpg 300w\" sizes=\"auto, (max-width: 1024px) 100vw, 1024px\" \/><\/a><figcaption id=\"caption-attachment-229\" class=\"wp-caption-text\">Jukolan motiksi kutsutun koulutuskeskuksen paikalle pystytetty opaskyltti. Kuvassa n\u00e4kyy my\u00f6s kyltti, jollaisilla Rukaj\u00e4rven tie on merkitty Suomen puolella.<\/figcaption><\/figure>\n<figure id=\"attachment_230\" aria-describedby=\"caption-attachment-230\" style=\"width: 1024px\" class=\"wp-caption alignnone\"><a href=\"http:\/\/www.rukajarvensuunnanhistoriayhdistys.fi\/rukajarvikeskus\/wp-content\/uploads\/2013\/06\/Jukolan_motti_tuplataulu.jpg\"><img loading=\"lazy\" decoding=\"async\" class=\"size-full wp-image-230\" src=\"http:\/\/www.rukajarvensuunnanhistoriayhdistys.fi\/rukajarvikeskus\/wp-content\/uploads\/2013\/06\/Jukolan_motti_tuplataulu.jpg\" alt=\"Jukolan motin opastaulut. (Kohteen sijainti: WGS84 - lat: 63.56430 lon: 30.07689)\" width=\"1024\" height=\"649\" srcset=\"http:\/\/www.rukajarvensuunnanhistoriayhdistys.fi\/rukajarvikeskus\/wp-content\/uploads\/2013\/06\/Jukolan_motti_tuplataulu.jpg 1024w, http:\/\/www.rukajarvensuunnanhistoriayhdistys.fi\/rukajarvikeskus\/wp-content\/uploads\/2013\/06\/Jukolan_motti_tuplataulu-300x190.jpg 300w\" sizes=\"auto, (max-width: 1024px) 100vw, 1024px\" \/><\/a><figcaption id=\"caption-attachment-230\" class=\"wp-caption-text\">Jukolan motin opastaulut. (Kohteen sijainti: WGS84 &#8211; lat: 63.56430 lon: 30.07689)<\/figcaption><\/figure>\n<figure id=\"attachment_232\" aria-describedby=\"caption-attachment-232\" style=\"width: 1695px\" class=\"wp-caption alignnone\"><a href=\"http:\/\/www.rukajarvensuunnanhistoriayhdistys.fi\/rukajarvikeskus\/wp-content\/uploads\/2013\/06\/Jukolan_motti_taulu.jpg\"><img loading=\"lazy\" decoding=\"async\" class=\"size-full wp-image-232\" src=\"http:\/\/www.rukajarvensuunnanhistoriayhdistys.fi\/rukajarvikeskus\/wp-content\/uploads\/2013\/06\/Jukolan_motti_taulu.jpg\" alt=\"Jukolan motin opasteessa on taiteilija Paavo Martikaisen 1994 maalaus. T\u00e4\u00e4ll\u00e4 toimi Jatkosodan aikana huolto- ja koulutuskeskus. T\u00e4ydennyspataljoona 12 koulutti t\u00e4ydennysjoukkoja Rukaj\u00e4rven rintamalle. \" width=\"1695\" height=\"1184\" srcset=\"http:\/\/www.rukajarvensuunnanhistoriayhdistys.fi\/rukajarvikeskus\/wp-content\/uploads\/2013\/06\/Jukolan_motti_taulu.jpg 1695w, http:\/\/www.rukajarvensuunnanhistoriayhdistys.fi\/rukajarvikeskus\/wp-content\/uploads\/2013\/06\/Jukolan_motti_taulu-300x209.jpg 300w, http:\/\/www.rukajarvensuunnanhistoriayhdistys.fi\/rukajarvikeskus\/wp-content\/uploads\/2013\/06\/Jukolan_motti_taulu-1024x715.jpg 1024w\" sizes=\"auto, (max-width: 1695px) 100vw, 1695px\" \/><\/a><figcaption id=\"caption-attachment-232\" class=\"wp-caption-text\">Jukolan motin opasteessa on taiteilija Paavo Martikaisen 1994 maalaus. T\u00e4\u00e4ll\u00e4 toimi Jatkosodan aikana huolto- ja koulutuskeskus. T\u00e4ydennyspataljoona 12 koulutti t\u00e4ydennysjoukkoja Rukaj\u00e4rven rintamalle.\/RSHYry.<\/figcaption><\/figure>\n<figure id=\"attachment_244\" aria-describedby=\"caption-attachment-244\" style=\"width: 1024px\" class=\"wp-caption alignnone\"><a href=\"http:\/\/www.rukajarvensuunnanhistoriayhdistys.fi\/rukajarvikeskus\/wp-content\/uploads\/2013\/06\/Anakainen.jpg\"><img loading=\"lazy\" decoding=\"async\" class=\" wp-image-244 \" src=\"http:\/\/www.rukajarvensuunnanhistoriayhdistys.fi\/rukajarvikeskus\/wp-content\/uploads\/2013\/06\/Anakainen.jpg\" alt=\"\u00c4n\u00e4k\u00e4isen Talvisodan taistelulinja, johon on kunnostettu juoksuhautoja. L\u00e4hettyvill\u00e4 on kallioluolasto, joka ei ole toistaiseksi matkailun\u00e4ht\u00e4vyyten\u00e4 k\u00e4yt\u00f6ss\u00e4 turvallisuussyist\u00e4. \u00c4n\u00e4k\u00e4isiss\u00e4 on mets\u00e4hallituksen retkeilyalue kalastusmahdollisuuksineen: (WGS84 - lat: 63.56884 lon: 30.09764). Kuva: Jouko Martiskainen\" width=\"1024\" height=\"801\" srcset=\"http:\/\/www.rukajarvensuunnanhistoriayhdistys.fi\/rukajarvikeskus\/wp-content\/uploads\/2013\/06\/Anakainen.jpg 1024w, http:\/\/www.rukajarvensuunnanhistoriayhdistys.fi\/rukajarvikeskus\/wp-content\/uploads\/2013\/06\/Anakainen-300x234.jpg 300w\" sizes=\"auto, (max-width: 1024px) 100vw, 1024px\" \/><\/a><figcaption id=\"caption-attachment-244\" class=\"wp-caption-text\">\u00c4n\u00e4k\u00e4isen Talvisodan taistelulinja, johon on kunnostettu juoksuhautoja. L\u00e4hettyvill\u00e4 on kallioluolasto, joka ei ole toistaiseksi matkailun\u00e4ht\u00e4vyyten\u00e4 k\u00e4yt\u00f6ss\u00e4 turvallisuussyist\u00e4. \u00c4n\u00e4k\u00e4isiss\u00e4 on Mets\u00e4hallituksen retkeilyalue kalastusmahdollisuuksineen.(Kohteen sijainti: WGS84 &#8211; lat: 63.56884 lon: 30.09764). Kuva: Jouko Martiskainen<\/figcaption><\/figure>\n<figure id=\"attachment_246\" aria-describedby=\"caption-attachment-246\" style=\"width: 1024px\" class=\"wp-caption alignnone\"><a href=\"http:\/\/www.rukajarvensuunnanhistoriayhdistys.fi\/rukajarvikeskus\/wp-content\/uploads\/2013\/06\/Kivipuro.jpg\"><img loading=\"lazy\" decoding=\"async\" class=\" wp-image-246 \" src=\"http:\/\/www.rukajarvensuunnanhistoriayhdistys.fi\/rukajarvikeskus\/wp-content\/uploads\/2013\/06\/Kivipuro.jpg\" alt=\"Kivipuron opaste rajavy\u00f6hykkeen takarajalla. Taustalla n\u00e4kyy pitk\u00e4\u00e4n toiminut Kivipuron rajavartioasema, jonka kummiksi Rajavartiolaitos oli v.1977 nimennyt veteraani Pentti Perttulin. (Kohteen sijainti: WGS84 - lat: 63.61401 lon: 30.21037). Kuva: TJT.\" width=\"1024\" height=\"809\" srcset=\"http:\/\/www.rukajarvensuunnanhistoriayhdistys.fi\/rukajarvikeskus\/wp-content\/uploads\/2013\/06\/Kivipuro.jpg 1024w, http:\/\/www.rukajarvensuunnanhistoriayhdistys.fi\/rukajarvikeskus\/wp-content\/uploads\/2013\/06\/Kivipuro-300x237.jpg 300w\" sizes=\"auto, (max-width: 1024px) 100vw, 1024px\" \/><\/a><figcaption id=\"caption-attachment-246\" class=\"wp-caption-text\">Kivipuron opaste rajavy\u00f6hykkeen takarajalla. Taustalla n\u00e4kyy pitk\u00e4\u00e4n toiminut Kivipuron rajavartioasema, jonka kummiksi Rajavartiolaitos oli v.1977 nimennyt veteraani Pentti Perttulin. (Kohteen sijainti: WGS84 &#8211; lat: 63.61401, lon: 30.21037). Kuva: TJT.<\/figcaption><\/figure>\n<figure id=\"attachment_248\" aria-describedby=\"caption-attachment-248\" style=\"width: 1024px\" class=\"wp-caption alignnone\"><a href=\"http:\/\/www.rukajarvensuunnanhistoriayhdistys.fi\/rukajarvikeskus\/wp-content\/uploads\/2013\/06\/Kivivaara.jpg\"><img loading=\"lazy\" decoding=\"async\" class=\" wp-image-248 \" src=\"http:\/\/www.rukajarvensuunnanhistoriayhdistys.fi\/rukajarvikeskus\/wp-content\/uploads\/2013\/06\/Kivivaara.jpg\" alt=\"Kivivaaran opaste on aivan rajan tuntumassa. Rajapaalun 647 sivuitse kulki sota-aikainen huoltotie. (Kohteen sijainti: WGS84 - lat: 63.62086 lon:30.19388). Kuva: TJT.\" width=\"1024\" height=\"820\" srcset=\"http:\/\/www.rukajarvensuunnanhistoriayhdistys.fi\/rukajarvikeskus\/wp-content\/uploads\/2013\/06\/Kivivaara.jpg 1024w, http:\/\/www.rukajarvensuunnanhistoriayhdistys.fi\/rukajarvikeskus\/wp-content\/uploads\/2013\/06\/Kivivaara-300x240.jpg 300w\" sizes=\"auto, (max-width: 1024px) 100vw, 1024px\" \/><\/a><figcaption id=\"caption-attachment-248\" class=\"wp-caption-text\">Kivivaaran opaste on aivan rajan tuntumassa. Rajapaalun 647 sivuitse kulki sota-aikainen huoltotie. (Kohteen sijainti: WGS84 &#8211; lat: 63.62086 lon:30.19388). Kuva: TJT.<\/figcaption><\/figure>\n<figure id=\"attachment_250\" aria-describedby=\"caption-attachment-250\" style=\"width: 1024px\" class=\"wp-caption alignnone\"><a href=\"http:\/\/www.rukajarvensuunnanhistoriayhdistys.fi\/rukajarvikeskus\/wp-content\/uploads\/2013\/06\/Inari.jpg\"><img loading=\"lazy\" decoding=\"async\" class=\" wp-image-250 \" src=\"http:\/\/www.rukajarvensuunnanhistoriayhdistys.fi\/rukajarvikeskus\/wp-content\/uploads\/2013\/06\/Inari.jpg\" alt=\"Inarin opaste. Talvisota alkoi ensimm\u00e4isen\u00e4 Suomen rintamalla t\u00e4\u00e4ll\u00e4. Ensimm\u00e4isen laukauksen ampui Inarin rajamies Mikko Kallionp\u00e4\u00e4 30.11.1939 klo. 6.30. Ensimm\u00e4inen kaatunut oli stm. Kalle Rajala. Jatkosodan aikana tiet\u00e4 ei k\u00e4ytetty ja huoltoyhteys avattiin vasta sodan lopulla. Kohteen sijainti: WGS84 - lat: 63.30086 lon: 30.98007. Kuva: TJT.\" width=\"1024\" height=\"795\" srcset=\"http:\/\/www.rukajarvensuunnanhistoriayhdistys.fi\/rukajarvikeskus\/wp-content\/uploads\/2013\/06\/Inari.jpg 1024w, http:\/\/www.rukajarvensuunnanhistoriayhdistys.fi\/rukajarvikeskus\/wp-content\/uploads\/2013\/06\/Inari-300x232.jpg 300w\" sizes=\"auto, (max-width: 1024px) 100vw, 1024px\" \/><\/a><figcaption id=\"caption-attachment-250\" class=\"wp-caption-text\">Inarin opaste. Talvisota alkoi ensimm\u00e4isen\u00e4 Suomen rintamalla t\u00e4\u00e4ll\u00e4. Ensimm\u00e4isen laukauksen ampui Inarin rajamies Mikko Kallionp\u00e4\u00e4 30.11.1939 klo. 6.30. Ensimm\u00e4inen kaatunut oli stm. Kalle Rajala. Jatkosodan aikana tiet\u00e4 ei k\u00e4ytetty hy\u00f6kk\u00e4ysvaiheen j\u00e4lkeen ja huoltoyhteys avattiin vasta sodan lopulla. Kohteen sijainti: WGS84 &#8211; lat: 63.30086 lon: 30.98007. Kuva: TJT.<\/figcaption><\/figure>\n<figure id=\"attachment_254\" aria-describedby=\"caption-attachment-254\" style=\"width: 1024px\" class=\"wp-caption alignnone\"><a href=\"http:\/\/www.rukajarvensuunnanhistoriayhdistys.fi\/rukajarvikeskus\/wp-content\/uploads\/2013\/06\/Rajakangas.jpg\"><img loading=\"lazy\" decoding=\"async\" class=\" wp-image-254\" src=\"http:\/\/www.rukajarvensuunnanhistoriayhdistys.fi\/rukajarvikeskus\/wp-content\/uploads\/2013\/06\/Rajakangas.jpg\" alt=\"Rajakangas\" width=\"1024\" height=\"859\" srcset=\"http:\/\/www.rukajarvensuunnanhistoriayhdistys.fi\/rukajarvikeskus\/wp-content\/uploads\/2013\/06\/Rajakangas.jpg 1024w, http:\/\/www.rukajarvensuunnanhistoriayhdistys.fi\/rukajarvikeskus\/wp-content\/uploads\/2013\/06\/Rajakangas-300x251.jpg 300w\" sizes=\"auto, (max-width: 1024px) 100vw, 1024px\" \/><\/a><figcaption id=\"caption-attachment-254\" class=\"wp-caption-text\">Rajakankaankiven opastaulu sijaitsee Kuhmossa. Kohteen sijainti WGS84 \u2013 lat: 63.91330, lon: 30.299909. Kuva TJT.<\/figcaption><\/figure>\n<p>&nbsp;<\/p>\n<figure id=\"attachment_256\" aria-describedby=\"caption-attachment-256\" style=\"width: 1024px\" class=\"wp-caption alignnone\"><a href=\"http:\/\/www.rukajarvensuunnanhistoriayhdistys.fi\/rukajarvikeskus\/wp-content\/uploads\/2013\/06\/Hukkajarvi.jpg\"><img loading=\"lazy\" decoding=\"async\" class=\" wp-image-256 \" src=\"http:\/\/www.rukajarvensuunnanhistoriayhdistys.fi\/rukajarvikeskus\/wp-content\/uploads\/2013\/06\/Hukkajarvi.jpg\" alt=\"Hukkaj\u00e4rven opastaulu sijaitsee Kuhmossa. Kohteen sijainti: WGS84 \u2013 lat: 64.00882, lon: 30.43361.\" width=\"1024\" height=\"760\" srcset=\"http:\/\/www.rukajarvensuunnanhistoriayhdistys.fi\/rukajarvikeskus\/wp-content\/uploads\/2013\/06\/Hukkajarvi.jpg 1024w, http:\/\/www.rukajarvensuunnanhistoriayhdistys.fi\/rukajarvikeskus\/wp-content\/uploads\/2013\/06\/Hukkajarvi-300x222.jpg 300w\" sizes=\"auto, (max-width: 1024px) 100vw, 1024px\" \/><\/a><figcaption id=\"caption-attachment-256\" class=\"wp-caption-text\">Hukkaj\u00e4rven opastaulu sijaitsee Kuhmossa. Taulua oli pystytt\u00e4m\u00e4ss\u00e4 talkoilla vasemmalta lukien Reijo Pulkkinen, Leevi Kuokkanen, Hannu Kauppinen ja Tauno Oksanen. Kohteen sijainti: WGS84 \u2013 lat: 64.00882, lon: 30.43361.\/Kuva TJT.<\/figcaption><\/figure>\n<figure id=\"attachment_258\" aria-describedby=\"caption-attachment-258\" style=\"width: 1024px\" class=\"wp-caption alignnone\"><a href=\"http:\/\/www.rukajarvensuunnanhistoriayhdistys.fi\/rukajarvikeskus\/wp-content\/uploads\/2013\/06\/Miinoankivi.jpg\"><img loading=\"lazy\" decoding=\"async\" class=\" wp-image-258 \" src=\"http:\/\/www.rukajarvensuunnanhistoriayhdistys.fi\/rukajarvikeskus\/wp-content\/uploads\/2013\/06\/Miinoankivi.jpg\" alt=\"Miinoankiven opaste Kuhmossa. Kohteen sijainti: WGS84 \u2013 lat: 64.33598, lon: 30.23618.\" width=\"1024\" height=\"795\" srcset=\"http:\/\/www.rukajarvensuunnanhistoriayhdistys.fi\/rukajarvikeskus\/wp-content\/uploads\/2013\/06\/Miinoankivi.jpg 1024w, http:\/\/www.rukajarvensuunnanhistoriayhdistys.fi\/rukajarvikeskus\/wp-content\/uploads\/2013\/06\/Miinoankivi-300x232.jpg 300w\" sizes=\"auto, (max-width: 1024px) 100vw, 1024px\" \/><\/a><figcaption id=\"caption-attachment-258\" class=\"wp-caption-text\">Miinoankiven opaste Kuhmossa. Sit\u00e4 olivat pystytt\u00e4m\u00e4ss\u00e4 Reijo Pulkkinen, Leevi Kuokkanen, Tenho Tikkanen ja Tauno Oksanen. Kohteen sijainti: WGS84 \u2013 lat: 64.33598, lon: 30.23618.<\/figcaption><\/figure>\n<p>&nbsp;<\/p>\n","protected":false},"excerpt":{"rendered":"<p>Rukaj\u00e4rven suunnan historiayhdistys on pystytt\u00e4nyt suurikokoisia opastauluja paikkoihin, jotka ovat merkityksellisi\u00e4 Rukaj\u00e4rven suunnan sotahistorian kannalta. Tauluja on paikoissa, joista suomalaiset joukot ylittiv\u00e4t valtakunnanrajan l\u00e4htiess\u00e4\u00e4n hy\u00f6kk\u00e4\u00e4m\u00e4\u00e4n kohti Rukaj\u00e4rve\u00e4. Oma taulunsa on <a class=\"more-link\" href=\"http:\/\/www.rukajarvensuunnanhistoriayhdistys.fi\/rukajarvikeskus\/226-2\/\">Lue lis\u00e4\u00e4&#8230;<span class=\"screen-reader-text\">Opastaulut<\/span><span class=\"meta-nav\">\u2192<\/span><\/a><\/p>\n","protected":false},"author":2,"featured_media":0,"parent":0,"menu_order":6,"comment_status":"closed","ping_status":"open","template":"","meta":{"ngg_post_thumbnail":0,"footnotes":""},"class_list":["post-226","page","type-page","status-publish","hentry"],"jetpack_sharing_enabled":true,"jetpack_shortlink":"https:\/\/wp.me\/P72N2f-3E","_links":{"self":[{"href":"http:\/\/www.rukajarvensuunnanhistoriayhdistys.fi\/rukajarvikeskus\/wp-json\/wp\/v2\/pages\/226","targetHints":{"allow":["GET"]}}],"collection":[{"href":"http:\/\/www.rukajarvensuunnanhistoriayhdistys.fi\/rukajarvikeskus\/wp-json\/wp\/v2\/pages"}],"about":[{"href":"http:\/\/www.rukajarvensuunnanhistoriayhdistys.fi\/rukajarvikeskus\/wp-json\/wp\/v2\/types\/page"}],"author":[{"embeddable":true,"href":"http:\/\/www.rukajarvensuunnanhistoriayhdistys.fi\/rukajarvikeskus\/wp-json\/wp\/v2\/users\/2"}],"replies":[{"embeddable":true,"href":"http:\/\/www.rukajarvensuunnanhistoriayhdistys.fi\/rukajarvikeskus\/wp-json\/wp\/v2\/comments?post=226"}],"version-history":[{"count":25,"href":"http:\/\/www.rukajarvensuunnanhistoriayhdistys.fi\/rukajarvikeskus\/wp-json\/wp\/v2\/pages\/226\/revisions"}],"predecessor-version":[{"id":3500,"href":"http:\/\/www.rukajarvensuunnanhistoriayhdistys.fi\/rukajarvikeskus\/wp-json\/wp\/v2\/pages\/226\/revisions\/3500"}],"wp:attachment":[{"href":"http:\/\/www.rukajarvensuunnanhistoriayhdistys.fi\/rukajarvikeskus\/wp-json\/wp\/v2\/media?parent=226"}],"curies":[{"name":"wp","href":"https:\/\/api.w.org\/{rel}","templated":true}]}}