{"id":74,"date":"2013-06-09T15:37:44","date_gmt":"2013-06-09T12:37:44","guid":{"rendered":"http:\/\/www.rukajarvensuunnanhistoriayhdistys.fi\/rukajarvikeskus\/?page_id=74"},"modified":"2026-05-11T07:34:08","modified_gmt":"2026-05-11T04:34:08","slug":"sijainti-ja-yhteystiedot","status":"publish","type":"page","link":"http:\/\/www.rukajarvensuunnanhistoriayhdistys.fi\/rukajarvikeskus\/sijainti-ja-yhteystiedot\/","title":{"rendered":"Aukioloajat"},"content":{"rendered":"<div class=\"fcbkbttn_buttons_block\" id=\"fcbkbttn_left\"><div class=\"fcbkbttn_like \"><fb:like href=\"http:\/\/www.rukajarvensuunnanhistoriayhdistys.fi\/rukajarvikeskus\/sijainti-ja-yhteystiedot\/\" action=\"like\" colorscheme=\"light\" layout=\"button_count\"  size=\"small\"><\/fb:like><\/div><\/div><p><span style=\"color: #800000;\"><strong>Lieksan keskus<\/strong><\/span><\/p>\n<p><strong>Lieksan rautatieasema<\/strong><br>Liput aukioloaikoine keskuksesta, tiedustelut Lieksan Tukipiste ry.<br>Asema-Aukio 2&nbsp;(Viereinen Asemarakennus, k\u00e4ynti ratapihan puolelta)<br>81700 Lieksa, puh. +35845 263 6655. sp: <a href=\"mailto:lieksan.tukipiste@kolumbus.fi\">lieksan.tukipiste@kolumbus.fi<\/a><\/p>\n<p><strong>Aukioloajat (kes\u00e4aika) 1.6. &#8211; 1.9.&nbsp;<\/strong><br>ma &#8211; pe&nbsp; klo&nbsp; &nbsp;10.00 &nbsp;\u2013 &nbsp;17.00<\/p>\n<p>la &#8211; su&nbsp; klo&nbsp; &nbsp;13.00 &nbsp;\u2013 &nbsp;17.00<\/p>\n<p><strong>Aukioloajat (talviaika) 1.9. &#8211; 31.5.&nbsp; ma-pe klo 10.00 \u2013 15.00&nbsp;<br><\/strong>Muuna aikana tilauksesta.<\/p>\n<p><strong>Opastus:<\/strong> Pielisen Karjalan Matkailuoppaat ry:lt\u00e4, puheenjohtaja Ritva Kilpel\u00e4inen, puh. +35840 576 5767, Ritva Liitti-\u00d6stman sihteeri, puh. +35844 572 4856 sek\u00e4&nbsp; ja Ritva Malinen, puh. +35844 2592 553. S\u00e4hk\u00f6posti: <a href=\"mailto:lieksan.oppaat@gmail.com\">lieksan.oppaat@gmail.com<\/a><\/p>\n<p>Lieksan Tukipisteen kahvio avoinna ma &#8211; pe&nbsp; klo 9.00 &#8211; 15.00. Lis\u00e4tietoa ravintolapalveluista nettisivuilta <a href=\"http:\/\/www.lieksantukipiste.fi\/\"><strong>T\u00c4\u00c4LT\u00c4<\/strong><\/a>:<\/p>\n<p>** ** **&nbsp;<\/p>\n\n\n<p><strong>Rukaj\u00e4rvi-keskus Kiuruvedell\u00e4<\/strong> <\/p>\n\n\n\n<p>Hotelli Peltohovi, os. Asematie 9, 74700 Kiuruvesi, puh. 010 340 7735. Lis\u00e4tietoa keskuksen varauksista, hotelli- ja ravintolapalveluista <strong><a href=\"http:\/\/www.hotellipeltohovi.fi\">T\u00c4\u00c4LT\u00c4<\/a><\/strong>: <\/p>\n\n\n\n<p><strong>Aukioloajat<\/strong> <strong>Kiuruvedell\u00e4<\/strong>: 15.3.2026 l\u00e4htien ma-pe klo 10 &#8211; 15, la klo 14 &#8211; 18, muuna aikana varauksesta, opastuksesta, tarjoilusta ja tilavarauksesta sovittava erikseen Hotelli Peltohovin kanssa.<\/p>\n\n\n\n<p><strong>Rukaj\u00e4rvi-keskus Raatteentie 183 n\u00e4yttely<\/strong><\/p>\n\n\n\n<p>+358 44 5428050 &#8211; ma . la, 9:00-19:00, Talviaikana suljettu.<\/p>\n","protected":false},"excerpt":{"rendered":"<p>Lieksan keskus Lieksan rautatieasemaLiput aukioloaikoine keskuksesta, tiedustelut Lieksan Tukipiste ry.Asema-Aukio 2&nbsp;(Viereinen Asemarakennus, k\u00e4ynti ratapihan puolelta)81700 Lieksa, puh. +35845 263 6655. sp: lieksan.tukipiste@kolumbus.fi Aukioloajat (kes\u00e4aika) 1.6. &#8211; 1.9.&nbsp;ma &#8211; pe&nbsp; klo&nbsp; <a class=\"more-link\" href=\"http:\/\/www.rukajarvensuunnanhistoriayhdistys.fi\/rukajarvikeskus\/sijainti-ja-yhteystiedot\/\">Lue lis\u00e4\u00e4&#8230;<span class=\"screen-reader-text\">Aukioloajat<\/span><span class=\"meta-nav\">\u2192<\/span><\/a><\/p>\n","protected":false},"author":1,"featured_media":0,"parent":0,"menu_order":7,"comment_status":"closed","ping_status":"open","template":"","meta":{"ngg_post_thumbnail":0,"footnotes":""},"class_list":["post-74","page","type-page","status-publish","hentry"],"jetpack_sharing_enabled":true,"jetpack_shortlink":"https:\/\/wp.me\/P72N2f-1c","_links":{"self":[{"href":"http:\/\/www.rukajarvensuunnanhistoriayhdistys.fi\/rukajarvikeskus\/wp-json\/wp\/v2\/pages\/74","targetHints":{"allow":["GET"]}}],"collection":[{"href":"http:\/\/www.rukajarvensuunnanhistoriayhdistys.fi\/rukajarvikeskus\/wp-json\/wp\/v2\/pages"}],"about":[{"href":"http:\/\/www.rukajarvensuunnanhistoriayhdistys.fi\/rukajarvikeskus\/wp-json\/wp\/v2\/types\/page"}],"author":[{"embeddable":true,"href":"http:\/\/www.rukajarvensuunnanhistoriayhdistys.fi\/rukajarvikeskus\/wp-json\/wp\/v2\/users\/1"}],"replies":[{"embeddable":true,"href":"http:\/\/www.rukajarvensuunnanhistoriayhdistys.fi\/rukajarvikeskus\/wp-json\/wp\/v2\/comments?post=74"}],"version-history":[{"count":58,"href":"http:\/\/www.rukajarvensuunnanhistoriayhdistys.fi\/rukajarvikeskus\/wp-json\/wp\/v2\/pages\/74\/revisions"}],"predecessor-version":[{"id":12371,"href":"http:\/\/www.rukajarvensuunnanhistoriayhdistys.fi\/rukajarvikeskus\/wp-json\/wp\/v2\/pages\/74\/revisions\/12371"}],"wp:attachment":[{"href":"http:\/\/www.rukajarvensuunnanhistoriayhdistys.fi\/rukajarvikeskus\/wp-json\/wp\/v2\/media?parent=74"}],"curies":[{"name":"wp","href":"https:\/\/api.w.org\/{rel}","templated":true}]}}