{"id":10680,"date":"2020-10-05T22:04:17","date_gmt":"2020-10-05T19:04:17","guid":{"rendered":"http:\/\/www.rukajarvensuunnanhistoriayhdistys.fi\/rukajarvikeskus\/?post_type=product&#038;p=10680"},"modified":"2020-12-24T00:05:35","modified_gmt":"2020-12-23T21:05:35","slug":"tulenjohtolennot-tykistolennot-rukajarven-suunnalla-1942-1944","status":"publish","type":"product","link":"http:\/\/www.rukajarvensuunnanhistoriayhdistys.fi\/rukajarvikeskus\/tuote\/tulenjohtolennot-tykistolennot-rukajarven-suunnalla-1942-1944\/","title":{"rendered":"Tulenjohtolennot \u2013 Tykist\u00f6lennot Rukaj\u00e4rven suunnalla 1942\u20131944"},"content":{"rendered":"<div class=\"fcbkbttn_buttons_block\" id=\"fcbkbttn_left\"><div class=\"fcbkbttn_like \"><fb:like href=\"http:\/\/www.rukajarvensuunnanhistoriayhdistys.fi\/rukajarvikeskus\/tuote\/tulenjohtolennot-tykistolennot-rukajarven-suunnalla-1942-1944\/\" action=\"like\" colorscheme=\"light\" layout=\"button_count\"  size=\"small\"><\/fb:like><\/div><\/div><p><span style=\"color: #333333;\">Yhdistyksen uusimman kirjan kirjoittaja on yhdistyksen j\u00e4sen Hannu Siivonen. Kirjassa on 244 sivua (A4).<\/span><span style=\"color: #333333;\">Kirjasssa on katsaus Ilmavoimien lentoyksik\u00f6iden ja tykist\u00f6n yhteistoimintaan sek\u00e4 lentotiedustelun ett\u00e4 lentot\u00e4hysteisen tulenjohdon kehittymiseen Suomessa. Yleinen osuus k\u00e4sittelee ajanjaksoa itsen\u00e4isyyden alkuajoilta jatkosodan alkuun.<\/span><\/p>\n<p>Toimintaa tarkastellaan l\u00e4hemmin Rukaj\u00e4rven suunnalla 1941 \u2013 1944 Tiiksj\u00e4rvelt\u00e4 operoineiden lentolaivueiden 10 ja 14 sek\u00e4 niille alistettujen lentueiden toimintahistoriaa silm\u00e4illen. Lentolaivueet tukivat 14. Divisioonan tykist\u00f6n \u2013 Kentt\u00e4tykist\u00f6rykmentti 18 ja Raskas Patteristo 29<br \/>\nsotatoimia suunnalla.<\/p>\n","protected":false},"excerpt":{"rendered":"<p><span style=\"color: #333333;\">Yhdistyksen uusimman kirjan kirjoittaja on yhdistyksen j\u00e4sen Hannu Siivonen. Kirjassa on 244 sivua (A4).<\/span><span style=\"color: #333333;\">Kirjasssa on katsaus Ilmavoimien lentoyksik\u00f6iden ja tykist\u00f6n yhteistoimintaan sek\u00e4 lentotiedustelun ett\u00e4 lentot\u00e4hysteisen tulenjohdon kehittymiseen Suomessa. Yleinen osuus k\u00e4sittelee ajanjaksoa itsen\u00e4isyyden alkuajoilta jatkosodan alkuun.<\/span><\/p>\n<p>Kirjan hinta 40 \u20ac + l\u00e4hetyskulut 10 \u20ac.<\/p>\n<p>Huom! Rukaj\u00e4rvikeskus l\u00e4hett\u00e4\u00e4 erillisen laskun ennen kirjan toimitusta. Kun lasku on maksettu, kirja postitetaan asiakkaalle.<\/p>\n<p>Kirjan voi noutaa tai ostaa Lieksan Rukaj\u00e4rvikeskuksesta ilman toimituskuluja. <a class=\"more-link\" href=\"http:\/\/www.rukajarvensuunnanhistoriayhdistys.fi\/rukajarvikeskus\/tuote\/tulenjohtolennot-tykistolennot-rukajarven-suunnalla-1942-1944\/\">Lue lis\u00e4\u00e4&#8230;<span class=\"screen-reader-text\">Tulenjohtolennot \u2013 Tykist\u00f6lennot Rukaj\u00e4rven suunnalla 1942\u20131944<\/span><span class=\"meta-nav\">\u2192<\/span><\/a><\/p>\n","protected":false},"featured_media":10681,"comment_status":"closed","ping_status":"closed","template":"","meta":{"ngg_post_thumbnail":0},"product_brand":[],"product_cat":[33],"product_tag":[],"class_list":{"0":"post-10680","1":"product","2":"type-product","3":"status-publish","4":"has-post-thumbnail","6":"product_cat-kirjat","8":"first","9":"instock","10":"shipping-taxable","11":"purchasable","12":"product-type-simple"},"jetpack_sharing_enabled":true,"_links":{"self":[{"href":"http:\/\/www.rukajarvensuunnanhistoriayhdistys.fi\/rukajarvikeskus\/wp-json\/wp\/v2\/product\/10680","targetHints":{"allow":["GET"]}}],"collection":[{"href":"http:\/\/www.rukajarvensuunnanhistoriayhdistys.fi\/rukajarvikeskus\/wp-json\/wp\/v2\/product"}],"about":[{"href":"http:\/\/www.rukajarvensuunnanhistoriayhdistys.fi\/rukajarvikeskus\/wp-json\/wp\/v2\/types\/product"}],"replies":[{"embeddable":true,"href":"http:\/\/www.rukajarvensuunnanhistoriayhdistys.fi\/rukajarvikeskus\/wp-json\/wp\/v2\/comments?post=10680"}],"wp:featuredmedia":[{"embeddable":true,"href":"http:\/\/www.rukajarvensuunnanhistoriayhdistys.fi\/rukajarvikeskus\/wp-json\/wp\/v2\/media\/10681"}],"wp:attachment":[{"href":"http:\/\/www.rukajarvensuunnanhistoriayhdistys.fi\/rukajarvikeskus\/wp-json\/wp\/v2\/media?parent=10680"}],"wp:term":[{"taxonomy":"product_brand","embeddable":true,"href":"http:\/\/www.rukajarvensuunnanhistoriayhdistys.fi\/rukajarvikeskus\/wp-json\/wp\/v2\/product_brand?post=10680"},{"taxonomy":"product_cat","embeddable":true,"href":"http:\/\/www.rukajarvensuunnanhistoriayhdistys.fi\/rukajarvikeskus\/wp-json\/wp\/v2\/product_cat?post=10680"},{"taxonomy":"product_tag","embeddable":true,"href":"http:\/\/www.rukajarvensuunnanhistoriayhdistys.fi\/rukajarvikeskus\/wp-json\/wp\/v2\/product_tag?post=10680"}],"curies":[{"name":"wp","href":"https:\/\/api.w.org\/{rel}","templated":true}]}}