{"id":11524,"date":"2024-03-10T22:20:23","date_gmt":"2024-03-10T19:20:23","guid":{"rendered":"http:\/\/www.rukajarvensuunnanhistoriayhdistys.fi\/rukajarvikeskus\/?post_type=product&#038;p=11524"},"modified":"2024-03-10T22:20:23","modified_gmt":"2024-03-10T19:20:23","slug":"narrien-kynsissa","status":"publish","type":"product","link":"http:\/\/www.rukajarvensuunnanhistoriayhdistys.fi\/rukajarvikeskus\/tuote\/narrien-kynsissa\/","title":{"rendered":"Narrien kynsiss\u00e4"},"content":{"rendered":"<div class=\"fcbkbttn_buttons_block\" id=\"fcbkbttn_left\"><div class=\"fcbkbttn_like \"><fb:like href=\"http:\/\/www.rukajarvensuunnanhistoriayhdistys.fi\/rukajarvikeskus\/tuote\/narrien-kynsissa\/\" action=\"like\" colorscheme=\"light\" layout=\"button_count\"  size=\"small\"><\/fb:like><\/div><\/div><p><span style=\"color: #333333;\">A4\/406 s sivua, kovakantinen<\/span><\/p>\n<p>Tikkanen on yhdistyksemme pitk\u00e4aikainen puheenjohtaja ja h\u00e4n haluaa tukea yhdistyksen Lieksan Rukaj\u00e4rvi-keskuksen hanketta t\u00e4m\u00e4n kirjan tuotolla. \u201dNarrien\u201d kynsiss\u00e4 on ensimm\u00e4inen osa h\u00e4nen muistelmateoksistaan. T\u00e4m\u00e4 k\u00e4sittelee kolmea oikeustapausta. Tikkanen oli kiinnostunut Kouri-kaupoista erikoisella tavalla. Julkisessa sanassa Fryckman oli leimattu verorikolliseksi. Siihen puuttui toimittaja Markku Lehtola. H\u00e4n vaati mm. Iltalehdess\u00e4 12.12.2015 julkaisemaan juttuun oikaisua. Sit\u00e4 ei tehty.<\/p>\n<p>Todellisuudessa Fryckmanin tuomio oli velallisen petoksista. Tikkanen kiinnostui kiistasta ja nyt h\u00e4n esitt\u00e4\u00e4 perustelut sille, miksi verotusp\u00e4\u00e4t\u00f6kset ovat lakiin perustumattomia. Lopputulos on Tikkasen mukaan oikeusmurha. Fryckmanin omaisuus on kokonaan viety eik\u00e4 Fryckmanin huutokauppahinnoin\u201d m\u00e4\u00e4ritelty yli 100 miljoonan euron omaisuus riitt\u00e4nyt vaivaisen 32,5 milj. markan eli 5,4 miljoonan euron verojen maksuun. Lis\u00e4ksi Fryckman on k\u00e4rsinyt v\u00e4\u00e4rien verotusp\u00e4\u00e4t\u00f6sten seurauksena maan pisimm\u00e4n talousrikostuomion.<\/p>\n<p>Pankit anastivat Fryckmainilta l\u00e4hes miljardin. Tikkasen tutkimus osoittaa erikoisen piirteen, anastaminen tapahtui viranomaisen eli Pankkitarkastusviraston vaatimuksesta. Tikkasen mukaan pankkien intressiss\u00e4 oli huutaa ja osoittaa sormella \u201dottakaa varas kiinni\u201d, vaikka KOP oli itse syyp\u00e4\u00e4n\u00e4.<\/p>\n<p>Tikkasen esitt\u00e4m\u00e4\u00e4n kysymykseen l\u00f6ytyisi ratkaisu. KKO:n tulisi oma-aloitteisesti purkaa v\u00e4\u00e4r\u00e4t p\u00e4\u00e4t\u00f6kset, mik\u00e4 samalla palauttaisi uskon oikeuslaitokseen.<\/p>\n<p>Toinen oikeudenloukkaus koskee maan ylimp\u00e4\u00e4n poliisijohtajaan kohdistuvaa ajojahtia. Poliisijohtajan k\u00e4yt\u00f6ksess\u00e4 oli toki toivomisen varaa, mink\u00e4 Tikkanen kertoo tuntevansa oikein hyvin jo KRP:n ja Vankeinhoitolaitoksen ajoilta yksityiskohtaisesti. Tikkanen katsoo, ett\u00e4 heikkouksistaan huolimatta Salmistakin olisi tullut k\u00e4sitell\u00e4 Suomen lakien mukaisesti. Siksi h\u00e4n asettui puolustamaan Salmista. Sen taistelun Salminen voitti. Salminenkaan ei kest\u00e4nyt kaikkea, kunto petti ja h\u00e4n kuoli kesken oikeusprosessin.<\/p>\n<p>Kolmas tapaus koskee Tikkasen vanhempien potilasasiakirjojen salailua. Satumainen tarina. Ensin oli salassa pidett\u00e4v\u00e4 asiakirja h\u00e4nen \u00e4itins\u00e4 hautauslupa-asiakirja. Kaksi saattohoitop\u00e4\u00e4t\u00f6st\u00e4 ilman, ett\u00e4 l\u00e4\u00e4k\u00e4ri vaivautui keskustelemaan Tikkasen kanssa, her\u00e4tti ep\u00e4ilykset. T\u00e4m\u00e4 juttu p\u00e4\u00e4ttyi onnellisesti. KHO osasi lukea Tikkasen mukaan lakia oikein ja teki vuosikirjap\u00e4\u00e4t\u00f6ksen 2023:37. Sen Tikkanen sai Kansallisen veteraanip\u00e4iv\u00e4n aamuna 27.4.2023 tasan kello 8.00, aivan kuin annettu lahja veteraanipariskunnalle. Asiakirjat todistivat Tikkasen ep\u00e4ilyn oikeaksi \u2013 potilasasiakirjat oli v\u00e4\u00e4rennetty.<\/p>\n<p>Miten oli mahdollista, ett\u00e4 Tikkasen molempien vanhempien kohdalla tapahtui samat virheet. Tikkanen sai aivan sattumalta ohimennen tiet\u00e4\u00e4, ett\u00e4 vanhempien l\u00e4\u00e4kitys oli lopetettu saattohoitop\u00e4\u00e4t\u00f6ksen vuoksi, ilman, ett\u00e4 asiasta keskusteltiin ensin omaisen kanssa.<\/p>\n<p>T\u00e4m\u00e4n oikeustaistelun Tikkanen kertoo tehneens\u00e4 vain sen vuoksi, ett\u00e4 kaikki kansalaiset voisivat el\u00e4\u00e4 turvassa.<\/p>\n","protected":false},"excerpt":{"rendered":"<p><span style=\"color: #333333;\">A4\/406 s sivua, kovakantinen<\/span><\/p>\n<p>Tikkanen on yhdistyksemme pitk\u00e4aikainen puheenjohtaja ja h\u00e4n haluaa tukea yhdistyksen Lieksan Rukaj\u00e4rvi-keskuksen hanketta t\u00e4m\u00e4n kirjan tuotolla. \u201dNarrien\u201d kynsiss\u00e4 on ensimm\u00e4inen osa h\u00e4nen muistelmateoksistaan. T\u00e4m\u00e4 k\u00e4sittelee kolmea oikeustapausta. Tikkanen oli kiinnostunut Kouri-kaupoista erikoisella tavalla. Julkisessa sanassa Fryckman oli leimattu verorikolliseksi. Siihen puuttui toimittaja Markku Lehtola. H\u00e4n vaati mm. Iltalehdess\u00e4 12.12.2015 julkaisemaan juttuun oikaisua. Sit\u00e4 ei tehty. <a class=\"more-link\" href=\"http:\/\/www.rukajarvensuunnanhistoriayhdistys.fi\/rukajarvikeskus\/tuote\/narrien-kynsissa\/\">Lue lis\u00e4\u00e4&#8230;<span class=\"screen-reader-text\">Narrien kynsiss\u00e4<\/span><span class=\"meta-nav\">\u2192<\/span><\/a><\/p>\n","protected":false},"featured_media":11525,"comment_status":"closed","ping_status":"closed","template":"","meta":{"ngg_post_thumbnail":0},"product_brand":[],"product_cat":[48],"product_tag":[],"class_list":{"0":"post-11524","1":"product","2":"type-product","3":"status-publish","4":"has-post-thumbnail","6":"product_cat-uncategorized","8":"first","9":"instock","10":"shipping-taxable","11":"purchasable","12":"product-type-simple"},"jetpack_sharing_enabled":true,"_links":{"self":[{"href":"http:\/\/www.rukajarvensuunnanhistoriayhdistys.fi\/rukajarvikeskus\/wp-json\/wp\/v2\/product\/11524","targetHints":{"allow":["GET"]}}],"collection":[{"href":"http:\/\/www.rukajarvensuunnanhistoriayhdistys.fi\/rukajarvikeskus\/wp-json\/wp\/v2\/product"}],"about":[{"href":"http:\/\/www.rukajarvensuunnanhistoriayhdistys.fi\/rukajarvikeskus\/wp-json\/wp\/v2\/types\/product"}],"replies":[{"embeddable":true,"href":"http:\/\/www.rukajarvensuunnanhistoriayhdistys.fi\/rukajarvikeskus\/wp-json\/wp\/v2\/comments?post=11524"}],"wp:featuredmedia":[{"embeddable":true,"href":"http:\/\/www.rukajarvensuunnanhistoriayhdistys.fi\/rukajarvikeskus\/wp-json\/wp\/v2\/media\/11525"}],"wp:attachment":[{"href":"http:\/\/www.rukajarvensuunnanhistoriayhdistys.fi\/rukajarvikeskus\/wp-json\/wp\/v2\/media?parent=11524"}],"wp:term":[{"taxonomy":"product_brand","embeddable":true,"href":"http:\/\/www.rukajarvensuunnanhistoriayhdistys.fi\/rukajarvikeskus\/wp-json\/wp\/v2\/product_brand?post=11524"},{"taxonomy":"product_cat","embeddable":true,"href":"http:\/\/www.rukajarvensuunnanhistoriayhdistys.fi\/rukajarvikeskus\/wp-json\/wp\/v2\/product_cat?post=11524"},{"taxonomy":"product_tag","embeddable":true,"href":"http:\/\/www.rukajarvensuunnanhistoriayhdistys.fi\/rukajarvikeskus\/wp-json\/wp\/v2\/product_tag?post=11524"}],"curies":[{"name":"wp","href":"https:\/\/api.w.org\/{rel}","templated":true}]}}