{"id":11526,"date":"2024-03-10T22:25:34","date_gmt":"2024-03-10T19:25:34","guid":{"rendered":"http:\/\/www.rukajarvensuunnanhistoriayhdistys.fi\/rukajarvikeskus\/?post_type=product&#038;p=11526"},"modified":"2024-03-10T22:25:34","modified_gmt":"2024-03-10T19:25:34","slug":"hulluudesta-jolla-maailmaa-hallitaan","status":"publish","type":"product","link":"http:\/\/www.rukajarvensuunnanhistoriayhdistys.fi\/rukajarvikeskus\/tuote\/hulluudesta-jolla-maailmaa-hallitaan\/","title":{"rendered":"Hulluudesta jolla maailmaa hallitaan"},"content":{"rendered":"<div class=\"fcbkbttn_buttons_block\" id=\"fcbkbttn_left\"><div class=\"fcbkbttn_like \"><fb:like href=\"http:\/\/www.rukajarvensuunnanhistoriayhdistys.fi\/rukajarvikeskus\/tuote\/hulluudesta-jolla-maailmaa-hallitaan\/\" action=\"like\" colorscheme=\"light\" layout=\"button_count\"  size=\"small\"><\/fb:like><\/div><\/div><p>Professori, filosofian tohtori Keijo Korhonen syntyi Paltamossa 23.2.1934. Korhonen kuoli Puolustusvoimain lippujuhlan p\u00e4iv\u00e4n\u00e4 4.6.2022 Arizonassa Yhdysvalloissa 88-vuotiaana.<\/p>\n<p>T\u00e4m\u00e4n kirjan h\u00e4n kirjoitti jo vuonna 2019. Kirja oli tarkoitus julkaista Suomessa h\u00e4nen saapuessaan synnyinpit\u00e4j\u00e4\u00e4ns\u00e4 Paltamoon, miss\u00e4 h\u00e4n vietti puolisonsa Anitan kanssa el\u00e4kep\u00e4iviens\u00e4 kes\u00e4t.<\/p>\n<p>Keijo Korhonen on pitk\u00e4aikainen ulkopolitiikan vaikuttaja. Korhonen on toiminut muun muassa Suomen ulkoministerin\u00e4 ja YK-suurl\u00e4hettil\u00e4\u00e4n\u00e4, dosenttina ja professorina Helsingin yliopistossa sek\u00e4 Arizonan yliopistossa ja mm. Kainuun Sanomien p\u00e4\u00e4toimittajana. H\u00e4net tunnetaan ulkopolitiikan asiantuntijana, historiantutkijana ja suorapuheisena keskustelijana.<\/p>\n<p>T\u00e4m\u00e4n teoksen k\u00e4sikirjoitus valmistui kev\u00e4\u00e4ll\u00e4 2019. Kustantajaa ei nykysuomessa ole helppoa l\u00f6yt\u00e4\u00e4. Ja syy taitaa olla t\u00e4m\u00e4n teoksen sis\u00e4ll\u00f6ss\u00e4. Teoksen on toimittanut ty\u00f6ryhm\u00e4, joka koostuu historiayhdistyksen j\u00e4senist\u00e4, joihin my\u00f6s Keijo Korhonen itse kuului. Ty\u00f6ryhm\u00e4 haluaa t\u00e4m\u00e4n teoksen julkaisemisen my\u00f6t\u00e4 ilmaista huolensa my\u00f6s maamme sananvapauden tilasta. Ty\u00f6ryhm\u00e4n mielest\u00e4 maan ulkopoliittinen keskustelu on ajettu vaaralliselle tielle, jossa on tilaa vain yhdelle mielipiteelle.<\/p>\n<p>Keijo Korhonen kutsuttiin usein veteraanien j\u00e4rjest\u00e4miin tilaisuuksiin juhlapuhujaksi. Veteraanien keskuudessa h\u00e4n oli suosittu ja odotettu vieras. Keijo nautti suurta arvostusta veteraanien keskuudessa. H\u00e4nen Kuhmon v. 1990 tilaisuudessa pit\u00e4m\u00e4ns\u00e4 puhe oli erityisen vaikuttava, joka muistetaan my\u00f6s siit\u00e4, ett\u00e4 puhujalava oli rakennettu j\u00e4rven p\u00e4\u00e4lle.<\/p>\n<p>Keijo Korhonen omisti t\u00e4m\u00e4n kirjansa maamme kunniakansalaisille \u2013 sotiemme veteraaneille \u2013 ja koko sodank\u00e4yneelle Suomen Suurimmalle Sukupolvelle sek\u00e4 heid\u00e4n ty\u00f6lleen. He nostivat maamme vapaana kansakuntana ja ilman ulkopuolisten apua syv\u00e4st\u00e4 rotkosta ja sen j\u00e4lkeen ennen n\u00e4kem\u00e4tt\u00f6m\u00e4\u00e4n vaurauteen.<\/p>\n<p>Kirjan kuvituskuvat on tehnyt kotiseutuneuvos Lauri Winberg ja lieksalainen taiteilija Hannu Hypp\u00e4nen. Valokuvat ovat per\u00e4isin Keijo Korhosen kotiarkistosta.<\/p>\n<p>Mielest\u00e4mme kirja on ajankohtaisempi t\u00e4n\u00e4 p\u00e4iv\u00e4n\u00e4 kuin k\u00e4sikirjoituksen valmistuessa.<\/p>\n<p>Keijo Korhosen uskoisi keskittyv\u00e4n yksin ulkopoliittisten kysymysten k\u00e4sittelyyn. Meille oli yll\u00e4tt\u00e4v\u00e4\u00e4, ett\u00e4 h\u00e4nen kirjansa k\u00e4rki kohdistuukin ihmiskunnan olemassaolon vaaratekij\u00f6ihin, mik\u00e4 johtuu ilmastomuutoksesta.<\/p>\n<p>Kirjan tuotto k\u00e4ytet\u00e4\u00e4n yhdistyksemme j\u00e4senen Keijo Korhosen toivomuksen mukaisesti Lieksan Rukaj\u00e4rvi-keskuksen yhteyteen rakennettavan komentaja Raappanan komentokorsun Rukapirtin rakentamisesta aiheutuvien kustannusten kattamiseen.<\/p>\n","protected":false},"excerpt":{"rendered":"<p><span style=\"color: #333333;\">A5\/148 sivua, kovakantinen <\/span><\/p>\n<p>Professori, filosofian tohtori Keijo Korhonen syntyi Paltamossa 23.2.1934. Korhonen kuoli Puolustusvoimain lippujuhlan p\u00e4iv\u00e4n\u00e4 4.6.2022 Arizonassa Yhdysvalloissa 88-vuotiaana.<\/p>\n<p>T\u00e4m\u00e4n kirjan h\u00e4n kirjoitti jo vuonna 2019. Kirja oli tarkoitus julkaista Suomessa h\u00e4nen saapuessaan synnyinpit\u00e4j\u00e4\u00e4ns\u00e4 Paltamoon, miss\u00e4 h\u00e4n vietti puolisonsa Anitan kanssa el\u00e4kep\u00e4iviens\u00e4 kes\u00e4t. <a class=\"more-link\" href=\"http:\/\/www.rukajarvensuunnanhistoriayhdistys.fi\/rukajarvikeskus\/tuote\/hulluudesta-jolla-maailmaa-hallitaan\/\">Lue lis\u00e4\u00e4&#8230;<span class=\"screen-reader-text\">Hulluudesta jolla maailmaa hallitaan<\/span><span class=\"meta-nav\">\u2192<\/span><\/a><\/p>\n","protected":false},"featured_media":11527,"comment_status":"closed","ping_status":"closed","template":"","meta":{"ngg_post_thumbnail":0},"product_brand":[],"product_cat":[48],"product_tag":[],"class_list":{"0":"post-11526","1":"product","2":"type-product","3":"status-publish","4":"has-post-thumbnail","6":"product_cat-uncategorized","8":"first","9":"instock","10":"shipping-taxable","11":"purchasable","12":"product-type-simple"},"jetpack_sharing_enabled":true,"_links":{"self":[{"href":"http:\/\/www.rukajarvensuunnanhistoriayhdistys.fi\/rukajarvikeskus\/wp-json\/wp\/v2\/product\/11526","targetHints":{"allow":["GET"]}}],"collection":[{"href":"http:\/\/www.rukajarvensuunnanhistoriayhdistys.fi\/rukajarvikeskus\/wp-json\/wp\/v2\/product"}],"about":[{"href":"http:\/\/www.rukajarvensuunnanhistoriayhdistys.fi\/rukajarvikeskus\/wp-json\/wp\/v2\/types\/product"}],"replies":[{"embeddable":true,"href":"http:\/\/www.rukajarvensuunnanhistoriayhdistys.fi\/rukajarvikeskus\/wp-json\/wp\/v2\/comments?post=11526"}],"wp:featuredmedia":[{"embeddable":true,"href":"http:\/\/www.rukajarvensuunnanhistoriayhdistys.fi\/rukajarvikeskus\/wp-json\/wp\/v2\/media\/11527"}],"wp:attachment":[{"href":"http:\/\/www.rukajarvensuunnanhistoriayhdistys.fi\/rukajarvikeskus\/wp-json\/wp\/v2\/media?parent=11526"}],"wp:term":[{"taxonomy":"product_brand","embeddable":true,"href":"http:\/\/www.rukajarvensuunnanhistoriayhdistys.fi\/rukajarvikeskus\/wp-json\/wp\/v2\/product_brand?post=11526"},{"taxonomy":"product_cat","embeddable":true,"href":"http:\/\/www.rukajarvensuunnanhistoriayhdistys.fi\/rukajarvikeskus\/wp-json\/wp\/v2\/product_cat?post=11526"},{"taxonomy":"product_tag","embeddable":true,"href":"http:\/\/www.rukajarvensuunnanhistoriayhdistys.fi\/rukajarvikeskus\/wp-json\/wp\/v2\/product_tag?post=11526"}],"curies":[{"name":"wp","href":"https:\/\/api.w.org\/{rel}","templated":true}]}}