{"id":12068,"date":"2025-06-24T21:54:46","date_gmt":"2025-06-24T18:54:46","guid":{"rendered":"http:\/\/www.rukajarvensuunnanhistoriayhdistys.fi\/rukajarvikeskus\/?post_type=product&#038;p=12068"},"modified":"2025-06-24T21:54:47","modified_gmt":"2025-06-24T18:54:47","slug":"viimeinen-pisara-verotarkastajan-muistelmat-osa-2","status":"publish","type":"product","link":"http:\/\/www.rukajarvensuunnanhistoriayhdistys.fi\/rukajarvikeskus\/tuote\/viimeinen-pisara-verotarkastajan-muistelmat-osa-2\/","title":{"rendered":"Viimeinen pisara \u2013 verotarkastajan muistelmat osa 2"},"content":{"rendered":"<div class=\"fcbkbttn_buttons_block\" id=\"fcbkbttn_left\"><div class=\"fcbkbttn_like \"><fb:like href=\"http:\/\/www.rukajarvensuunnanhistoriayhdistys.fi\/rukajarvikeskus\/tuote\/viimeinen-pisara-verotarkastajan-muistelmat-osa-2\/\" action=\"like\" colorscheme=\"light\" layout=\"button_count\"  size=\"small\"><\/fb:like><\/div><\/div><p class=\"p1\">Viimeinen pisara \u2013 verotarkastaja muistelee, on Tenho Tikkasen jatko-osa teokselle Narrien kynsiss\u00e4 , ja se vie lukijan syv\u00e4lle suomalaisen hallinnon kulissien taakse. Kirjassa kerrotaan asiakirjoihin perustuen, kuinka maan suurin veropetos j\u00e4i tutkimatta hallinnon johdon kiellon vuoksi \u2013 ja kuinka samaan aikaan ty\u00f6ss\u00e4\u00e4n onnistunut virkamies joutui ajojahdin kohteeksi.<\/p>\n<p class=\"p1\">Lopulta paljastuu, ett\u00e4 nepotismin vuoksi, mik\u00e4 ei demoralisoi pelkk\u00e4\u00e4 hallintoa, vaan koko j\u00e4rjestelm\u00e4n.<\/p>\n<p class=\"p1\">Tikkanen kuvaa kipeit\u00e4 kokemuksiaan: mielivallan kohteeksi joutumista, oikeudenk\u00e4yntej\u00e4, ihmisoikeusloukkauksia ja viranomaisv\u00e4\u00e4rink\u00e4yt\u00f6ksi\u00e4, jotka olivat vied\u00e4 terveyden ja jopa hengen. H\u00e4n ei kirjoita vain itsest\u00e4\u00e4n \u2013 vaan kertoo my\u00f6s niist\u00e4 lukuisista ihmisist\u00e4, jotka h\u00e4nen tavoin joutuivat kokemaan oikeusvaltion varjoisan puolen.<\/p>\n<p class=\"p1\">Kirja nostaa esiin kysymyksi\u00e4, jotka pys\u00e4ytt\u00e4v\u00e4t jokaisen oikeudenmukaisuutta arvostavan kansalaisen: Voiko kansalainen en\u00e4\u00e4 luottaa siihen, ett\u00e4 lait suojelevat h\u00e4nt\u00e4 \u2013 eik\u00e4 p\u00e4invastoin, j\u00e4rjestelm\u00e4 suojelee vain itse\u00e4\u00e4n? Mit\u00e4 tapahtuu yhteiskunnassa, jossa asioita ei ratkaista ennalta s\u00e4\u00e4detyn lain mukaisesti neuvottelemalla, vaan mielivaltaisesti painostamalla ja vaientamalla?<\/p>\n<p class=\"p1\">Viimeinen pisara on kertomus siit\u00e4, kuinka yksi ihminen puolustaa laillisia oikeuksiaan ja periaatteitaan, silloinkin kun vastassa on kokonainen j\u00e4rjestelm\u00e4. Se on puheenvuoro oikeudenmukaisuuden puolesta \u2013 toivoen, ett\u00e4 menneest\u00e4 voidaan oppia ennen kuin on liian my\u00f6h\u00e4ist\u00e4.<\/p>\n","protected":false},"excerpt":{"rendered":"<p class=\"p1\">Viimeinen pisara \u2013 verotarkastaja muistelee, on Tenho Tikkasen jatko-osa teokselle Narrien kynsiss\u00e4 , ja se vie lukijan syv\u00e4lle suomalaisen hallinnon kulissien taakse. Kirjassa kerrotaan asiakirjoihin perustuen, kuinka maan suurin veropetos j\u00e4i tutkimatta hallinnon johdon kiellon vuoksi \u2013 ja kuinka samaan aikaan ty\u00f6ss\u00e4\u00e4n onnistunut virkamies joutui ajojahdin kohteeksi.<\/p>\n<p> <a class=\"more-link\" href=\"http:\/\/www.rukajarvensuunnanhistoriayhdistys.fi\/rukajarvikeskus\/tuote\/viimeinen-pisara-verotarkastajan-muistelmat-osa-2\/\">Lue lis\u00e4\u00e4&#8230;<span class=\"screen-reader-text\">Viimeinen pisara \u2013 verotarkastajan muistelmat osa 2<\/span><span class=\"meta-nav\">\u2192<\/span><\/a><\/p>\n","protected":false},"featured_media":12069,"comment_status":"closed","ping_status":"closed","template":"","meta":{"ngg_post_thumbnail":0},"product_brand":[],"product_cat":[48],"product_tag":[],"class_list":{"0":"post-12068","1":"product","2":"type-product","3":"status-publish","4":"has-post-thumbnail","6":"product_cat-uncategorized","8":"first","9":"instock","10":"shipping-taxable","11":"purchasable","12":"product-type-simple"},"jetpack_sharing_enabled":true,"_links":{"self":[{"href":"http:\/\/www.rukajarvensuunnanhistoriayhdistys.fi\/rukajarvikeskus\/wp-json\/wp\/v2\/product\/12068","targetHints":{"allow":["GET"]}}],"collection":[{"href":"http:\/\/www.rukajarvensuunnanhistoriayhdistys.fi\/rukajarvikeskus\/wp-json\/wp\/v2\/product"}],"about":[{"href":"http:\/\/www.rukajarvensuunnanhistoriayhdistys.fi\/rukajarvikeskus\/wp-json\/wp\/v2\/types\/product"}],"replies":[{"embeddable":true,"href":"http:\/\/www.rukajarvensuunnanhistoriayhdistys.fi\/rukajarvikeskus\/wp-json\/wp\/v2\/comments?post=12068"}],"wp:featuredmedia":[{"embeddable":true,"href":"http:\/\/www.rukajarvensuunnanhistoriayhdistys.fi\/rukajarvikeskus\/wp-json\/wp\/v2\/media\/12069"}],"wp:attachment":[{"href":"http:\/\/www.rukajarvensuunnanhistoriayhdistys.fi\/rukajarvikeskus\/wp-json\/wp\/v2\/media?parent=12068"}],"wp:term":[{"taxonomy":"product_brand","embeddable":true,"href":"http:\/\/www.rukajarvensuunnanhistoriayhdistys.fi\/rukajarvikeskus\/wp-json\/wp\/v2\/product_brand?post=12068"},{"taxonomy":"product_cat","embeddable":true,"href":"http:\/\/www.rukajarvensuunnanhistoriayhdistys.fi\/rukajarvikeskus\/wp-json\/wp\/v2\/product_cat?post=12068"},{"taxonomy":"product_tag","embeddable":true,"href":"http:\/\/www.rukajarvensuunnanhistoriayhdistys.fi\/rukajarvikeskus\/wp-json\/wp\/v2\/product_tag?post=12068"}],"curies":[{"name":"wp","href":"https:\/\/api.w.org\/{rel}","templated":true}]}}