{"id":183,"date":"2013-12-27T22:42:25","date_gmt":"2013-12-27T20:42:25","guid":{"rendered":"http:\/\/www.rukajarvensuunnanhistoriayhdistys.fi\/historiayhdistys\/?page_id=183"},"modified":"2026-04-16T18:28:46","modified_gmt":"2026-04-16T15:28:46","slug":"toimintakertomukset-tilinpaatosasiakirjat","status":"publish","type":"page","link":"https:\/\/www.rukajarvensuunnanhistoriayhdistys.fi\/historiayhdistys\/tausta\/toimintakertomukset-tilinpaatosasiakirjat\/","title":{"rendered":"Toimintakertomukset &#8211; Tilinp\u00e4\u00e4t\u00f6sasiakirjat"},"content":{"rendered":"<div class=\"fcbkbttn_buttons_block\" id=\"fcbkbttn_left\"><div class=\"fcbkbttn_like \"><fb:like href=\"https:\/\/www.rukajarvensuunnanhistoriayhdistys.fi\/historiayhdistys\/tausta\/toimintakertomukset-tilinpaatosasiakirjat\/\" action=\"like\" colorscheme=\"light\" layout=\"button_count\"  size=\"small\"><\/fb:like><\/div><\/div><div title=\"Page 4\">\n<div title=\"Page 4\">\n<div title=\"Page 4\">\n<p>Toimintakertomus 2009 &#8211; 2011, (Tallennetaan my\u00f6hemmin)<\/p>\n<p>Toimintakertomus 2011 &#8211; 2012, (Tallennetaan my\u00f6hemmin)<\/p>\n<p><strong>Toimintakertomus 2012 &#8211; 2013<\/strong>, Luettavissa <a href=\"http:\/\/www.rukajarvensuunnanhistoriayhdistys.fi\/historiayhdistys\/wp-content\/uploads\/2018\/04\/RSHYry-Toimintakertomus-2012-2013.pdf\"><strong>T\u00c4\u00c4LT\u00c4<\/strong><\/a>:<\/p>\n<p>Toimintakertomus 2013 &#8211; 2014, (Tallennetaan my\u00f6hemmin)<\/p>\n<p>Toimintakertomus 2014 &#8211; 2015, (Tallennetaan my\u00f6hemmin)<\/p>\n<p>Toimintakertomus 2016,\u00a0 (Tallennetaan my\u00f6hemmin)<\/p>\n<p><strong>Toimintakertomus 2017<\/strong>, Luettavissa\u00a0 <a href=\"http:\/\/www.rukajarvensuunnanhistoriayhdistys.fi\/historiayhdistys\/wp-content\/uploads\/2018\/04\/L1-RSHY-Toimintakertomus-2017.pdf\"><strong>T\u00c4\u00c4LT\u00c4<\/strong><\/a>:<\/p>\n<p>Tilinp\u00e4\u00e4t\u00f6sasiakirjat 31.12.2017, Luettavissa <a href=\"http:\/\/www.rukajarvensuunnanhistoriayhdistys.fi\/historiayhdistys\/wp-content\/uploads\/2018\/04\/L3-Tilinp\u00e4\u00e4t\u00f6s-2017.pdf\"><strong>T\u00c4\u00c4LT\u00c4<\/strong><\/a>:<\/p>\n<p>T<strong>oimintakertomus 2018<\/strong>, Luettavissa\u00a0 <a href=\"http:\/\/www.rukajarvensuunnanhistoriayhdistys.fi\/historiayhdistys\/wp-content\/uploads\/2019\/03\/RSHY-Toimintakertomus-2018.pdf\"><strong>T\u00c4\u00c4LT\u00c4<\/strong><\/a>:<\/p>\n<p>Tilinp\u00e4\u00e4t\u00f6sasiakirjat 31.12.2018, Luettavissa <a href=\"http:\/\/www.rukajarvensuunnanhistoriayhdistys.fi\/historiayhdistys\/wp-content\/uploads\/2019\/03\/RSHY-TILINP\u00c4\u00c4T\u00d6S-2018.pdf\"><strong>T\u00c4\u00c4LT\u00c4<\/strong><\/a>:<\/p>\n<p><strong>Toimintakertomus 2019<\/strong>, Luettavissa\u00a0 <a href=\"http:\/\/www.rukajarvensuunnanhistoriayhdistys.fi\/historiayhdistys\/wp-content\/uploads\/2021\/04\/RSHY-Toimintakertomus-14-3-2019.pdf\"><strong>T\u00c4\u00c4LT\u00c4<\/strong><\/a>:<\/p>\n<p>Tilinp\u00e4\u00e4t\u00f6sasiakirjat 31.12.2019, Luettavissa <a href=\"http:\/\/www.rukajarvensuunnanhistoriayhdistys.fi\/historiayhdistys\/wp-content\/uploads\/2021\/04\/RSHY-Tilinpaatos-2019-Allekirjoitettu.pdf\"><strong>T\u00c4\u00c4LT\u00c4<\/strong><\/a>:<\/p>\n<p><strong>Toimintakertomus 2020<\/strong>, Luettavissa\u00a0 <a href=\"http:\/\/www.rukajarvensuunnanhistoriayhdistys.fi\/historiayhdistys\/wp-content\/uploads\/2021\/04\/RSHY-Toimintakertomus-2020.pdf\"><strong>T\u00c4\u00c4LT\u00c4<\/strong><\/a>:<\/p>\n<p>Tilinp\u00e4\u00e4t\u00f6sasiakirjat 31.12.2020, Luettavissa <a href=\"http:\/\/www.rukajarvensuunnanhistoriayhdistys.fi\/historiayhdistys\/wp-content\/uploads\/2021\/04\/RSHY-Tilinpaatos-2020.pdf\"><strong>T\u00c4\u00c4LT\u00c4<\/strong><\/a>:<\/p>\n<\/div>\n<\/div>\n<\/div>\n\n\n<p><strong>Toimintakertomus 2021<\/strong>, Luettavissa <strong><a href=\"http:\/\/www.rukajarvensuunnanhistoriayhdistys.fi\/historiayhdistys\/wp-content\/uploads\/2022\/03\/RSHY-Toimintakertomus-2021-hyvaksytty-1232022.pdf\">T\u00c4\u00c4LT\u00c4<\/a><\/strong>:<\/p>\n\n\n\n<p>Tilinp\u00e4\u00e4t\u00f6sasiakirjat 31.12.2021, Luettavissa <a href=\"http:\/\/www.rukajarvensuunnanhistoriayhdistys.fi\/historiayhdistys\/wp-content\/uploads\/2022\/02\/TILINPAATOS-2021-allekirjoitettu.pdf\"><strong>T\u00c4\u00c4LT\u00c4<\/strong><\/a>:<\/p>\n\n\n\n<p><strong>Toimintakertomus 202<\/strong>2, Luettavissa <strong><a href=\"http:\/\/www.rukajarvensuunnanhistoriayhdistys.fi\/historiayhdistys\/wp-content\/uploads\/2025\/04\/B-RSHY-Toimintakertomus-2022-_vuosikokous-hyvaksytty.pdf\">T\u00c4\u00c4LT\u00c4:<\/a><\/strong><\/p>\n\n\n\n<p>Tilinp\u00e4\u00e4t\u00f6sasiakirjat 31.12.2022, Luettavissa <strong>T\u00c4\u00c4LT\u00c4:<\/strong><\/p>\n\n\n\n<p><strong>Toimintakertomus 202<\/strong>3, Luettavissa <strong><a href=\"http:\/\/www.rukajarvensuunnanhistoriayhdistys.fi\/historiayhdistys\/wp-content\/uploads\/2025\/04\/RSHY-Toimintakertomus-2023-hyv-24.3.2024.pdf\">T\u00c4\u00c4LT\u00c4:<\/a><\/strong><\/p>\n\n\n\n<p>Tilinp\u00e4\u00e4t\u00f6sasiakirjat 31.12.2023, Luettavissa <strong>T\u00c4\u00c4LT\u00c4:<\/strong><\/p>\n\n\n\n<p><strong>Toimintakertomus 202<\/strong>4, Luettavissa <strong><a href=\"http:\/\/www.rukajarvensuunnanhistoriayhdistys.fi\/historiayhdistys\/wp-content\/uploads\/2025\/04\/RSHY-Toimintakertomus-2024-22-3-2025-JK.pdf\">T\u00c4\u00c4LT\u00c4<\/a>:<\/strong><\/p>\n\n\n\n<p>Tilinp\u00e4\u00e4t\u00f6sasiakirjat 31.12.2024, Luettavissa <strong><a href=\"http:\/\/www.rukajarvensuunnanhistoriayhdistys.fi\/historiayhdistys\/wp-content\/uploads\/2025\/04\/RSHY-Tilinpaatos-2024-Allekirjoitettu-22-3-2025-JK.pdf\">T\u00c4\u00c4LT\u00c4:<\/a><\/strong><\/p>\n\n\n\n<p>Toimintakertomus 2025, Luettavissa <strong>T\u00c4\u00c4LT\u00c4<\/strong>:<\/p>\n\n\n\n<p>Tilinp\u00e4\u00e4t\u00f6sasiakirjat 31.12.2025, Luettavissa <strong>T\u00c4\u00c4LT\u00c4:<\/strong><\/p>\n","protected":false},"excerpt":{"rendered":"<p>Toimintakertomus 2009 &#8211; 2011, (Tallennetaan my\u00f6hemmin) Toimintakertomus 2011 &#8211; 2012, (Tallennetaan my\u00f6hemmin) Toimintakertomus 2012 &#8211; 2013, Luettavissa T\u00c4\u00c4LT\u00c4: Toimintakertomus 2013 &#8211; 2014, (Tallennetaan my\u00f6hemmin) Toimintakertomus 2014 &#8211; 2015, (Tallennetaan my\u00f6hemmin) <a class=\"more-link\" href=\"https:\/\/www.rukajarvensuunnanhistoriayhdistys.fi\/historiayhdistys\/tausta\/toimintakertomukset-tilinpaatosasiakirjat\/\">Teksti jatkuu&#8230;<span class=\"screen-reader-text\">Toimintakertomukset &#8211; Tilinp\u00e4\u00e4t\u00f6sasiakirjat<\/span><span class=\"meta-nav\">\u2192<\/span><\/a><\/p>\n","protected":false},"author":2,"featured_media":0,"parent":41,"menu_order":0,"comment_status":"closed","ping_status":"open","template":"","meta":{"footnotes":""},"class_list":["post-183","page","type-page","status-publish","hentry"],"yoast_head":"<!-- This site is optimized with the Yoast SEO plugin v27.4 - https:\/\/yoast.com\/product\/yoast-seo-wordpress\/ -->\n<title>Toimintakertomukset - Tilinp\u00e4\u00e4t\u00f6sasiakirjat - Rukaj\u00e4rven suunnan historiayhdistys<\/title>\n<meta name=\"robots\" content=\"index, follow, max-snippet:-1, max-image-preview:large, max-video-preview:-1\" \/>\n<link rel=\"canonical\" href=\"http:\/\/www.rukajarvensuunnanhistoriayhdistys.fi\/historiayhdistys\/tausta\/toimintakertomukset-tilinpaatosasiakirjat\/\" \/>\n<meta property=\"og:locale\" content=\"fi_FI\" \/>\n<meta property=\"og:type\" content=\"article\" \/>\n<meta property=\"og:title\" content=\"Toimintakertomukset - Tilinp\u00e4\u00e4t\u00f6sasiakirjat - Rukaj\u00e4rven suunnan historiayhdistys\" \/>\n<meta property=\"og:description\" content=\"Toimintakertomus 2009 &#8211; 2011, (Tallennetaan my\u00f6hemmin) Toimintakertomus 2011 &#8211; 2012, (Tallennetaan my\u00f6hemmin) Toimintakertomus 2012 &#8211; 2013, Luettavissa T\u00c4\u00c4LT\u00c4: Toimintakertomus 2013 &#8211; 2014, (Tallennetaan my\u00f6hemmin) Toimintakertomus 2014 &#8211; 2015, (Tallennetaan my\u00f6hemmin) Teksti jatkuu...Toimintakertomukset &#8211; Tilinp\u00e4\u00e4t\u00f6sasiakirjat\u2192\" \/>\n<meta property=\"og:url\" content=\"http:\/\/www.rukajarvensuunnanhistoriayhdistys.fi\/historiayhdistys\/tausta\/toimintakertomukset-tilinpaatosasiakirjat\/\" \/>\n<meta property=\"og:site_name\" content=\"Rukaj\u00e4rven suunnan historiayhdistys\" \/>\n<meta property=\"article:modified_time\" content=\"2026-04-16T15:28:46+00:00\" \/>\n<meta name=\"twitter:label1\" content=\"Arvioitu lukuaika\" \/>\n\t<meta name=\"twitter:data1\" content=\"1 minuutti\" \/>\n<script type=\"application\/ld+json\" class=\"yoast-schema-graph\">{\"@context\":\"https:\\\/\\\/schema.org\",\"@graph\":[{\"@type\":\"WebPage\",\"@id\":\"http:\\\/\\\/www.rukajarvensuunnanhistoriayhdistys.fi\\\/historiayhdistys\\\/tausta\\\/toimintakertomukset-tilinpaatosasiakirjat\\\/\",\"url\":\"http:\\\/\\\/www.rukajarvensuunnanhistoriayhdistys.fi\\\/historiayhdistys\\\/tausta\\\/toimintakertomukset-tilinpaatosasiakirjat\\\/\",\"name\":\"Toimintakertomukset - Tilinp\u00e4\u00e4t\u00f6sasiakirjat - Rukaj\u00e4rven suunnan historiayhdistys\",\"isPartOf\":{\"@id\":\"http:\\\/\\\/www.rukajarvensuunnanhistoriayhdistys.fi\\\/historiayhdistys\\\/#website\"},\"datePublished\":\"2013-12-27T20:42:25+00:00\",\"dateModified\":\"2026-04-16T15:28:46+00:00\",\"breadcrumb\":{\"@id\":\"http:\\\/\\\/www.rukajarvensuunnanhistoriayhdistys.fi\\\/historiayhdistys\\\/tausta\\\/toimintakertomukset-tilinpaatosasiakirjat\\\/#breadcrumb\"},\"inLanguage\":\"fi\",\"potentialAction\":[{\"@type\":\"ReadAction\",\"target\":[\"http:\\\/\\\/www.rukajarvensuunnanhistoriayhdistys.fi\\\/historiayhdistys\\\/tausta\\\/toimintakertomukset-tilinpaatosasiakirjat\\\/\"]}]},{\"@type\":\"BreadcrumbList\",\"@id\":\"http:\\\/\\\/www.rukajarvensuunnanhistoriayhdistys.fi\\\/historiayhdistys\\\/tausta\\\/toimintakertomukset-tilinpaatosasiakirjat\\\/#breadcrumb\",\"itemListElement\":[{\"@type\":\"ListItem\",\"position\":1,\"name\":\"Etusivu\",\"item\":\"http:\\\/\\\/www.rukajarvensuunnanhistoriayhdistys.fi\\\/historiayhdistys\\\/\"},{\"@type\":\"ListItem\",\"position\":2,\"name\":\"Tietoa yhdistyksest\u00e4\",\"item\":\"http:\\\/\\\/www.rukajarvensuunnanhistoriayhdistys.fi\\\/historiayhdistys\\\/tausta\\\/\"},{\"@type\":\"ListItem\",\"position\":3,\"name\":\"Toimintakertomukset &#8211; Tilinp\u00e4\u00e4t\u00f6sasiakirjat\"}]},{\"@type\":\"WebSite\",\"@id\":\"http:\\\/\\\/www.rukajarvensuunnanhistoriayhdistys.fi\\\/historiayhdistys\\\/#website\",\"url\":\"http:\\\/\\\/www.rukajarvensuunnanhistoriayhdistys.fi\\\/historiayhdistys\\\/\",\"name\":\"Rukaj\u00e4rven suunnan historiayhdistys\",\"description\":\"Rukaj\u00e4rven suunnan historiayhdistyksen verkkosivut.\",\"publisher\":{\"@id\":\"http:\\\/\\\/www.rukajarvensuunnanhistoriayhdistys.fi\\\/historiayhdistys\\\/#organization\"},\"potentialAction\":[{\"@type\":\"SearchAction\",\"target\":{\"@type\":\"EntryPoint\",\"urlTemplate\":\"http:\\\/\\\/www.rukajarvensuunnanhistoriayhdistys.fi\\\/historiayhdistys\\\/?s={search_term_string}\"},\"query-input\":{\"@type\":\"PropertyValueSpecification\",\"valueRequired\":true,\"valueName\":\"search_term_string\"}}],\"inLanguage\":\"fi\"},{\"@type\":\"Organization\",\"@id\":\"http:\\\/\\\/www.rukajarvensuunnanhistoriayhdistys.fi\\\/historiayhdistys\\\/#organization\",\"name\":\"Rukaj\u00e4rven suunnan historiayhdistys\",\"url\":\"http:\\\/\\\/www.rukajarvensuunnanhistoriayhdistys.fi\\\/historiayhdistys\\\/\",\"logo\":{\"@type\":\"ImageObject\",\"inLanguage\":\"fi\",\"@id\":\"http:\\\/\\\/www.rukajarvensuunnanhistoriayhdistys.fi\\\/historiayhdistys\\\/#\\\/schema\\\/logo\\\/image\\\/\",\"url\":\"https:\\\/\\\/www.rukajarvensuunnanhistoriayhdistys.fi\\\/historiayhdistys\\\/wp-content\\\/uploads\\\/2013\\\/12\\\/Otsake_3.jpg\",\"contentUrl\":\"https:\\\/\\\/www.rukajarvensuunnanhistoriayhdistys.fi\\\/historiayhdistys\\\/wp-content\\\/uploads\\\/2013\\\/12\\\/Otsake_3.jpg\",\"width\":1000,\"height\":442,\"caption\":\"Rukaj\u00e4rven suunnan historiayhdistys\"},\"image\":{\"@id\":\"http:\\\/\\\/www.rukajarvensuunnanhistoriayhdistys.fi\\\/historiayhdistys\\\/#\\\/schema\\\/logo\\\/image\\\/\"}}]}<\/script>\n<!-- \/ Yoast SEO plugin. -->","yoast_head_json":{"title":"Toimintakertomukset - Tilinp\u00e4\u00e4t\u00f6sasiakirjat - Rukaj\u00e4rven suunnan historiayhdistys","robots":{"index":"index","follow":"follow","max-snippet":"max-snippet:-1","max-image-preview":"max-image-preview:large","max-video-preview":"max-video-preview:-1"},"canonical":"http:\/\/www.rukajarvensuunnanhistoriayhdistys.fi\/historiayhdistys\/tausta\/toimintakertomukset-tilinpaatosasiakirjat\/","og_locale":"fi_FI","og_type":"article","og_title":"Toimintakertomukset - Tilinp\u00e4\u00e4t\u00f6sasiakirjat - Rukaj\u00e4rven suunnan historiayhdistys","og_description":"Toimintakertomus 2009 &#8211; 2011, (Tallennetaan my\u00f6hemmin) Toimintakertomus 2011 &#8211; 2012, (Tallennetaan my\u00f6hemmin) Toimintakertomus 2012 &#8211; 2013, Luettavissa T\u00c4\u00c4LT\u00c4: Toimintakertomus 2013 &#8211; 2014, (Tallennetaan my\u00f6hemmin) Toimintakertomus 2014 &#8211; 2015, (Tallennetaan my\u00f6hemmin) Teksti jatkuu...Toimintakertomukset &#8211; Tilinp\u00e4\u00e4t\u00f6sasiakirjat\u2192","og_url":"http:\/\/www.rukajarvensuunnanhistoriayhdistys.fi\/historiayhdistys\/tausta\/toimintakertomukset-tilinpaatosasiakirjat\/","og_site_name":"Rukaj\u00e4rven suunnan historiayhdistys","article_modified_time":"2026-04-16T15:28:46+00:00","twitter_misc":{"Arvioitu lukuaika":"1 minuutti"},"schema":{"@context":"https:\/\/schema.org","@graph":[{"@type":"WebPage","@id":"http:\/\/www.rukajarvensuunnanhistoriayhdistys.fi\/historiayhdistys\/tausta\/toimintakertomukset-tilinpaatosasiakirjat\/","url":"http:\/\/www.rukajarvensuunnanhistoriayhdistys.fi\/historiayhdistys\/tausta\/toimintakertomukset-tilinpaatosasiakirjat\/","name":"Toimintakertomukset - Tilinp\u00e4\u00e4t\u00f6sasiakirjat - Rukaj\u00e4rven suunnan historiayhdistys","isPartOf":{"@id":"http:\/\/www.rukajarvensuunnanhistoriayhdistys.fi\/historiayhdistys\/#website"},"datePublished":"2013-12-27T20:42:25+00:00","dateModified":"2026-04-16T15:28:46+00:00","breadcrumb":{"@id":"http:\/\/www.rukajarvensuunnanhistoriayhdistys.fi\/historiayhdistys\/tausta\/toimintakertomukset-tilinpaatosasiakirjat\/#breadcrumb"},"inLanguage":"fi","potentialAction":[{"@type":"ReadAction","target":["http:\/\/www.rukajarvensuunnanhistoriayhdistys.fi\/historiayhdistys\/tausta\/toimintakertomukset-tilinpaatosasiakirjat\/"]}]},{"@type":"BreadcrumbList","@id":"http:\/\/www.rukajarvensuunnanhistoriayhdistys.fi\/historiayhdistys\/tausta\/toimintakertomukset-tilinpaatosasiakirjat\/#breadcrumb","itemListElement":[{"@type":"ListItem","position":1,"name":"Etusivu","item":"http:\/\/www.rukajarvensuunnanhistoriayhdistys.fi\/historiayhdistys\/"},{"@type":"ListItem","position":2,"name":"Tietoa yhdistyksest\u00e4","item":"http:\/\/www.rukajarvensuunnanhistoriayhdistys.fi\/historiayhdistys\/tausta\/"},{"@type":"ListItem","position":3,"name":"Toimintakertomukset &#8211; Tilinp\u00e4\u00e4t\u00f6sasiakirjat"}]},{"@type":"WebSite","@id":"http:\/\/www.rukajarvensuunnanhistoriayhdistys.fi\/historiayhdistys\/#website","url":"http:\/\/www.rukajarvensuunnanhistoriayhdistys.fi\/historiayhdistys\/","name":"Rukaj\u00e4rven suunnan historiayhdistys","description":"Rukaj\u00e4rven suunnan historiayhdistyksen verkkosivut.","publisher":{"@id":"http:\/\/www.rukajarvensuunnanhistoriayhdistys.fi\/historiayhdistys\/#organization"},"potentialAction":[{"@type":"SearchAction","target":{"@type":"EntryPoint","urlTemplate":"http:\/\/www.rukajarvensuunnanhistoriayhdistys.fi\/historiayhdistys\/?s={search_term_string}"},"query-input":{"@type":"PropertyValueSpecification","valueRequired":true,"valueName":"search_term_string"}}],"inLanguage":"fi"},{"@type":"Organization","@id":"http:\/\/www.rukajarvensuunnanhistoriayhdistys.fi\/historiayhdistys\/#organization","name":"Rukaj\u00e4rven suunnan historiayhdistys","url":"http:\/\/www.rukajarvensuunnanhistoriayhdistys.fi\/historiayhdistys\/","logo":{"@type":"ImageObject","inLanguage":"fi","@id":"http:\/\/www.rukajarvensuunnanhistoriayhdistys.fi\/historiayhdistys\/#\/schema\/logo\/image\/","url":"https:\/\/www.rukajarvensuunnanhistoriayhdistys.fi\/historiayhdistys\/wp-content\/uploads\/2013\/12\/Otsake_3.jpg","contentUrl":"https:\/\/www.rukajarvensuunnanhistoriayhdistys.fi\/historiayhdistys\/wp-content\/uploads\/2013\/12\/Otsake_3.jpg","width":1000,"height":442,"caption":"Rukaj\u00e4rven suunnan historiayhdistys"},"image":{"@id":"http:\/\/www.rukajarvensuunnanhistoriayhdistys.fi\/historiayhdistys\/#\/schema\/logo\/image\/"}}]}},"_links":{"self":[{"href":"https:\/\/www.rukajarvensuunnanhistoriayhdistys.fi\/historiayhdistys\/wp-json\/wp\/v2\/pages\/183","targetHints":{"allow":["GET"]}}],"collection":[{"href":"https:\/\/www.rukajarvensuunnanhistoriayhdistys.fi\/historiayhdistys\/wp-json\/wp\/v2\/pages"}],"about":[{"href":"https:\/\/www.rukajarvensuunnanhistoriayhdistys.fi\/historiayhdistys\/wp-json\/wp\/v2\/types\/page"}],"author":[{"embeddable":true,"href":"https:\/\/www.rukajarvensuunnanhistoriayhdistys.fi\/historiayhdistys\/wp-json\/wp\/v2\/users\/2"}],"replies":[{"embeddable":true,"href":"https:\/\/www.rukajarvensuunnanhistoriayhdistys.fi\/historiayhdistys\/wp-json\/wp\/v2\/comments?post=183"}],"version-history":[{"count":14,"href":"https:\/\/www.rukajarvensuunnanhistoriayhdistys.fi\/historiayhdistys\/wp-json\/wp\/v2\/pages\/183\/revisions"}],"predecessor-version":[{"id":17119,"href":"https:\/\/www.rukajarvensuunnanhistoriayhdistys.fi\/historiayhdistys\/wp-json\/wp\/v2\/pages\/183\/revisions\/17119"}],"up":[{"embeddable":true,"href":"https:\/\/www.rukajarvensuunnanhistoriayhdistys.fi\/historiayhdistys\/wp-json\/wp\/v2\/pages\/41"}],"wp:attachment":[{"href":"https:\/\/www.rukajarvensuunnanhistoriayhdistys.fi\/historiayhdistys\/wp-json\/wp\/v2\/media?parent=183"}],"curies":[{"name":"wp","href":"https:\/\/api.w.org\/{rel}","templated":true}]}}