{"id":285,"date":"2014-01-01T20:34:49","date_gmt":"2014-01-01T18:34:49","guid":{"rendered":"http:\/\/www.rukajarvensuunnanhistoriayhdistys.fi\/historiayhdistys\/?page_id=285"},"modified":"2024-12-17T17:25:07","modified_gmt":"2024-12-17T15:25:07","slug":"tue-toimintaa","status":"publish","type":"page","link":"https:\/\/www.rukajarvensuunnanhistoriayhdistys.fi\/historiayhdistys\/tue-toimintaa\/","title":{"rendered":"Toiminnan tukeminen &#8211; yhdess\u00e4 olemme vahvempia!"},"content":{"rendered":"<div class=\"fcbkbttn_buttons_block\" id=\"fcbkbttn_left\"><div class=\"fcbkbttn_like \"><fb:like href=\"https:\/\/www.rukajarvensuunnanhistoriayhdistys.fi\/historiayhdistys\/tue-toimintaa\/\" action=\"like\" colorscheme=\"light\" layout=\"button_count\"  size=\"small\"><\/fb:like><\/div><\/div><p><strong>Rukaj\u00e4rven suunnan historiayhdistyksen toiminta perustuu talkooty\u00f6h\u00f6n. Silti yhdistykselle syntyy toiminnasta paljon kustannuksia. Esimerkkin\u00e4 mainittakoon toimitilakustannukset, julkaisujen painattaminen, matkakulut jne. Vaikka j\u00e4senten tuki ja osallistuminen toimintaan on ollut eritt\u00e4in kiitett\u00e4v\u00e4\u00e4, ei niiden avulla kuitenkaan ole pystytty suoriutumaan kaikista velvoitteista.<\/strong><\/p>\n<p><strong style=\"font-style: inherit;\">Yhdistyksell\u00e4 on ollut perustamisensa j\u00e4lkeen mittavia investointeja, joita osaksi on jouduttu rahoittamaan lainavaroin.<\/strong><\/p>\n<p><strong style=\"font-style: inherit;\">\u00a0<\/strong><strong>Poliisihallitus on my\u00f6nt\u00e4nyt yhdistyksellemme jatkuvan valtakunnallisen rahanker\u00e4ysluvan 28.5.2021. Luvassa m\u00e4\u00e4r\u00e4tty rahanker\u00e4ystili on Osuuspankki:<\/strong>\u00a0<strong style=\"font-style: inherit;\">FI02 5723 0220 2696 12,<\/strong>\u00a0 OKOYFIHH. <strong>Luvan numero on RA\/2021\/707.<\/strong><\/p>\n<p>Poliisihallituksen p\u00e4\u00e4t\u00f6ksen mukaan rahanker\u00e4yksen toimeenpanon yhteydess\u00e4 tulee yleis\u00f6lle ilmoittaa seuraavat tiedot:\u00a0<\/p>\n<p><strong>1)<\/strong> rahanker\u00e4yksen j\u00e4rjest\u00e4j\u00e4, <strong>2)<\/strong> j\u00e4rjest\u00e4j\u00e4n yhteystiedot, <strong>3)<\/strong> rahanker\u00e4ysluvassa m\u00e4\u00e4r\u00e4tty rahanker\u00e4ysvarojen k\u00e4ytt\u00f6tarkoitus, <strong>4)<\/strong> mahdollinen toissijainen rahanker\u00e4ysvarojen k\u00e4ytt\u00f6tarkoitus,\u00a0\u00a0<strong>5)<\/strong> lupanumero.<\/p>\n<p>Yll\u00e4 olevat tiedot ilmenev\u00e4t tarkemmin poliisihallituksen rahanker\u00e4ysluvan my\u00f6nt\u00e4mist\u00e4 koskevassa p\u00e4\u00e4t\u00f6ksess\u00e4, mink\u00e4 voi lukea <strong><a href=\"http:\/\/www.rukajarvensuunnanhistoriayhdistys.fi\/historiayhdistys\/wp-content\/uploads\/2021\/06\/Rahankerayslupa-RSHYry-2021-28-5-2021.pdf\">T\u00c4\u00c4LT\u00c4<\/a><\/strong><b> sek\u00e4 p\u00e4\u00e4t\u00f6ksen etusivulta oheisena.<\/b>\u00a0<\/p>\n\n\n<figure class=\"wp-block-image size-large\"><a href=\"http:\/\/www.rukajarvensuunnanhistoriayhdistys.fi\/historiayhdistys\/wp-content\/uploads\/2021\/06\/Rahankerays-etusivu-28-5-2021.png\"><img loading=\"lazy\" decoding=\"async\" width=\"982\" height=\"882\" src=\"http:\/\/www.rukajarvensuunnanhistoriayhdistys.fi\/historiayhdistys\/wp-content\/uploads\/2021\/06\/Rahankerays-etusivu-28-5-2021.png\" alt=\"\" class=\"wp-image-14282\" srcset=\"https:\/\/www.rukajarvensuunnanhistoriayhdistys.fi\/historiayhdistys\/wp-content\/uploads\/2021\/06\/Rahankerays-etusivu-28-5-2021.png 982w, https:\/\/www.rukajarvensuunnanhistoriayhdistys.fi\/historiayhdistys\/wp-content\/uploads\/2021\/06\/Rahankerays-etusivu-28-5-2021-300x269.png 300w, https:\/\/www.rukajarvensuunnanhistoriayhdistys.fi\/historiayhdistys\/wp-content\/uploads\/2021\/06\/Rahankerays-etusivu-28-5-2021-768x690.png 768w\" sizes=\"auto, (max-width: 982px) 100vw, 982px\" \/><\/a><\/figure>\n\n\n\n<p><strong>Rukaj\u00e4rven suunnan historiayhdistys ry (RSHYry) on yleishy\u00f6dyllinen yhdistys<\/strong><\/p>\n\n\n\n<p>RSHYry:lle annettu lahjoitus on lahjoittajalleen v\u00e4hennyskelpoista verotusessa laissa s\u00e4\u00e4detyiss\u00e4 rajoissa.<\/p>\n\n\n\n<figure class=\"wp-block-image size-large is-resized\"><a href=\"http:\/\/www.rukajarvensuunnanhistoriayhdistys.fi\/historiayhdistys\/wp-content\/uploads\/2024\/12\/Verotuspaatros-3-1-2022-TOL-57-scaled.jpg\"><img loading=\"lazy\" decoding=\"async\" width=\"718\" height=\"1024\" src=\"http:\/\/www.rukajarvensuunnanhistoriayhdistys.fi\/historiayhdistys\/wp-content\/uploads\/2024\/12\/Verotuspaatros-3-1-2022-TOL-57-718x1024.jpg\" alt=\"\" class=\"wp-image-16053\" style=\"width:839px;height:auto\" srcset=\"https:\/\/www.rukajarvensuunnanhistoriayhdistys.fi\/historiayhdistys\/wp-content\/uploads\/2024\/12\/Verotuspaatros-3-1-2022-TOL-57-718x1024.jpg 718w, https:\/\/www.rukajarvensuunnanhistoriayhdistys.fi\/historiayhdistys\/wp-content\/uploads\/2024\/12\/Verotuspaatros-3-1-2022-TOL-57-210x300.jpg 210w, https:\/\/www.rukajarvensuunnanhistoriayhdistys.fi\/historiayhdistys\/wp-content\/uploads\/2024\/12\/Verotuspaatros-3-1-2022-TOL-57-768x1096.jpg 768w, https:\/\/www.rukajarvensuunnanhistoriayhdistys.fi\/historiayhdistys\/wp-content\/uploads\/2024\/12\/Verotuspaatros-3-1-2022-TOL-57-1077x1536.jpg 1077w, https:\/\/www.rukajarvensuunnanhistoriayhdistys.fi\/historiayhdistys\/wp-content\/uploads\/2024\/12\/Verotuspaatros-3-1-2022-TOL-57-1435x2048.jpg 1435w, https:\/\/www.rukajarvensuunnanhistoriayhdistys.fi\/historiayhdistys\/wp-content\/uploads\/2024\/12\/Verotuspaatros-3-1-2022-TOL-57-scaled.jpg 1794w\" sizes=\"auto, (max-width: 718px) 100vw, 718px\" \/><\/a><\/figure>\n\n\n\n<p>RSHYry:n toimintaa kuvaavat tilinp\u00e4\u00e4t\u00f6sasiakirjat on julkaistu n\u00e4ill\u00e4 yhdistyksen nettisivulla kohdassa &#8221;Toiminta&#8221; \/ Tilinp\u00e4\u00e4t\u00f6sasiakirjat.<\/p>\n\n\n\n<p><strong>Luettelo yhdistyksen investoinneista:<\/strong><\/p>\n\n\n\n<p>Rukaj\u00e4rven tie ja opasteet, Lieksan ja Kiuruveden Rukaj\u00e4rvi-keskusten perustaminen, Jukolan Motti -pirtin rakentaminen, \u00c4n\u00e4k\u00e4isen Salpa-etuaseman rakentaminen Lieksan Rukaj\u00e4rvi-keskuksen kiinteist\u00f6n hankinta ja peruskorjaus sek\u00e4 n\u00e4yttelyitten uusiminen, tykkikatokset Lieksassa sek\u00e4 tietoj\u00e4rjestelm\u00e4t Epookki.fi ja heijoe.fi. Yhdistys on julkaissuut yli 20 sotahistoriateosta.<\/p>\n\n\n\n<p>Lieksan rautatieaseman kiinteist\u00f6 k\u00e4sitt\u00e4\u00e4 tontin, vuonna 1909 rakennetut asemamakasiinin ja rautatieaseman p\u00e4\u00e4rakennuksen. Tontin pinta-ala on 9.884 m2. n\u00e4yttelytilojen pinta-ala on 788 k-m2. Asemarakennus tullaan korjaamaan voimavarojen puitteissa. Ty\u00f6 tehd\u00e4\u00e4n suurimmalta osin talkooty\u00f6n\u00e4. Nyt, jos koskaan tarvitsemme kaiken tuen.<\/p>\n\n\n\n<figure class=\"wp-block-image size-full is-resized\"><a href=\"http:\/\/www.rukajarvensuunnanhistoriayhdistys.fi\/rukajarvikeskus\/wp-content\/uploads\/2024\/06\/Lieksan-aseman-hankinnat-4.jpg\"><img decoding=\"async\" src=\"http:\/\/www.rukajarvensuunnanhistoriayhdistys.fi\/rukajarvikeskus\/wp-content\/uploads\/2024\/06\/Lieksan-aseman-hankinnat-4.jpg\" alt=\"\" class=\"wp-image-11662\" style=\"width:852px;height:auto\"\/><\/a><\/figure>\n","protected":false},"excerpt":{"rendered":"<p>Rukaj\u00e4rven suunnan historiayhdistyksen toiminta perustuu talkooty\u00f6h\u00f6n. Silti yhdistykselle syntyy toiminnasta paljon kustannuksia. Esimerkkin\u00e4 mainittakoon toimitilakustannukset, julkaisujen painattaminen, matkakulut jne. Vaikka j\u00e4senten tuki ja osallistuminen toimintaan on ollut eritt\u00e4in kiitett\u00e4v\u00e4\u00e4, ei <a class=\"more-link\" href=\"https:\/\/www.rukajarvensuunnanhistoriayhdistys.fi\/historiayhdistys\/tue-toimintaa\/\">Teksti jatkuu&#8230;<span class=\"screen-reader-text\">Toiminnan tukeminen &#8211; yhdess\u00e4 olemme vahvempia!<\/span><span class=\"meta-nav\">\u2192<\/span><\/a><\/p>\n","protected":false},"author":2,"featured_media":0,"parent":0,"menu_order":0,"comment_status":"closed","ping_status":"open","template":"","meta":{"footnotes":""},"class_list":["post-285","page","type-page","status-publish","hentry"],"yoast_head":"<!-- This site is optimized with the Yoast SEO plugin v27.4 - https:\/\/yoast.com\/product\/yoast-seo-wordpress\/ -->\n<title>Toiminnan tukeminen - yhdess\u00e4 olemme vahvempia! - Rukaj\u00e4rven suunnan historiayhdistys<\/title>\n<meta name=\"robots\" content=\"index, follow, max-snippet:-1, max-image-preview:large, max-video-preview:-1\" \/>\n<link rel=\"canonical\" href=\"http:\/\/www.rukajarvensuunnanhistoriayhdistys.fi\/historiayhdistys\/tue-toimintaa\/\" \/>\n<meta property=\"og:locale\" content=\"fi_FI\" \/>\n<meta property=\"og:type\" content=\"article\" \/>\n<meta property=\"og:title\" content=\"Toiminnan tukeminen - yhdess\u00e4 olemme vahvempia! - Rukaj\u00e4rven suunnan historiayhdistys\" \/>\n<meta property=\"og:description\" content=\"Rukaj\u00e4rven suunnan historiayhdistyksen toiminta perustuu talkooty\u00f6h\u00f6n. Silti yhdistykselle syntyy toiminnasta paljon kustannuksia. Esimerkkin\u00e4 mainittakoon toimitilakustannukset, julkaisujen painattaminen, matkakulut jne. Vaikka j\u00e4senten tuki ja osallistuminen toimintaan on ollut eritt\u00e4in kiitett\u00e4v\u00e4\u00e4, ei Teksti jatkuu...Toiminnan tukeminen &#8211; yhdess\u00e4 olemme vahvempia!\u2192\" \/>\n<meta property=\"og:url\" content=\"http:\/\/www.rukajarvensuunnanhistoriayhdistys.fi\/historiayhdistys\/tue-toimintaa\/\" \/>\n<meta property=\"og:site_name\" content=\"Rukaj\u00e4rven suunnan historiayhdistys\" \/>\n<meta property=\"article:modified_time\" content=\"2024-12-17T15:25:07+00:00\" \/>\n<meta property=\"og:image\" content=\"http:\/\/www.rukajarvensuunnanhistoriayhdistys.fi\/historiayhdistys\/wp-content\/uploads\/2021\/06\/Rahankerays-etusivu-28-5-2021.png\" \/>\n<meta name=\"twitter:label1\" content=\"Arvioitu lukuaika\" \/>\n\t<meta name=\"twitter:data1\" content=\"3 minuuttia\" \/>\n<script type=\"application\/ld+json\" class=\"yoast-schema-graph\">{\"@context\":\"https:\\\/\\\/schema.org\",\"@graph\":[{\"@type\":\"WebPage\",\"@id\":\"http:\\\/\\\/www.rukajarvensuunnanhistoriayhdistys.fi\\\/historiayhdistys\\\/tue-toimintaa\\\/\",\"url\":\"http:\\\/\\\/www.rukajarvensuunnanhistoriayhdistys.fi\\\/historiayhdistys\\\/tue-toimintaa\\\/\",\"name\":\"Toiminnan tukeminen - yhdess\u00e4 olemme vahvempia! - Rukaj\u00e4rven suunnan historiayhdistys\",\"isPartOf\":{\"@id\":\"http:\\\/\\\/www.rukajarvensuunnanhistoriayhdistys.fi\\\/historiayhdistys\\\/#website\"},\"primaryImageOfPage\":{\"@id\":\"http:\\\/\\\/www.rukajarvensuunnanhistoriayhdistys.fi\\\/historiayhdistys\\\/tue-toimintaa\\\/#primaryimage\"},\"image\":{\"@id\":\"http:\\\/\\\/www.rukajarvensuunnanhistoriayhdistys.fi\\\/historiayhdistys\\\/tue-toimintaa\\\/#primaryimage\"},\"thumbnailUrl\":\"http:\\\/\\\/www.rukajarvensuunnanhistoriayhdistys.fi\\\/historiayhdistys\\\/wp-content\\\/uploads\\\/2021\\\/06\\\/Rahankerays-etusivu-28-5-2021.png\",\"datePublished\":\"2014-01-01T18:34:49+00:00\",\"dateModified\":\"2024-12-17T15:25:07+00:00\",\"breadcrumb\":{\"@id\":\"http:\\\/\\\/www.rukajarvensuunnanhistoriayhdistys.fi\\\/historiayhdistys\\\/tue-toimintaa\\\/#breadcrumb\"},\"inLanguage\":\"fi\",\"potentialAction\":[{\"@type\":\"ReadAction\",\"target\":[\"http:\\\/\\\/www.rukajarvensuunnanhistoriayhdistys.fi\\\/historiayhdistys\\\/tue-toimintaa\\\/\"]}]},{\"@type\":\"ImageObject\",\"inLanguage\":\"fi\",\"@id\":\"http:\\\/\\\/www.rukajarvensuunnanhistoriayhdistys.fi\\\/historiayhdistys\\\/tue-toimintaa\\\/#primaryimage\",\"url\":\"https:\\\/\\\/www.rukajarvensuunnanhistoriayhdistys.fi\\\/historiayhdistys\\\/wp-content\\\/uploads\\\/2021\\\/06\\\/Rahankerays-etusivu-28-5-2021.png\",\"contentUrl\":\"https:\\\/\\\/www.rukajarvensuunnanhistoriayhdistys.fi\\\/historiayhdistys\\\/wp-content\\\/uploads\\\/2021\\\/06\\\/Rahankerays-etusivu-28-5-2021.png\",\"width\":982,\"height\":882},{\"@type\":\"BreadcrumbList\",\"@id\":\"http:\\\/\\\/www.rukajarvensuunnanhistoriayhdistys.fi\\\/historiayhdistys\\\/tue-toimintaa\\\/#breadcrumb\",\"itemListElement\":[{\"@type\":\"ListItem\",\"position\":1,\"name\":\"Etusivu\",\"item\":\"http:\\\/\\\/www.rukajarvensuunnanhistoriayhdistys.fi\\\/historiayhdistys\\\/\"},{\"@type\":\"ListItem\",\"position\":2,\"name\":\"Toiminnan tukeminen &#8211; yhdess\u00e4 olemme vahvempia!\"}]},{\"@type\":\"WebSite\",\"@id\":\"http:\\\/\\\/www.rukajarvensuunnanhistoriayhdistys.fi\\\/historiayhdistys\\\/#website\",\"url\":\"http:\\\/\\\/www.rukajarvensuunnanhistoriayhdistys.fi\\\/historiayhdistys\\\/\",\"name\":\"Rukaj\u00e4rven suunnan historiayhdistys\",\"description\":\"Rukaj\u00e4rven suunnan historiayhdistyksen verkkosivut.\",\"publisher\":{\"@id\":\"http:\\\/\\\/www.rukajarvensuunnanhistoriayhdistys.fi\\\/historiayhdistys\\\/#organization\"},\"potentialAction\":[{\"@type\":\"SearchAction\",\"target\":{\"@type\":\"EntryPoint\",\"urlTemplate\":\"http:\\\/\\\/www.rukajarvensuunnanhistoriayhdistys.fi\\\/historiayhdistys\\\/?s={search_term_string}\"},\"query-input\":{\"@type\":\"PropertyValueSpecification\",\"valueRequired\":true,\"valueName\":\"search_term_string\"}}],\"inLanguage\":\"fi\"},{\"@type\":\"Organization\",\"@id\":\"http:\\\/\\\/www.rukajarvensuunnanhistoriayhdistys.fi\\\/historiayhdistys\\\/#organization\",\"name\":\"Rukaj\u00e4rven suunnan historiayhdistys\",\"url\":\"http:\\\/\\\/www.rukajarvensuunnanhistoriayhdistys.fi\\\/historiayhdistys\\\/\",\"logo\":{\"@type\":\"ImageObject\",\"inLanguage\":\"fi\",\"@id\":\"http:\\\/\\\/www.rukajarvensuunnanhistoriayhdistys.fi\\\/historiayhdistys\\\/#\\\/schema\\\/logo\\\/image\\\/\",\"url\":\"https:\\\/\\\/www.rukajarvensuunnanhistoriayhdistys.fi\\\/historiayhdistys\\\/wp-content\\\/uploads\\\/2013\\\/12\\\/Otsake_3.jpg\",\"contentUrl\":\"https:\\\/\\\/www.rukajarvensuunnanhistoriayhdistys.fi\\\/historiayhdistys\\\/wp-content\\\/uploads\\\/2013\\\/12\\\/Otsake_3.jpg\",\"width\":1000,\"height\":442,\"caption\":\"Rukaj\u00e4rven suunnan historiayhdistys\"},\"image\":{\"@id\":\"http:\\\/\\\/www.rukajarvensuunnanhistoriayhdistys.fi\\\/historiayhdistys\\\/#\\\/schema\\\/logo\\\/image\\\/\"}}]}<\/script>\n<!-- \/ Yoast SEO plugin. -->","yoast_head_json":{"title":"Toiminnan tukeminen - yhdess\u00e4 olemme vahvempia! - Rukaj\u00e4rven suunnan historiayhdistys","robots":{"index":"index","follow":"follow","max-snippet":"max-snippet:-1","max-image-preview":"max-image-preview:large","max-video-preview":"max-video-preview:-1"},"canonical":"http:\/\/www.rukajarvensuunnanhistoriayhdistys.fi\/historiayhdistys\/tue-toimintaa\/","og_locale":"fi_FI","og_type":"article","og_title":"Toiminnan tukeminen - yhdess\u00e4 olemme vahvempia! - Rukaj\u00e4rven suunnan historiayhdistys","og_description":"Rukaj\u00e4rven suunnan historiayhdistyksen toiminta perustuu talkooty\u00f6h\u00f6n. Silti yhdistykselle syntyy toiminnasta paljon kustannuksia. Esimerkkin\u00e4 mainittakoon toimitilakustannukset, julkaisujen painattaminen, matkakulut jne. Vaikka j\u00e4senten tuki ja osallistuminen toimintaan on ollut eritt\u00e4in kiitett\u00e4v\u00e4\u00e4, ei Teksti jatkuu...Toiminnan tukeminen &#8211; yhdess\u00e4 olemme vahvempia!\u2192","og_url":"http:\/\/www.rukajarvensuunnanhistoriayhdistys.fi\/historiayhdistys\/tue-toimintaa\/","og_site_name":"Rukaj\u00e4rven suunnan historiayhdistys","article_modified_time":"2024-12-17T15:25:07+00:00","og_image":[{"url":"http:\/\/www.rukajarvensuunnanhistoriayhdistys.fi\/historiayhdistys\/wp-content\/uploads\/2021\/06\/Rahankerays-etusivu-28-5-2021.png","type":"","width":"","height":""}],"twitter_misc":{"Arvioitu lukuaika":"3 minuuttia"},"schema":{"@context":"https:\/\/schema.org","@graph":[{"@type":"WebPage","@id":"http:\/\/www.rukajarvensuunnanhistoriayhdistys.fi\/historiayhdistys\/tue-toimintaa\/","url":"http:\/\/www.rukajarvensuunnanhistoriayhdistys.fi\/historiayhdistys\/tue-toimintaa\/","name":"Toiminnan tukeminen - yhdess\u00e4 olemme vahvempia! - Rukaj\u00e4rven suunnan historiayhdistys","isPartOf":{"@id":"http:\/\/www.rukajarvensuunnanhistoriayhdistys.fi\/historiayhdistys\/#website"},"primaryImageOfPage":{"@id":"http:\/\/www.rukajarvensuunnanhistoriayhdistys.fi\/historiayhdistys\/tue-toimintaa\/#primaryimage"},"image":{"@id":"http:\/\/www.rukajarvensuunnanhistoriayhdistys.fi\/historiayhdistys\/tue-toimintaa\/#primaryimage"},"thumbnailUrl":"http:\/\/www.rukajarvensuunnanhistoriayhdistys.fi\/historiayhdistys\/wp-content\/uploads\/2021\/06\/Rahankerays-etusivu-28-5-2021.png","datePublished":"2014-01-01T18:34:49+00:00","dateModified":"2024-12-17T15:25:07+00:00","breadcrumb":{"@id":"http:\/\/www.rukajarvensuunnanhistoriayhdistys.fi\/historiayhdistys\/tue-toimintaa\/#breadcrumb"},"inLanguage":"fi","potentialAction":[{"@type":"ReadAction","target":["http:\/\/www.rukajarvensuunnanhistoriayhdistys.fi\/historiayhdistys\/tue-toimintaa\/"]}]},{"@type":"ImageObject","inLanguage":"fi","@id":"http:\/\/www.rukajarvensuunnanhistoriayhdistys.fi\/historiayhdistys\/tue-toimintaa\/#primaryimage","url":"https:\/\/www.rukajarvensuunnanhistoriayhdistys.fi\/historiayhdistys\/wp-content\/uploads\/2021\/06\/Rahankerays-etusivu-28-5-2021.png","contentUrl":"https:\/\/www.rukajarvensuunnanhistoriayhdistys.fi\/historiayhdistys\/wp-content\/uploads\/2021\/06\/Rahankerays-etusivu-28-5-2021.png","width":982,"height":882},{"@type":"BreadcrumbList","@id":"http:\/\/www.rukajarvensuunnanhistoriayhdistys.fi\/historiayhdistys\/tue-toimintaa\/#breadcrumb","itemListElement":[{"@type":"ListItem","position":1,"name":"Etusivu","item":"http:\/\/www.rukajarvensuunnanhistoriayhdistys.fi\/historiayhdistys\/"},{"@type":"ListItem","position":2,"name":"Toiminnan tukeminen &#8211; yhdess\u00e4 olemme vahvempia!"}]},{"@type":"WebSite","@id":"http:\/\/www.rukajarvensuunnanhistoriayhdistys.fi\/historiayhdistys\/#website","url":"http:\/\/www.rukajarvensuunnanhistoriayhdistys.fi\/historiayhdistys\/","name":"Rukaj\u00e4rven suunnan historiayhdistys","description":"Rukaj\u00e4rven suunnan historiayhdistyksen verkkosivut.","publisher":{"@id":"http:\/\/www.rukajarvensuunnanhistoriayhdistys.fi\/historiayhdistys\/#organization"},"potentialAction":[{"@type":"SearchAction","target":{"@type":"EntryPoint","urlTemplate":"http:\/\/www.rukajarvensuunnanhistoriayhdistys.fi\/historiayhdistys\/?s={search_term_string}"},"query-input":{"@type":"PropertyValueSpecification","valueRequired":true,"valueName":"search_term_string"}}],"inLanguage":"fi"},{"@type":"Organization","@id":"http:\/\/www.rukajarvensuunnanhistoriayhdistys.fi\/historiayhdistys\/#organization","name":"Rukaj\u00e4rven suunnan historiayhdistys","url":"http:\/\/www.rukajarvensuunnanhistoriayhdistys.fi\/historiayhdistys\/","logo":{"@type":"ImageObject","inLanguage":"fi","@id":"http:\/\/www.rukajarvensuunnanhistoriayhdistys.fi\/historiayhdistys\/#\/schema\/logo\/image\/","url":"https:\/\/www.rukajarvensuunnanhistoriayhdistys.fi\/historiayhdistys\/wp-content\/uploads\/2013\/12\/Otsake_3.jpg","contentUrl":"https:\/\/www.rukajarvensuunnanhistoriayhdistys.fi\/historiayhdistys\/wp-content\/uploads\/2013\/12\/Otsake_3.jpg","width":1000,"height":442,"caption":"Rukaj\u00e4rven suunnan historiayhdistys"},"image":{"@id":"http:\/\/www.rukajarvensuunnanhistoriayhdistys.fi\/historiayhdistys\/#\/schema\/logo\/image\/"}}]}},"_links":{"self":[{"href":"https:\/\/www.rukajarvensuunnanhistoriayhdistys.fi\/historiayhdistys\/wp-json\/wp\/v2\/pages\/285","targetHints":{"allow":["GET"]}}],"collection":[{"href":"https:\/\/www.rukajarvensuunnanhistoriayhdistys.fi\/historiayhdistys\/wp-json\/wp\/v2\/pages"}],"about":[{"href":"https:\/\/www.rukajarvensuunnanhistoriayhdistys.fi\/historiayhdistys\/wp-json\/wp\/v2\/types\/page"}],"author":[{"embeddable":true,"href":"https:\/\/www.rukajarvensuunnanhistoriayhdistys.fi\/historiayhdistys\/wp-json\/wp\/v2\/users\/2"}],"replies":[{"embeddable":true,"href":"https:\/\/www.rukajarvensuunnanhistoriayhdistys.fi\/historiayhdistys\/wp-json\/wp\/v2\/comments?post=285"}],"version-history":[{"count":13,"href":"https:\/\/www.rukajarvensuunnanhistoriayhdistys.fi\/historiayhdistys\/wp-json\/wp\/v2\/pages\/285\/revisions"}],"predecessor-version":[{"id":16054,"href":"https:\/\/www.rukajarvensuunnanhistoriayhdistys.fi\/historiayhdistys\/wp-json\/wp\/v2\/pages\/285\/revisions\/16054"}],"wp:attachment":[{"href":"https:\/\/www.rukajarvensuunnanhistoriayhdistys.fi\/historiayhdistys\/wp-json\/wp\/v2\/media?parent=285"}],"curies":[{"name":"wp","href":"https:\/\/api.w.org\/{rel}","templated":true}]}}