{"id":52,"date":"2013-10-13T23:22:54","date_gmt":"2013-10-13T20:22:54","guid":{"rendered":"http:\/\/www.rukajarvensuunnanhistoriayhdistys.fi\/historiayhdistys\/?page_id=52"},"modified":"2025-04-05T18:36:06","modified_gmt":"2025-04-05T15:36:06","slug":"toimintasuunnitelmat","status":"publish","type":"page","link":"https:\/\/www.rukajarvensuunnanhistoriayhdistys.fi\/historiayhdistys\/tausta\/toimintasuunnitelmat\/","title":{"rendered":"Toimintasuunnitelmat"},"content":{"rendered":"<div class=\"fcbkbttn_buttons_block\" id=\"fcbkbttn_left\"><div class=\"fcbkbttn_like \"><fb:like href=\"https:\/\/www.rukajarvensuunnanhistoriayhdistys.fi\/historiayhdistys\/tausta\/toimintasuunnitelmat\/\" action=\"like\" colorscheme=\"light\" layout=\"button_count\"  size=\"small\"><\/fb:like><\/div><\/div><p>Toimintasuunnitelma 2009 \u2013 2011, (Tallennetaan my\u00f6hemmin)<\/p>\n<p>Toimintasuunnitelma 2011 \u2013 2012, (Tallennetaan my\u00f6hemmin)<\/p>\n<p>Toimintasuunnitelma 2012 \u2013 2013, (Tallennetaan my\u00f6hemmin)<\/p>\n<p>Toimintasuunnitelma 2013 \u2013 2014, Luettavissa <strong><a href=\"http:\/\/www.rukajarvensuunnanhistoriayhdistys.fi\/historiayhdistys\/wp-content\/uploads\/2018\/04\/RSHYry-Toimintasuunnitelma-2013-2014.pdf\">T\u00c4\u00c4LT\u00c4<\/a>:<\/strong><\/p>\n<p>Toimintasuunnitelma 2014 \u2013 2015, (Tallennetaan my\u00f6hemmin)<\/p>\n<p>Toimintasuunnitelma 2016, (Tallennetaan my\u00f6hemmin)<\/p>\n<p>Toimintasuunnitelma 2017, (Tallennetaan my\u00f6hemmin)<\/p>\n<p>Toimintasuunnitelma 2018, Luettavissa <strong><a href=\"http:\/\/www.rukajarvensuunnanhistoriayhdistys.fi\/historiayhdistys\/wp-content\/uploads\/2018\/04\/L2-RSHY-Toimintasuunnitelma-2018.pdf\">T\u00c4\u00c4LT\u00c4<\/a>:<\/strong><\/p>\n<p>Toimintasuunnitelma 2019, Luettavissa <strong><a href=\"http:\/\/www.rukajarvensuunnanhistoriayhdistys.fi\/historiayhdistys\/wp-content\/uploads\/2019\/03\/RSHY-Toimintasuunnitelma-2019.pdf\">T\u00c4\u00c4LT\u00c4<\/a>:<\/strong><\/p>\n\n\n<p>Toimintasuunnitelma 2020, Luettavissa <strong><a href=\"http:\/\/www.rukajarvensuunnanhistoriayhdistys.fi\/historiayhdistys\/wp-content\/uploads\/2021\/04\/RSHY-Toimintasuunnitelma-2020.pdf\">T\u00c4\u00c4LT\u00c4<\/a>:<\/strong><\/p>\n\n\n\n<p>Toimintasuunnitelma 2021, Luettavissa <strong><a href=\"http:\/\/www.rukajarvensuunnanhistoriayhdistys.fi\/historiayhdistys\/wp-content\/uploads\/2021\/04\/RSHY-Toimintasuunnitelma-2021.pdf\">T\u00c4\u00c4LT\u00c4<\/a>:<\/strong><\/p>\n\n\n\n<p>Toimintasuunnitelma 2022, Luettavissa <strong><a href=\"http:\/\/www.rukajarvensuunnanhistoriayhdistys.fi\/historiayhdistys\/wp-content\/uploads\/2022\/03\/RSHY-Toimintasuunnitelma-2022-hyvaksytty-1232022.pdf\">T\u00c4\u00c4LT\u00c4<\/a>:<\/strong><\/p>\n\n\n\n<p>Toimintasuunnitelma 2023, Luettavissa <a href=\"http:\/\/www.rukajarvensuunnanhistoriayhdistys.fi\/historiayhdistys\/wp-content\/uploads\/2025\/04\/D-RSHY-Toimintasuunnitelma-2023-hyv_25.3.2023.pdf\"><strong>T\u00c4\u00c4LT\u00c4<\/strong>:<\/a><\/p>\n\n\n\n<p>Toimintasuunnitelma 2024, Luettavissa <a href=\"http:\/\/www.rukajarvensuunnanhistoriayhdistys.fi\/historiayhdistys\/wp-content\/uploads\/2025\/04\/RSHY-Toimintasuunnitelma-2024-hyv-24.3.2024-1.pdf\"><strong>T\u00c4\u00c4LT\u00c4<\/strong>:<\/a><\/p>\n\n\n\n<p>Toimintasuunnitelma 2025, Luettavissa <a href=\"http:\/\/www.rukajarvensuunnanhistoriayhdistys.fi\/historiayhdistys\/wp-content\/uploads\/2025\/04\/RSHY-Toimintasuunnitelma-2025-22-3-2025-JK.pdf\"><strong>T\u00c4\u00c4LT\u00c4<\/strong>:<\/a><\/p>\n\n\n","protected":false},"excerpt":{"rendered":"<p>Toimintasuunnitelma 2009 \u2013 2011, (Tallennetaan my\u00f6hemmin) Toimintasuunnitelma 2011 \u2013 2012, (Tallennetaan my\u00f6hemmin) Toimintasuunnitelma 2012 \u2013 2013, (Tallennetaan my\u00f6hemmin) Toimintasuunnitelma 2013 \u2013 2014, Luettavissa T\u00c4\u00c4LT\u00c4: Toimintasuunnitelma 2014 \u2013 2015, (Tallennetaan my\u00f6hemmin) <a class=\"more-link\" href=\"https:\/\/www.rukajarvensuunnanhistoriayhdistys.fi\/historiayhdistys\/tausta\/toimintasuunnitelmat\/\">Teksti jatkuu&#8230;<span class=\"screen-reader-text\">Toimintasuunnitelmat<\/span><span class=\"meta-nav\">\u2192<\/span><\/a><\/p>\n","protected":false},"author":2,"featured_media":0,"parent":41,"menu_order":0,"comment_status":"open","ping_status":"open","template":"","meta":{"footnotes":""},"class_list":["post-52","page","type-page","status-publish","hentry"],"yoast_head":"<!-- This site is optimized with the Yoast SEO plugin v27.4 - https:\/\/yoast.com\/product\/yoast-seo-wordpress\/ -->\n<title>Toimintasuunnitelmat - Rukaj\u00e4rven suunnan historiayhdistys<\/title>\n<meta name=\"robots\" content=\"index, follow, max-snippet:-1, max-image-preview:large, max-video-preview:-1\" \/>\n<link rel=\"canonical\" href=\"https:\/\/www.rukajarvensuunnanhistoriayhdistys.fi\/historiayhdistys\/tausta\/toimintasuunnitelmat\/\" \/>\n<meta property=\"og:locale\" content=\"fi_FI\" \/>\n<meta property=\"og:type\" content=\"article\" \/>\n<meta property=\"og:title\" content=\"Toimintasuunnitelmat - Rukaj\u00e4rven suunnan historiayhdistys\" \/>\n<meta property=\"og:description\" content=\"Toimintasuunnitelma 2009 \u2013 2011, (Tallennetaan my\u00f6hemmin) Toimintasuunnitelma 2011 \u2013 2012, (Tallennetaan my\u00f6hemmin) Toimintasuunnitelma 2012 \u2013 2013, (Tallennetaan my\u00f6hemmin) Toimintasuunnitelma 2013 \u2013 2014, Luettavissa T\u00c4\u00c4LT\u00c4: Toimintasuunnitelma 2014 \u2013 2015, (Tallennetaan my\u00f6hemmin) Teksti jatkuu...Toimintasuunnitelmat\u2192\" \/>\n<meta property=\"og:url\" content=\"https:\/\/www.rukajarvensuunnanhistoriayhdistys.fi\/historiayhdistys\/tausta\/toimintasuunnitelmat\/\" \/>\n<meta property=\"og:site_name\" content=\"Rukaj\u00e4rven suunnan historiayhdistys\" \/>\n<meta property=\"article:modified_time\" content=\"2025-04-05T15:36:06+00:00\" \/>\n<meta name=\"twitter:label1\" content=\"Arvioitu lukuaika\" \/>\n\t<meta name=\"twitter:data1\" content=\"1 minuutti\" \/>\n<script type=\"application\/ld+json\" class=\"yoast-schema-graph\">{\"@context\":\"https:\\\/\\\/schema.org\",\"@graph\":[{\"@type\":\"WebPage\",\"@id\":\"https:\\\/\\\/www.rukajarvensuunnanhistoriayhdistys.fi\\\/historiayhdistys\\\/tausta\\\/toimintasuunnitelmat\\\/\",\"url\":\"https:\\\/\\\/www.rukajarvensuunnanhistoriayhdistys.fi\\\/historiayhdistys\\\/tausta\\\/toimintasuunnitelmat\\\/\",\"name\":\"Toimintasuunnitelmat - Rukaj\u00e4rven suunnan historiayhdistys\",\"isPartOf\":{\"@id\":\"http:\\\/\\\/www.rukajarvensuunnanhistoriayhdistys.fi\\\/historiayhdistys\\\/#website\"},\"datePublished\":\"2013-10-13T20:22:54+00:00\",\"dateModified\":\"2025-04-05T15:36:06+00:00\",\"breadcrumb\":{\"@id\":\"https:\\\/\\\/www.rukajarvensuunnanhistoriayhdistys.fi\\\/historiayhdistys\\\/tausta\\\/toimintasuunnitelmat\\\/#breadcrumb\"},\"inLanguage\":\"fi\",\"potentialAction\":[{\"@type\":\"ReadAction\",\"target\":[\"https:\\\/\\\/www.rukajarvensuunnanhistoriayhdistys.fi\\\/historiayhdistys\\\/tausta\\\/toimintasuunnitelmat\\\/\"]}]},{\"@type\":\"BreadcrumbList\",\"@id\":\"https:\\\/\\\/www.rukajarvensuunnanhistoriayhdistys.fi\\\/historiayhdistys\\\/tausta\\\/toimintasuunnitelmat\\\/#breadcrumb\",\"itemListElement\":[{\"@type\":\"ListItem\",\"position\":1,\"name\":\"Etusivu\",\"item\":\"http:\\\/\\\/www.rukajarvensuunnanhistoriayhdistys.fi\\\/historiayhdistys\\\/\"},{\"@type\":\"ListItem\",\"position\":2,\"name\":\"Tietoa yhdistyksest\u00e4\",\"item\":\"https:\\\/\\\/www.rukajarvensuunnanhistoriayhdistys.fi\\\/historiayhdistys\\\/tausta\\\/\"},{\"@type\":\"ListItem\",\"position\":3,\"name\":\"Toimintasuunnitelmat\"}]},{\"@type\":\"WebSite\",\"@id\":\"http:\\\/\\\/www.rukajarvensuunnanhistoriayhdistys.fi\\\/historiayhdistys\\\/#website\",\"url\":\"http:\\\/\\\/www.rukajarvensuunnanhistoriayhdistys.fi\\\/historiayhdistys\\\/\",\"name\":\"Rukaj\u00e4rven suunnan historiayhdistys\",\"description\":\"Rukaj\u00e4rven suunnan historiayhdistyksen verkkosivut.\",\"publisher\":{\"@id\":\"http:\\\/\\\/www.rukajarvensuunnanhistoriayhdistys.fi\\\/historiayhdistys\\\/#organization\"},\"potentialAction\":[{\"@type\":\"SearchAction\",\"target\":{\"@type\":\"EntryPoint\",\"urlTemplate\":\"http:\\\/\\\/www.rukajarvensuunnanhistoriayhdistys.fi\\\/historiayhdistys\\\/?s={search_term_string}\"},\"query-input\":{\"@type\":\"PropertyValueSpecification\",\"valueRequired\":true,\"valueName\":\"search_term_string\"}}],\"inLanguage\":\"fi\"},{\"@type\":\"Organization\",\"@id\":\"http:\\\/\\\/www.rukajarvensuunnanhistoriayhdistys.fi\\\/historiayhdistys\\\/#organization\",\"name\":\"Rukaj\u00e4rven suunnan historiayhdistys\",\"url\":\"http:\\\/\\\/www.rukajarvensuunnanhistoriayhdistys.fi\\\/historiayhdistys\\\/\",\"logo\":{\"@type\":\"ImageObject\",\"inLanguage\":\"fi\",\"@id\":\"http:\\\/\\\/www.rukajarvensuunnanhistoriayhdistys.fi\\\/historiayhdistys\\\/#\\\/schema\\\/logo\\\/image\\\/\",\"url\":\"https:\\\/\\\/www.rukajarvensuunnanhistoriayhdistys.fi\\\/historiayhdistys\\\/wp-content\\\/uploads\\\/2013\\\/12\\\/Otsake_3.jpg\",\"contentUrl\":\"https:\\\/\\\/www.rukajarvensuunnanhistoriayhdistys.fi\\\/historiayhdistys\\\/wp-content\\\/uploads\\\/2013\\\/12\\\/Otsake_3.jpg\",\"width\":1000,\"height\":442,\"caption\":\"Rukaj\u00e4rven suunnan historiayhdistys\"},\"image\":{\"@id\":\"http:\\\/\\\/www.rukajarvensuunnanhistoriayhdistys.fi\\\/historiayhdistys\\\/#\\\/schema\\\/logo\\\/image\\\/\"}}]}<\/script>\n<!-- \/ Yoast SEO plugin. -->","yoast_head_json":{"title":"Toimintasuunnitelmat - Rukaj\u00e4rven suunnan historiayhdistys","robots":{"index":"index","follow":"follow","max-snippet":"max-snippet:-1","max-image-preview":"max-image-preview:large","max-video-preview":"max-video-preview:-1"},"canonical":"https:\/\/www.rukajarvensuunnanhistoriayhdistys.fi\/historiayhdistys\/tausta\/toimintasuunnitelmat\/","og_locale":"fi_FI","og_type":"article","og_title":"Toimintasuunnitelmat - Rukaj\u00e4rven suunnan historiayhdistys","og_description":"Toimintasuunnitelma 2009 \u2013 2011, (Tallennetaan my\u00f6hemmin) Toimintasuunnitelma 2011 \u2013 2012, (Tallennetaan my\u00f6hemmin) Toimintasuunnitelma 2012 \u2013 2013, (Tallennetaan my\u00f6hemmin) Toimintasuunnitelma 2013 \u2013 2014, Luettavissa T\u00c4\u00c4LT\u00c4: Toimintasuunnitelma 2014 \u2013 2015, (Tallennetaan my\u00f6hemmin) Teksti jatkuu...Toimintasuunnitelmat\u2192","og_url":"https:\/\/www.rukajarvensuunnanhistoriayhdistys.fi\/historiayhdistys\/tausta\/toimintasuunnitelmat\/","og_site_name":"Rukaj\u00e4rven suunnan historiayhdistys","article_modified_time":"2025-04-05T15:36:06+00:00","twitter_misc":{"Arvioitu lukuaika":"1 minuutti"},"schema":{"@context":"https:\/\/schema.org","@graph":[{"@type":"WebPage","@id":"https:\/\/www.rukajarvensuunnanhistoriayhdistys.fi\/historiayhdistys\/tausta\/toimintasuunnitelmat\/","url":"https:\/\/www.rukajarvensuunnanhistoriayhdistys.fi\/historiayhdistys\/tausta\/toimintasuunnitelmat\/","name":"Toimintasuunnitelmat - Rukaj\u00e4rven suunnan historiayhdistys","isPartOf":{"@id":"http:\/\/www.rukajarvensuunnanhistoriayhdistys.fi\/historiayhdistys\/#website"},"datePublished":"2013-10-13T20:22:54+00:00","dateModified":"2025-04-05T15:36:06+00:00","breadcrumb":{"@id":"https:\/\/www.rukajarvensuunnanhistoriayhdistys.fi\/historiayhdistys\/tausta\/toimintasuunnitelmat\/#breadcrumb"},"inLanguage":"fi","potentialAction":[{"@type":"ReadAction","target":["https:\/\/www.rukajarvensuunnanhistoriayhdistys.fi\/historiayhdistys\/tausta\/toimintasuunnitelmat\/"]}]},{"@type":"BreadcrumbList","@id":"https:\/\/www.rukajarvensuunnanhistoriayhdistys.fi\/historiayhdistys\/tausta\/toimintasuunnitelmat\/#breadcrumb","itemListElement":[{"@type":"ListItem","position":1,"name":"Etusivu","item":"http:\/\/www.rukajarvensuunnanhistoriayhdistys.fi\/historiayhdistys\/"},{"@type":"ListItem","position":2,"name":"Tietoa yhdistyksest\u00e4","item":"https:\/\/www.rukajarvensuunnanhistoriayhdistys.fi\/historiayhdistys\/tausta\/"},{"@type":"ListItem","position":3,"name":"Toimintasuunnitelmat"}]},{"@type":"WebSite","@id":"http:\/\/www.rukajarvensuunnanhistoriayhdistys.fi\/historiayhdistys\/#website","url":"http:\/\/www.rukajarvensuunnanhistoriayhdistys.fi\/historiayhdistys\/","name":"Rukaj\u00e4rven suunnan historiayhdistys","description":"Rukaj\u00e4rven suunnan historiayhdistyksen verkkosivut.","publisher":{"@id":"http:\/\/www.rukajarvensuunnanhistoriayhdistys.fi\/historiayhdistys\/#organization"},"potentialAction":[{"@type":"SearchAction","target":{"@type":"EntryPoint","urlTemplate":"http:\/\/www.rukajarvensuunnanhistoriayhdistys.fi\/historiayhdistys\/?s={search_term_string}"},"query-input":{"@type":"PropertyValueSpecification","valueRequired":true,"valueName":"search_term_string"}}],"inLanguage":"fi"},{"@type":"Organization","@id":"http:\/\/www.rukajarvensuunnanhistoriayhdistys.fi\/historiayhdistys\/#organization","name":"Rukaj\u00e4rven suunnan historiayhdistys","url":"http:\/\/www.rukajarvensuunnanhistoriayhdistys.fi\/historiayhdistys\/","logo":{"@type":"ImageObject","inLanguage":"fi","@id":"http:\/\/www.rukajarvensuunnanhistoriayhdistys.fi\/historiayhdistys\/#\/schema\/logo\/image\/","url":"https:\/\/www.rukajarvensuunnanhistoriayhdistys.fi\/historiayhdistys\/wp-content\/uploads\/2013\/12\/Otsake_3.jpg","contentUrl":"https:\/\/www.rukajarvensuunnanhistoriayhdistys.fi\/historiayhdistys\/wp-content\/uploads\/2013\/12\/Otsake_3.jpg","width":1000,"height":442,"caption":"Rukaj\u00e4rven suunnan historiayhdistys"},"image":{"@id":"http:\/\/www.rukajarvensuunnanhistoriayhdistys.fi\/historiayhdistys\/#\/schema\/logo\/image\/"}}]}},"_links":{"self":[{"href":"https:\/\/www.rukajarvensuunnanhistoriayhdistys.fi\/historiayhdistys\/wp-json\/wp\/v2\/pages\/52","targetHints":{"allow":["GET"]}}],"collection":[{"href":"https:\/\/www.rukajarvensuunnanhistoriayhdistys.fi\/historiayhdistys\/wp-json\/wp\/v2\/pages"}],"about":[{"href":"https:\/\/www.rukajarvensuunnanhistoriayhdistys.fi\/historiayhdistys\/wp-json\/wp\/v2\/types\/page"}],"author":[{"embeddable":true,"href":"https:\/\/www.rukajarvensuunnanhistoriayhdistys.fi\/historiayhdistys\/wp-json\/wp\/v2\/users\/2"}],"replies":[{"embeddable":true,"href":"https:\/\/www.rukajarvensuunnanhistoriayhdistys.fi\/historiayhdistys\/wp-json\/wp\/v2\/comments?post=52"}],"version-history":[{"count":11,"href":"https:\/\/www.rukajarvensuunnanhistoriayhdistys.fi\/historiayhdistys\/wp-json\/wp\/v2\/pages\/52\/revisions"}],"predecessor-version":[{"id":16264,"href":"https:\/\/www.rukajarvensuunnanhistoriayhdistys.fi\/historiayhdistys\/wp-json\/wp\/v2\/pages\/52\/revisions\/16264"}],"up":[{"embeddable":true,"href":"https:\/\/www.rukajarvensuunnanhistoriayhdistys.fi\/historiayhdistys\/wp-json\/wp\/v2\/pages\/41"}],"wp:attachment":[{"href":"https:\/\/www.rukajarvensuunnanhistoriayhdistys.fi\/historiayhdistys\/wp-json\/wp\/v2\/media?parent=52"}],"curies":[{"name":"wp","href":"https:\/\/api.w.org\/{rel}","templated":true}]}}