{"id":1007,"date":"2013-12-15T23:43:15","date_gmt":"2013-12-15T20:43:15","guid":{"rendered":"http:\/\/www.rukajarvensuunnanhistoriayhdistys.fi\/rukajarvikeskus\/?post_type=product&#038;p=1007"},"modified":"2020-12-24T00:27:33","modified_gmt":"2020-12-23T21:27:33","slug":"kahden-sodan-aloittaja","status":"publish","type":"product","link":"https:\/\/www.rukajarvensuunnanhistoriayhdistys.fi\/rukajarvikeskus\/tuote\/kahden-sodan-aloittaja\/","title":{"rendered":"Kahden sodan aloittaja"},"content":{"rendered":"<div class=\"fcbkbttn_buttons_block\" id=\"fcbkbttn_left\"><div class=\"fcbkbttn_like \"><fb:like href=\"https:\/\/www.rukajarvensuunnanhistoriayhdistys.fi\/rukajarvikeskus\/tuote\/kahden-sodan-aloittaja\/\" action=\"like\" colorscheme=\"light\" layout=\"button_count\"  size=\"small\"><\/fb:like><\/div><\/div><p>T\u00e4m\u00e4 kirja kertoo kahden sodan aloittajan monimutkaisen sotatien tapahtumat, sek\u00e4 monista sattumista, jotka johdattivat h\u00e4nt\u00e4 kohti ainutkertaista teht\u00e4v\u00e4\u00e4 ja antoivat mahdollisuuden selviytymiseen pahimmistakin tilanteista.<\/p>\n<p>Kirjassa kerrotaan samalla p\u00e4\u00e4henkil\u00f6n vaatimuksesta kolmen sodan tapahtumat &#8221;p\u00e4hkin\u00e4nkuoressa&#8221; nuorempia ja v\u00e4hemm\u00e4n sotilastuntemusta omaavia lukijoita varten, painopiste on niill\u00e4 rintamilla miss\u00e4 p\u00e4\u00e4henkil\u00f6 taisteli.<\/p>\n<p>Kertomuksissa on mukana talvisodan erikoisuuksia, joita ei ole aikaisemmin kerrottu yleisiss\u00e4 julkaisuissa. My\u00f6s Lapin sodan tapahtumista lukija voi l\u00f6yt\u00e4\u00e4 erikoisuuksia, jotka saattavat muuttaa suhtautumista tai k\u00e4sityst\u00e4 kyseisen sodan kulkuun.<\/p>\n<p><em>Tauno Oksanen on rajakapteeni evp, ja pitk\u00e4aikainen sotahistorian harrastaja ja tutkija. Oksanen on aikaisemmin kirjoittanut kaksi sotahistorian dokumenttikirjaa, yhden dokumentin neuvostopartisaanien toiminnasta ja ollut mukana noin kymmenen dokumentin kirjoittamisessa.<\/em><\/p>\n","protected":false},"excerpt":{"rendered":"<p>Tekij\u00e4: Tauno Oksanen<\/p>\n<p>Nimi: Kahden sodan aloittaja<\/p>\n<p>ISBN: 978-952-202-454-1<\/p>\n<p>260 sivua.<\/p>\n<p>Kartta- ja valokuvaliite<\/p>\n<p><strong>Huom!<\/strong> Rukaj\u00e4rvikeskus l\u00e4hett\u00e4\u00e4 erillisen laskun ennen kirjan toimitusta. Kun lasku on maksettu, kirja postitetaan asiakkaalle. <a class=\"more-link\" href=\"https:\/\/www.rukajarvensuunnanhistoriayhdistys.fi\/rukajarvikeskus\/tuote\/kahden-sodan-aloittaja\/\">Lue lis\u00e4\u00e4&#8230;<span class=\"screen-reader-text\">Kahden sodan aloittaja<\/span><span class=\"meta-nav\">\u2192<\/span><\/a><\/p>\n","protected":false},"featured_media":1008,"comment_status":"closed","ping_status":"closed","template":"","meta":{"ngg_post_thumbnail":0},"product_brand":[],"product_cat":[33],"product_tag":[],"class_list":{"0":"post-1007","1":"product","2":"type-product","3":"status-publish","4":"has-post-thumbnail","6":"product_cat-kirjat","8":"first","9":"instock","10":"shipping-taxable","11":"purchasable","12":"product-type-simple"},"jetpack_sharing_enabled":true,"_links":{"self":[{"href":"https:\/\/www.rukajarvensuunnanhistoriayhdistys.fi\/rukajarvikeskus\/wp-json\/wp\/v2\/product\/1007","targetHints":{"allow":["GET"]}}],"collection":[{"href":"https:\/\/www.rukajarvensuunnanhistoriayhdistys.fi\/rukajarvikeskus\/wp-json\/wp\/v2\/product"}],"about":[{"href":"https:\/\/www.rukajarvensuunnanhistoriayhdistys.fi\/rukajarvikeskus\/wp-json\/wp\/v2\/types\/product"}],"replies":[{"embeddable":true,"href":"https:\/\/www.rukajarvensuunnanhistoriayhdistys.fi\/rukajarvikeskus\/wp-json\/wp\/v2\/comments?post=1007"}],"wp:featuredmedia":[{"embeddable":true,"href":"https:\/\/www.rukajarvensuunnanhistoriayhdistys.fi\/rukajarvikeskus\/wp-json\/wp\/v2\/media\/1008"}],"wp:attachment":[{"href":"https:\/\/www.rukajarvensuunnanhistoriayhdistys.fi\/rukajarvikeskus\/wp-json\/wp\/v2\/media?parent=1007"}],"wp:term":[{"taxonomy":"product_brand","embeddable":true,"href":"https:\/\/www.rukajarvensuunnanhistoriayhdistys.fi\/rukajarvikeskus\/wp-json\/wp\/v2\/product_brand?post=1007"},{"taxonomy":"product_cat","embeddable":true,"href":"https:\/\/www.rukajarvensuunnanhistoriayhdistys.fi\/rukajarvikeskus\/wp-json\/wp\/v2\/product_cat?post=1007"},{"taxonomy":"product_tag","embeddable":true,"href":"https:\/\/www.rukajarvensuunnanhistoriayhdistys.fi\/rukajarvikeskus\/wp-json\/wp\/v2\/product_tag?post=1007"}],"curies":[{"name":"wp","href":"https:\/\/api.w.org\/{rel}","templated":true}]}}