{"id":10760,"date":"2020-12-13T22:57:46","date_gmt":"2020-12-13T19:57:46","guid":{"rendered":"http:\/\/www.rukajarvensuunnanhistoriayhdistys.fi\/rukajarvikeskus\/?post_type=product&#038;p=10760"},"modified":"2022-09-01T08:03:16","modified_gmt":"2022-09-01T05:03:16","slug":"raappanan-ritari","status":"publish","type":"product","link":"https:\/\/www.rukajarvensuunnanhistoriayhdistys.fi\/rukajarvikeskus\/tuote\/raappanan-ritari\/","title":{"rendered":"Raappanan ritari"},"content":{"rendered":"<div class=\"fcbkbttn_buttons_block\" id=\"fcbkbttn_left\"><div class=\"fcbkbttn_like \"><fb:like href=\"https:\/\/www.rukajarvensuunnanhistoriayhdistys.fi\/rukajarvikeskus\/tuote\/raappanan-ritari\/\" action=\"like\" colorscheme=\"light\" layout=\"button_count\"  size=\"small\"><\/fb:like><\/div><\/div><p>T\u00e4m\u00e4 kirja on kaksi sotaa kokeneen joukkueen- ja partionjohtajan sek\u00e4 komppaniannp\u00e4\u00e4llik\u00f6n <strong>Pentti Perttulin<\/strong> kuvaus er\u00e4maasodasta.&nbsp;<\/p>\n<p>Kirja on kaksi sotaa kokeneen joukkueen- ja partionjohtajan sek\u00e4 komppanianp\u00e4\u00e4llik\u00f6n kuvaus er\u00e4maasodasta. Perttulin kertomus ei ole pelkk\u00e4\u00e4 sotatoimien kuvausta. H\u00e4nen partiokertomuksiin kirjoittamansa runot tekev\u00e4t niist\u00e4 my\u00f6s hienoja kaunokirjallisia esitelmi\u00e4. Kirjassa kerrotut tapahtumat sijoittuvat kauaksi kotoa Rykaj\u00e4rvelle, Euroopaan suurimpaan er\u00e4maahan, Piening\u00e4n salolle. Er\u00e4maa on l\u00e4sn\u00e4 Perttulin upeissa luontokuvauksissa sodan keskell\u00e4.<\/p>\n<p>Kirja perustuu tarkkoihin sodanaikaisiin muistiinpanoihin. Perttulin sotap\u00e4iv\u00e4kirjat ovat esimerkki siit\u00e4, miten ne ohjeen mukaan tuli laatia. P\u00e4iv\u00e4kirjat sis\u00e4lt\u00e4v\u00e4t v\u00e4ritettyj\u00e4 karttapiirroksia ja selv\u00e4ll\u00e4 k\u00e4sialalla laadittuja taistelukertomuksia.<\/p>\n<p>Perttuli selvitt\u00e4\u00e4 er\u00e4maasodank\u00e4yntiin keskeisesti kuuluvan kentt\u00e4vartio- ja partiotoiminnan. H\u00e4n kertoo my\u00f6s taistelujen v\u00e4lisest\u00e4 vapaa-ajasta ja kulttuurity\u00f6st\u00e4. My\u00f6s huolto ja kotirintaman merkitys tulee Perttulin kerronnasta esille ja mik\u00e4 arvokkainta, h\u00e4n kantaa huolta sotilaistaan ja jakaa heille kiitosta.<\/p>\n","protected":false},"excerpt":{"rendered":"<p>T\u00e4m\u00e4 kirja on kaksi sotaa kokeneen joukkueen- ja partionjohtajan sek\u00e4 komppaniannp\u00e4\u00e4llik\u00f6n <strong>Pentti Perttulin<\/strong> kuvaus er\u00e4maasodasta. Kirja perustuu tarkkoihin sota-aikaisiin muistiinpanoihin, joita on selvennetty v\u00e4rillisill\u00e4 karttapiirroksilla.<\/p>\n<p>Kirjassa on 384 sivua ja satoja valokuvia 28 kpl.<\/p>\n<p>Lis\u00e4ksi kirjassa on useita kymmeni\u00e4 karttapiirroksia ja Perttulin itse sota-aikana pit\u00e4m\u00e4n p\u00e4iv\u00e4kirjan sivuja.<\/p>\n<p><strong>Huom!<\/strong> Rukaj\u00e4rvikeskus l\u00e4hett\u00e4\u00e4 erillisen laskun ennen kirjan toimitusta. Kun lasku on maksettu, kirja postitetaan asiakkaalle. <a class=\"more-link\" href=\"https:\/\/www.rukajarvensuunnanhistoriayhdistys.fi\/rukajarvikeskus\/tuote\/raappanan-ritari\/\">Lue lis\u00e4\u00e4&#8230;<span class=\"screen-reader-text\">Raappanan ritari<\/span><span class=\"meta-nav\">\u2192<\/span><\/a><\/p>\n","protected":false},"featured_media":10762,"comment_status":"closed","ping_status":"closed","template":"","meta":{"ngg_post_thumbnail":0},"product_brand":[],"product_cat":[33],"product_tag":[53],"class_list":{"0":"post-10760","1":"product","2":"type-product","3":"status-publish","4":"has-post-thumbnail","6":"product_cat-kirjat","7":"product_tag-raappanan-ritari","9":"first","10":"instock","11":"shipping-taxable","12":"purchasable","13":"product-type-simple"},"jetpack_sharing_enabled":true,"_links":{"self":[{"href":"https:\/\/www.rukajarvensuunnanhistoriayhdistys.fi\/rukajarvikeskus\/wp-json\/wp\/v2\/product\/10760","targetHints":{"allow":["GET"]}}],"collection":[{"href":"https:\/\/www.rukajarvensuunnanhistoriayhdistys.fi\/rukajarvikeskus\/wp-json\/wp\/v2\/product"}],"about":[{"href":"https:\/\/www.rukajarvensuunnanhistoriayhdistys.fi\/rukajarvikeskus\/wp-json\/wp\/v2\/types\/product"}],"replies":[{"embeddable":true,"href":"https:\/\/www.rukajarvensuunnanhistoriayhdistys.fi\/rukajarvikeskus\/wp-json\/wp\/v2\/comments?post=10760"}],"wp:featuredmedia":[{"embeddable":true,"href":"https:\/\/www.rukajarvensuunnanhistoriayhdistys.fi\/rukajarvikeskus\/wp-json\/wp\/v2\/media\/10762"}],"wp:attachment":[{"href":"https:\/\/www.rukajarvensuunnanhistoriayhdistys.fi\/rukajarvikeskus\/wp-json\/wp\/v2\/media?parent=10760"}],"wp:term":[{"taxonomy":"product_brand","embeddable":true,"href":"https:\/\/www.rukajarvensuunnanhistoriayhdistys.fi\/rukajarvikeskus\/wp-json\/wp\/v2\/product_brand?post=10760"},{"taxonomy":"product_cat","embeddable":true,"href":"https:\/\/www.rukajarvensuunnanhistoriayhdistys.fi\/rukajarvikeskus\/wp-json\/wp\/v2\/product_cat?post=10760"},{"taxonomy":"product_tag","embeddable":true,"href":"https:\/\/www.rukajarvensuunnanhistoriayhdistys.fi\/rukajarvikeskus\/wp-json\/wp\/v2\/product_tag?post=10760"}],"curies":[{"name":"wp","href":"https:\/\/api.w.org\/{rel}","templated":true}]}}