{"id":477,"date":"2013-07-31T22:31:42","date_gmt":"2013-07-31T19:31:42","guid":{"rendered":"http:\/\/www.rukajarvensuunnanhistoriayhdistys.fi\/rukajarvikeskus\/?post_type=product&#038;p=477"},"modified":"2021-01-08T20:12:04","modified_gmt":"2021-01-08T17:12:04","slug":"jeljarven-huoltotukikohdan-tuho-sissiosasto-puustisen-retki-jeljarvelle","status":"publish","type":"product","link":"https:\/\/www.rukajarvensuunnanhistoriayhdistys.fi\/rukajarvikeskus\/tuote\/jeljarven-huoltotukikohdan-tuho-sissiosasto-puustisen-retki-jeljarvelle\/","title":{"rendered":"Jelj\u00e4rven huoltotukikohdan tuho \u2013 Sissiosasto Puustisen retki Jelj\u00e4rvelle"},"content":{"rendered":"<div class=\"fcbkbttn_buttons_block\" id=\"fcbkbttn_left\"><div class=\"fcbkbttn_like \"><fb:like href=\"https:\/\/www.rukajarvensuunnanhistoriayhdistys.fi\/rukajarvikeskus\/tuote\/jeljarven-huoltotukikohdan-tuho-sissiosasto-puustisen-retki-jeljarvelle\/\" action=\"like\" colorscheme=\"light\" layout=\"button_count\"  size=\"small\"><\/fb:like><\/div><\/div><p>T\u00e4h\u00e4n kirjaan on koottu kansallisarkiston asiakirjat ja veteraanikertomukset majuri Jukka Puustisen johtamasta sissiretkest\u00e4 Jelj\u00e4rvelle maaliskuussa 1943. Sissiosasto tuhosi yll\u00e4tt\u00e4v\u00e4ss\u00e4 iskussa puna-armeijan 27. Divisioonan Jelj\u00e4rven huoltotukikohdan ja rautatieasema-alueen perusteellisesti yli 50 kilometri\u00e4 vihollisen kentt\u00e4vartiolinjan takana. Jelj\u00e4rvell\u00e4 tehty sissi-isku oli yksi ttuhoisimmista viime sotien aikana. Retkeen otti osaa 581 Rukaj\u00e4rven suunnan korpisoturia. Suomalaistenkin tappiot olivat retken aikana huomattavat. Retkelt\u00e4 j\u00e4i palaamatta 32 kaatunutta ja vangiksi j\u00e4\u00e4nytt\u00e4.<\/p>\n<p>Kirjan lopussa on ryhm\u00e4 Piening\u00e4n 70 vuotta my\u00f6hemmin maaliskuussa 2013 Jelj\u00e4rvelle tekem\u00e4n retken kokemukset.<\/p>\n","protected":false},"excerpt":{"rendered":"<p>Kirja sis\u00e4lt\u00e4\u00e4 majuri Jukka Puustisen johtaman sissi-iskun asiakirjat ja veteraanien kokemukset. Kirjassa on my\u00f6s kuvaus Ryhm\u00e4 Piening\u00e4n kev\u00e4\u00e4ll\u00e4 2013 sissi-iskun tapahtumapaikoille tekem\u00e4st\u00e4 retkest\u00e4.<\/p>\n<p><strong>Huom!<\/strong> Rukaj\u00e4rvikeskus l\u00e4hett\u00e4\u00e4 erillisen laskun ennen kirjan toimitusta. Kun lasku on maksettu, kirja postitetaan asiakkaalle. <a class=\"more-link\" href=\"https:\/\/www.rukajarvensuunnanhistoriayhdistys.fi\/rukajarvikeskus\/tuote\/jeljarven-huoltotukikohdan-tuho-sissiosasto-puustisen-retki-jeljarvelle\/\">Lue lis\u00e4\u00e4&#8230;<span class=\"screen-reader-text\">Jelj\u00e4rven huoltotukikohdan tuho \u2013 Sissiosasto Puustisen retki Jelj\u00e4rvelle<\/span><span class=\"meta-nav\">\u2192<\/span><\/a><\/p>\n","protected":false},"featured_media":85,"comment_status":"closed","ping_status":"closed","template":"","meta":{"ngg_post_thumbnail":0},"product_brand":[],"product_cat":[33],"product_tag":[],"class_list":{"0":"post-477","1":"product","2":"type-product","3":"status-publish","4":"has-post-thumbnail","6":"product_cat-kirjat","8":"first","9":"instock","10":"shipping-taxable","11":"purchasable","12":"product-type-simple"},"jetpack_sharing_enabled":true,"_links":{"self":[{"href":"https:\/\/www.rukajarvensuunnanhistoriayhdistys.fi\/rukajarvikeskus\/wp-json\/wp\/v2\/product\/477","targetHints":{"allow":["GET"]}}],"collection":[{"href":"https:\/\/www.rukajarvensuunnanhistoriayhdistys.fi\/rukajarvikeskus\/wp-json\/wp\/v2\/product"}],"about":[{"href":"https:\/\/www.rukajarvensuunnanhistoriayhdistys.fi\/rukajarvikeskus\/wp-json\/wp\/v2\/types\/product"}],"replies":[{"embeddable":true,"href":"https:\/\/www.rukajarvensuunnanhistoriayhdistys.fi\/rukajarvikeskus\/wp-json\/wp\/v2\/comments?post=477"}],"wp:featuredmedia":[{"embeddable":true,"href":"https:\/\/www.rukajarvensuunnanhistoriayhdistys.fi\/rukajarvikeskus\/wp-json\/wp\/v2\/media\/85"}],"wp:attachment":[{"href":"https:\/\/www.rukajarvensuunnanhistoriayhdistys.fi\/rukajarvikeskus\/wp-json\/wp\/v2\/media?parent=477"}],"wp:term":[{"taxonomy":"product_brand","embeddable":true,"href":"https:\/\/www.rukajarvensuunnanhistoriayhdistys.fi\/rukajarvikeskus\/wp-json\/wp\/v2\/product_brand?post=477"},{"taxonomy":"product_cat","embeddable":true,"href":"https:\/\/www.rukajarvensuunnanhistoriayhdistys.fi\/rukajarvikeskus\/wp-json\/wp\/v2\/product_cat?post=477"},{"taxonomy":"product_tag","embeddable":true,"href":"https:\/\/www.rukajarvensuunnanhistoriayhdistys.fi\/rukajarvikeskus\/wp-json\/wp\/v2\/product_tag?post=477"}],"curies":[{"name":"wp","href":"https:\/\/api.w.org\/{rel}","templated":true}]}}