{"id":487,"date":"2013-08-01T21:54:52","date_gmt":"2013-08-01T18:54:52","guid":{"rendered":"http:\/\/www.rukajarvensuunnanhistoriayhdistys.fi\/rukajarvikeskus\/?post_type=product&#038;p=487"},"modified":"2020-12-24T00:29:54","modified_gmt":"2020-12-23T21:29:54","slug":"rukajarven-luutnantti-kenttapostia-sensuurin-takaa","status":"publish","type":"product","link":"https:\/\/www.rukajarvensuunnanhistoriayhdistys.fi\/rukajarvikeskus\/tuote\/rukajarven-luutnantti-kenttapostia-sensuurin-takaa\/","title":{"rendered":"Rukaj\u00e4rven luutnantti \u2013 Kentt\u00e4postia sensuurin takaa"},"content":{"rendered":"<div class=\"fcbkbttn_buttons_block\" id=\"fcbkbttn_left\"><div class=\"fcbkbttn_like \"><fb:like href=\"https:\/\/www.rukajarvensuunnanhistoriayhdistys.fi\/rukajarvikeskus\/tuote\/rukajarven-luutnantti-kenttapostia-sensuurin-takaa\/\" action=\"like\" colorscheme=\"light\" layout=\"button_count\"  size=\"small\"><\/fb:like><\/div><\/div><p>Rukaj\u00e4rven luutnantti \u2013 Kentt\u00e4postia sotasensuurin takaa on tammikuussa 1944 menneen kahden nuoren p\u00e4iv\u00e4kirja.<\/p>\n<p>Rivien v\u00e4list\u00e4 voi lukea paljon Jatkosodan viimeisen vuoden tapahtumista. Kirjeiss\u00e4 ei voinut kertoa juuri mit\u00e4\u00e4n ja lomat peruuntuivat kokonaista seitsem\u00e4n kuukauden ajaksi.<\/p>\n<p>Rintamasotilaan m\u00e4\u00e4r\u00e4tietoiset ohjeet ja huoli tulevan puolison kohtaloista Helsingin pommitusten aikana satuttaa ja puhuttelee lukijaa.<\/p>\n<p>Moni veteraani samaistuu Ermei Kannisen kirjeist\u00e4 v\u00e4littyviin tunteisiin ja tunnelmiin.<\/p>\n","protected":false},"excerpt":{"rendered":"<p>Rukaj\u00e4rven luutnantti \u2013 Kentt\u00e4postia sotasensuurin takaa on tammikuussa 1944 menneen kahden nuoren p\u00e4iv\u00e4kirja.<\/p>\n<p><strong>Huom!<\/strong> Rukaj\u00e4rvikeskus l\u00e4hett\u00e4\u00e4 erillisen laskun ennen kirjan toimitusta. Kun lasku on maksettu, kirja postitetaan asiakkaalle. <a class=\"more-link\" href=\"https:\/\/www.rukajarvensuunnanhistoriayhdistys.fi\/rukajarvikeskus\/tuote\/rukajarven-luutnantti-kenttapostia-sensuurin-takaa\/\">Lue lis\u00e4\u00e4&#8230;<span class=\"screen-reader-text\">Rukaj\u00e4rven luutnantti \u2013 Kentt\u00e4postia sensuurin takaa<\/span><span class=\"meta-nav\">\u2192<\/span><\/a><\/p>\n","protected":false},"featured_media":489,"comment_status":"closed","ping_status":"closed","template":"","meta":{"ngg_post_thumbnail":0},"product_brand":[],"product_cat":[33],"product_tag":[],"class_list":{"0":"post-487","1":"product","2":"type-product","3":"status-publish","4":"has-post-thumbnail","6":"product_cat-kirjat","8":"first","9":"instock","10":"shipping-taxable","11":"purchasable","12":"product-type-simple"},"jetpack_sharing_enabled":true,"_links":{"self":[{"href":"https:\/\/www.rukajarvensuunnanhistoriayhdistys.fi\/rukajarvikeskus\/wp-json\/wp\/v2\/product\/487","targetHints":{"allow":["GET"]}}],"collection":[{"href":"https:\/\/www.rukajarvensuunnanhistoriayhdistys.fi\/rukajarvikeskus\/wp-json\/wp\/v2\/product"}],"about":[{"href":"https:\/\/www.rukajarvensuunnanhistoriayhdistys.fi\/rukajarvikeskus\/wp-json\/wp\/v2\/types\/product"}],"replies":[{"embeddable":true,"href":"https:\/\/www.rukajarvensuunnanhistoriayhdistys.fi\/rukajarvikeskus\/wp-json\/wp\/v2\/comments?post=487"}],"wp:featuredmedia":[{"embeddable":true,"href":"https:\/\/www.rukajarvensuunnanhistoriayhdistys.fi\/rukajarvikeskus\/wp-json\/wp\/v2\/media\/489"}],"wp:attachment":[{"href":"https:\/\/www.rukajarvensuunnanhistoriayhdistys.fi\/rukajarvikeskus\/wp-json\/wp\/v2\/media?parent=487"}],"wp:term":[{"taxonomy":"product_brand","embeddable":true,"href":"https:\/\/www.rukajarvensuunnanhistoriayhdistys.fi\/rukajarvikeskus\/wp-json\/wp\/v2\/product_brand?post=487"},{"taxonomy":"product_cat","embeddable":true,"href":"https:\/\/www.rukajarvensuunnanhistoriayhdistys.fi\/rukajarvikeskus\/wp-json\/wp\/v2\/product_cat?post=487"},{"taxonomy":"product_tag","embeddable":true,"href":"https:\/\/www.rukajarvensuunnanhistoriayhdistys.fi\/rukajarvikeskus\/wp-json\/wp\/v2\/product_tag?post=487"}],"curies":[{"name":"wp","href":"https:\/\/api.w.org\/{rel}","templated":true}]}}