{"id":903,"date":"2013-11-20T00:01:41","date_gmt":"2013-11-19T21:01:41","guid":{"rendered":"http:\/\/www.rukajarvensuunnanhistoriayhdistys.fi\/rukajarvikeskus\/?post_type=product&#038;p=903"},"modified":"2020-12-24T00:28:07","modified_gmt":"2020-12-23T21:28:07","slug":"rukajarven-rintaman-taidetta-jatkosodan-ajalta","status":"publish","type":"product","link":"https:\/\/www.rukajarvensuunnanhistoriayhdistys.fi\/rukajarvikeskus\/tuote\/rukajarven-rintaman-taidetta-jatkosodan-ajalta\/","title":{"rendered":"Rukaj\u00e4rven rintaman taidetta Jatkosodan ajalta"},"content":{"rendered":"<div class=\"fcbkbttn_buttons_block\" id=\"fcbkbttn_left\"><div class=\"fcbkbttn_like \"><fb:like href=\"https:\/\/www.rukajarvensuunnanhistoriayhdistys.fi\/rukajarvikeskus\/tuote\/rukajarven-rintaman-taidetta-jatkosodan-ajalta\/\" action=\"like\" colorscheme=\"light\" layout=\"button_count\"  size=\"small\"><\/fb:like><\/div><\/div><p>Rukaj\u00e4rven suunnan historiikkitoimikunta on koonnut tietoja jatkosodassa Rukaj\u00e4rven joukoissa taistelleiden taiteilijoiden rintamalla tekemist\u00e4 maalauksista, joista osa julkaistaan valokuvattuna t\u00e4ss\u00e4 kirjassa ensimm\u00e4ist\u00e4 kertaa.<\/p>\n<p>Kirjassa on valokuvia Kosti Ahosen, Bo Bjurstr\u00f6min, Sven Gr\u00f6nvallin, Kalle Halosen, Toivo Jutilan, Pentti Lehtisen ja Erkki Matilaisen maalauksista.<\/p>\n<p>Kirjassa on my\u00f6s kuvia er\u00e4ist\u00e4 puhdet\u00f6ist\u00e4.<\/p>\n<p>Kirjassa on yhteens\u00e4 yli 200 valokuvaa ja taiteilijoiden esittelyt.<\/p>\n","protected":false},"excerpt":{"rendered":"<p>Kirjassa on yli 200 valokuvaa Rukaj\u00e4rven suunnalla maalatuista taideteoksista ja er\u00e4ist\u00e4 puhdet\u00f6ist\u00e4.<\/p>\n<p>Kirjassa on my\u00f6s taitelijoiden lyhyet esittelyt.<\/p>\n<p>Kirjassa on 71 neliv\u00e4risivua.<\/p>\n<p><strong>Huom!<\/strong> Rukaj\u00e4rvikeskus l\u00e4hett\u00e4\u00e4 erillisen laskun ennen kirjan toimitusta. Kun lasku on maksettu, kirja postitetaan asiakkaalle. <a class=\"more-link\" href=\"https:\/\/www.rukajarvensuunnanhistoriayhdistys.fi\/rukajarvikeskus\/tuote\/rukajarven-rintaman-taidetta-jatkosodan-ajalta\/\">Lue lis\u00e4\u00e4&#8230;<span class=\"screen-reader-text\">Rukaj\u00e4rven rintaman taidetta Jatkosodan ajalta<\/span><span class=\"meta-nav\">\u2192<\/span><\/a><\/p>\n","protected":false},"featured_media":904,"comment_status":"closed","ping_status":"closed","template":"","meta":{"ngg_post_thumbnail":0},"product_brand":[],"product_cat":[33],"product_tag":[],"class_list":{"0":"post-903","1":"product","2":"type-product","3":"status-publish","4":"has-post-thumbnail","6":"product_cat-kirjat","8":"first","9":"instock","10":"shipping-taxable","11":"purchasable","12":"product-type-simple"},"jetpack_sharing_enabled":true,"_links":{"self":[{"href":"https:\/\/www.rukajarvensuunnanhistoriayhdistys.fi\/rukajarvikeskus\/wp-json\/wp\/v2\/product\/903","targetHints":{"allow":["GET"]}}],"collection":[{"href":"https:\/\/www.rukajarvensuunnanhistoriayhdistys.fi\/rukajarvikeskus\/wp-json\/wp\/v2\/product"}],"about":[{"href":"https:\/\/www.rukajarvensuunnanhistoriayhdistys.fi\/rukajarvikeskus\/wp-json\/wp\/v2\/types\/product"}],"replies":[{"embeddable":true,"href":"https:\/\/www.rukajarvensuunnanhistoriayhdistys.fi\/rukajarvikeskus\/wp-json\/wp\/v2\/comments?post=903"}],"wp:featuredmedia":[{"embeddable":true,"href":"https:\/\/www.rukajarvensuunnanhistoriayhdistys.fi\/rukajarvikeskus\/wp-json\/wp\/v2\/media\/904"}],"wp:attachment":[{"href":"https:\/\/www.rukajarvensuunnanhistoriayhdistys.fi\/rukajarvikeskus\/wp-json\/wp\/v2\/media?parent=903"}],"wp:term":[{"taxonomy":"product_brand","embeddable":true,"href":"https:\/\/www.rukajarvensuunnanhistoriayhdistys.fi\/rukajarvikeskus\/wp-json\/wp\/v2\/product_brand?post=903"},{"taxonomy":"product_cat","embeddable":true,"href":"https:\/\/www.rukajarvensuunnanhistoriayhdistys.fi\/rukajarvikeskus\/wp-json\/wp\/v2\/product_cat?post=903"},{"taxonomy":"product_tag","embeddable":true,"href":"https:\/\/www.rukajarvensuunnanhistoriayhdistys.fi\/rukajarvikeskus\/wp-json\/wp\/v2\/product_tag?post=903"}],"curies":[{"name":"wp","href":"https:\/\/api.w.org\/{rel}","templated":true}]}}